{"id":4753,"date":"2025-04-20T09:42:03","date_gmt":"2025-04-20T07:42:03","guid":{"rendered":"https:\/\/ofertacular.com\/index.php\/producto\/estuche-stitch\/"},"modified":"2025-04-20T09:42:03","modified_gmt":"2025-04-20T07:42:03","slug":"estuche-stitch","status":"publish","type":"product","link":"https:\/\/ofertacular.com\/index.php\/producto\/estuche-stitch\/","title":{"rendered":"Estuche Stitch"},"content":{"rendered":"<div class=\"oferta-container\">\n<p>\ud83d\udfe5 <b>\u00a1GANGAZO!<\/b> \ud83d\udfe5 #Publicidad #Amazon #16<\/p>\n<p>\ud83d\udd34 <b>Estuche Stitch <\/b><\/p>\n<p>\u2705 <b>AHORA 8.99 \u20ac<\/b> \u2714\ufe0f\ud83d\udfe1<\/p>\n<p>\u274c Antes 17.99 \u20ac<\/p>\n<p>\ud83d\uded2: <a href=\"https:\/\/btz.es\/4ITwqFx\" target=\"_blank\" rel=\"nofollow noopener\">https:\/\/btz.es\/4ITwqFx<\/a><\/p>\n<p>&#8211; MUNDO DISNEY: Contamos con la licencia oficial del maravilloso universo Disney. Todas las princesas y los personajes m\u00e1s m\u00edticos te esperan en nuestros productos originales: accesorios, ropa, calzado, papeler\u00eda, complementos \u00a1y mucho m\u00e1s!<br \/>\n&#8211; ESTUCHE DE STITCH: \u00a1Llena de diversi\u00f3n tu d\u00eda con nuestro estuche de tres compartimentos inspirado en Stitch! Equipado con un cierre de cremallera independiente, ser\u00e1 el compa\u00f1ero perfecto para sus travesuras escolares m\u00e1s traviesas.<br \/>\n&#8211; STITCH, \u00a1LOS M\u00c1S TRAVIESOS DEL COLE!: Nuestro set alien\u00edgena incluye rotuladores y l\u00e1pices para que tus hijos dibujen su propia galaxia. Tambi\u00e9n cuenta con un bol\u00edgrafo, un l\u00e1piz, una goma de borrar, un sacapuntas y una regla.<br \/>\n&#8211; MATERIALES DE CALIDAD: Dise\u00f1amos nuestras colecciones en Espa\u00f1a con la magia de Disney, utilizando materiales tan resistentes como la lealtad de Stitch hacia Lilo y su familia, \u00a1la diversi\u00f3n nunca termina!<br \/>\n&#8211; CERD\u00c1 LIFE&#8217;S LITTLE MOMENTS: Desde hace 50 a\u00f1os realizamos experimentos ic\u00f3nicos en el mundo de las licencias. Convirti\u00e9ndonos en cient\u00edficos locos, dise\u00f1amos productos para todas las edades. \u00a1Descubre nuestro cat\u00e1logo y \u00fanete a la aventura!<\/p>\n<\/p><\/div>\n","protected":false},"excerpt":{"rendered":"<p>\ud83d\udfe5 \u00a1GANGAZO! \ud83d\udfe5 #Publicidad #Amazon #16 \ud83d\udd34 Estuche Stitch \u2705 AHORA 8.99 \u20ac \u2714\ufe0f\ud83d\udfe1 \u274c Antes 17.99 \u20ac \ud83d\uded2: https:\/\/btz.es\/4ITwqFx &#8211; MUNDO DISNEY: Contamos con la licencia oficial del maravilloso universo Disney. Todas las princesas y los personajes m\u00e1s m\u00edticos te esperan en nuestros productos originales: accesorios, ropa, calzado, papeler\u00eda, complementos \u00a1y mucho m\u00e1s! &#8211; [&hellip;]<\/p>\n","protected":false},"featured_media":4752,"template":"","meta":{"_gspb_post_css":""},"store":[],"product_brand":[],"product_cat":[16],"product_tag":[],"class_list":{"0":"post-4753","1":"product","2":"type-product","3":"status-publish","4":"has-post-thumbnail","6":"product_cat-sin-categorizar","8":"first","9":"instock","10":"sale","11":"shipping-taxable","12":"product-type-external"},"jetpack_sharing_enabled":true,"_links":{"self":[{"href":"https:\/\/ofertacular.com\/index.php\/wp-json\/wp\/v2\/product\/4753","targetHints":{"allow":["GET"]}}],"collection":[{"href":"https:\/\/ofertacular.com\/index.php\/wp-json\/wp\/v2\/product"}],"about":[{"href":"https:\/\/ofertacular.com\/index.php\/wp-json\/wp\/v2\/types\/product"}],"wp:featuredmedia":[{"embeddable":true,"href":"https:\/\/ofertacular.com\/index.php\/wp-json\/wp\/v2\/media\/4752"}],"wp:attachment":[{"href":"https:\/\/ofertacular.com\/index.php\/wp-json\/wp\/v2\/media?parent=4753"}],"wp:term":[{"taxonomy":"store","embeddable":true,"href":"https:\/\/ofertacular.com\/index.php\/wp-json\/wp\/v2\/store?post=4753"},{"taxonomy":"product_brand","embeddable":true,"href":"https:\/\/ofertacular.com\/index.php\/wp-json\/wp\/v2\/product_brand?post=4753"},{"taxonomy":"product_cat","embeddable":true,"href":"https:\/\/ofertacular.com\/index.php\/wp-json\/wp\/v2\/product_cat?post=4753"},{"taxonomy":"product_tag","embeddable":true,"href":"https:\/\/ofertacular.com\/index.php\/wp-json\/wp\/v2\/product_tag?post=4753"}],"curies":[{"name":"wp","href":"https:\/\/api.w.org\/{rel}","templated":true}]}}