{"id":4763,"date":"2025-04-20T11:55:07","date_gmt":"2025-04-20T09:55:07","guid":{"rendered":"https:\/\/ofertacular.com\/index.php\/producto\/fiambreras-set\/"},"modified":"2025-04-20T11:55:07","modified_gmt":"2025-04-20T09:55:07","slug":"fiambreras-set","status":"publish","type":"product","link":"https:\/\/ofertacular.com\/index.php\/producto\/fiambreras-set\/","title":{"rendered":"Fiambreras Set"},"content":{"rendered":"<div class=\"oferta-container\">\n<p>\ud83d\udfe5 <b>DESCUENTO<\/b> \ud83d\udfe5 #Publicidad #Amazon #16<\/p>\n<p>\ud83d\udd34 <b>Set Fiambreras <\/b><\/p>\n<p>\u2705 <b>AHORA 5.13 \u20ac<\/b> \u2714\ufe0f\ud83d\udfe1<\/p>\n<p>\u274c Antes 6.59 \u20ac<\/p>\n<p>\ud83d\uded2: <a href=\"https:\/\/btz.es\/4ITTLh8\" target=\"_blank\" rel=\"nofollow noopener\">https:\/\/btz.es\/4ITTLh8<\/a><\/p>\n<p>&#8211; Set de fiambreras sin BPA: Congelar, almacenar, mantener fresco y transportar alimentos &#8211; Adecuado para dividir y servir almuerzos y almacenar peque\u00f1os utensilios<br \/>\n&#8211; Almacenamiento fiable: cierre seguro de la tapa durante la aplicaci\u00f3n, apto para uso alimentario, temperatura de servicio entre -20\u00b0 y +100\u00b0C<br \/>\n&#8211; Encajables dentro de otras y apilables sobre otras, Apertura y cierre sencillo gracias a la pesta\u00f1a en la esquina<br \/>\n&#8211; Fabricado en Europa, F\u00e1cil de limpiar: apto para lavavajillas, Apta para congelar, Pl\u00e1stico PP sin BPA ni plastificantes, Sin emisi\u00f3n de contaminantes<br \/>\n&#8211; Contenido: 1x keeeper set de 3 fiambreras, 3 x 1 l, Fredo Fresh, 30674, Dimensiones LxBxH: 15,5 x 10,5 x 11,5 cm, Color: Azul transparente<\/p>\n<\/p><\/div>\n","protected":false},"excerpt":{"rendered":"<p>\ud83d\udfe5 DESCUENTO \ud83d\udfe5 #Publicidad #Amazon #16 \ud83d\udd34 Set Fiambreras \u2705 AHORA 5.13 \u20ac \u2714\ufe0f\ud83d\udfe1 \u274c Antes 6.59 \u20ac \ud83d\uded2: https:\/\/btz.es\/4ITTLh8 &#8211; Set de fiambreras sin BPA: Congelar, almacenar, mantener fresco y transportar alimentos &#8211; Adecuado para dividir y servir almuerzos y almacenar peque\u00f1os utensilios &#8211; Almacenamiento fiable: cierre seguro de la tapa durante la aplicaci\u00f3n, [&hellip;]<\/p>\n","protected":false},"featured_media":4762,"template":"","meta":{"_gspb_post_css":""},"store":[],"product_brand":[],"product_cat":[16],"product_tag":[],"class_list":{"0":"post-4763","1":"product","2":"type-product","3":"status-publish","4":"has-post-thumbnail","6":"product_cat-sin-categorizar","8":"first","9":"instock","10":"sale","11":"shipping-taxable","12":"product-type-external"},"jetpack_sharing_enabled":true,"_links":{"self":[{"href":"https:\/\/ofertacular.com\/index.php\/wp-json\/wp\/v2\/product\/4763","targetHints":{"allow":["GET"]}}],"collection":[{"href":"https:\/\/ofertacular.com\/index.php\/wp-json\/wp\/v2\/product"}],"about":[{"href":"https:\/\/ofertacular.com\/index.php\/wp-json\/wp\/v2\/types\/product"}],"wp:featuredmedia":[{"embeddable":true,"href":"https:\/\/ofertacular.com\/index.php\/wp-json\/wp\/v2\/media\/4762"}],"wp:attachment":[{"href":"https:\/\/ofertacular.com\/index.php\/wp-json\/wp\/v2\/media?parent=4763"}],"wp:term":[{"taxonomy":"store","embeddable":true,"href":"https:\/\/ofertacular.com\/index.php\/wp-json\/wp\/v2\/store?post=4763"},{"taxonomy":"product_brand","embeddable":true,"href":"https:\/\/ofertacular.com\/index.php\/wp-json\/wp\/v2\/product_brand?post=4763"},{"taxonomy":"product_cat","embeddable":true,"href":"https:\/\/ofertacular.com\/index.php\/wp-json\/wp\/v2\/product_cat?post=4763"},{"taxonomy":"product_tag","embeddable":true,"href":"https:\/\/ofertacular.com\/index.php\/wp-json\/wp\/v2\/product_tag?post=4763"}],"curies":[{"name":"wp","href":"https:\/\/api.w.org\/{rel}","templated":true}]}}