{"id":4767,"date":"2025-04-20T11:59:17","date_gmt":"2025-04-20T09:59:17","guid":{"rendered":"https:\/\/ofertacular.com\/index.php\/producto\/lego-mclaren\/"},"modified":"2025-04-20T11:59:17","modified_gmt":"2025-04-20T09:59:17","slug":"lego-mclaren","status":"publish","type":"product","link":"https:\/\/ofertacular.com\/index.php\/producto\/lego-mclaren\/","title":{"rendered":"LEGO McLaren"},"content":{"rendered":"<div class=\"oferta-container\">\n<p>\ud83d\udfe5 <b>GRAN OFERTA<\/b> \ud83d\udfe5 #Publicidad #Amazon #787<\/p>\n<p>\ud83d\udd34 <b>LEGO McLaren <\/b><\/p>\n<p>\u2705 <b>AHORA 20.24 \u20ac<\/b> \u2714\ufe0f\ud83d\udfe1<\/p>\n<p>\u274c Antes 26.99 \u20ac<\/p>\n<p>\ud83d\uded2: <a href=\"https:\/\/btz.es\/4ITUPlq\" target=\"_blank\" rel=\"nofollow noopener\">https:\/\/btz.es\/4ITUPlq<\/a><\/p>\n<p>&#8211; Coche de F\u00f3rmula 1 de juguete McLaren F1 Team: Set LEGO Speed Champions Coche de Carreras McLaren F1 Team MCL38 para ni\u00f1os y ni\u00f1as a partir de 10 a\u00f1os, dise\u00f1ado para construir, exponer y competir<br \/>\n&#8211; 1 minifigura LEGO: El coche de F1 incluye tambi\u00e9n una minifigura de un piloto de F1 con traje de competici\u00f3n de McLaren y casco que los peques pueden colocar en el habit\u00e1culo para imaginar que disputan trepidantes carreras de coches de F\u00f3rmula 1<br \/>\n&#8211; Coche F1 LEGO McLaren F1 Team: Este coche F1 McLaren reproduce detalles de dise\u00f1o de la versi\u00f3n de 2024, como halo, aler\u00f3n trasero, pegatinas de los patrocinadores y neum\u00e1ticos traseros m\u00e1s anchos con la inscripci\u00f3n \u201cPirelli\u201d<br \/>\n&#8211; M\u00e1s acci\u00f3n con los coches de F\u00f3rmula 1 de juguete: Descubre m\u00e1s juguetes de construcci\u00f3n LEGO de coches de F1 a la venta por separado para construir, exponer y competir con toda la familia<br \/>\n&#8211; Maqueta de coche de F\u00f3rmula 1 como decoraci\u00f3n del dormitorio: Despu\u00e9s de divertirse interpretando historias en el circuito con el coche de F1 de juguete, los ni\u00f1os pueden exponerlo en un estante o en la mesita de noche<br \/>\n&#8211; Regalo para ni\u00f1os y ni\u00f1as de 10 a\u00f1os o m\u00e1s: Este trepidante coche de F\u00f3rmula 1 de juguete es un gran regalo LEGO para mayores de 10 a\u00f1os, fans de la F\u00f3rmula 1 y coleccionistas adultos de maquetas de coches<\/p>\n<\/p><\/div>\n","protected":false},"excerpt":{"rendered":"<p>\ud83d\udfe5 GRAN OFERTA \ud83d\udfe5 #Publicidad #Amazon #787 \ud83d\udd34 LEGO McLaren \u2705 AHORA 20.24 \u20ac \u2714\ufe0f\ud83d\udfe1 \u274c Antes 26.99 \u20ac \ud83d\uded2: https:\/\/btz.es\/4ITUPlq &#8211; Coche de F\u00f3rmula 1 de juguete McLaren F1 Team: Set LEGO Speed Champions Coche de Carreras McLaren F1 Team MCL38 para ni\u00f1os y ni\u00f1as a partir de 10 a\u00f1os, dise\u00f1ado para construir, exponer [&hellip;]<\/p>\n","protected":false},"featured_media":4766,"template":"","meta":{"_gspb_post_css":""},"store":[],"product_brand":[],"product_cat":[16],"product_tag":[],"class_list":{"0":"post-4767","1":"product","2":"type-product","3":"status-publish","4":"has-post-thumbnail","6":"product_cat-sin-categorizar","8":"first","9":"instock","10":"sale","11":"shipping-taxable","12":"product-type-external"},"jetpack_sharing_enabled":true,"_links":{"self":[{"href":"https:\/\/ofertacular.com\/index.php\/wp-json\/wp\/v2\/product\/4767","targetHints":{"allow":["GET"]}}],"collection":[{"href":"https:\/\/ofertacular.com\/index.php\/wp-json\/wp\/v2\/product"}],"about":[{"href":"https:\/\/ofertacular.com\/index.php\/wp-json\/wp\/v2\/types\/product"}],"wp:featuredmedia":[{"embeddable":true,"href":"https:\/\/ofertacular.com\/index.php\/wp-json\/wp\/v2\/media\/4766"}],"wp:attachment":[{"href":"https:\/\/ofertacular.com\/index.php\/wp-json\/wp\/v2\/media?parent=4767"}],"wp:term":[{"taxonomy":"store","embeddable":true,"href":"https:\/\/ofertacular.com\/index.php\/wp-json\/wp\/v2\/store?post=4767"},{"taxonomy":"product_brand","embeddable":true,"href":"https:\/\/ofertacular.com\/index.php\/wp-json\/wp\/v2\/product_brand?post=4767"},{"taxonomy":"product_cat","embeddable":true,"href":"https:\/\/ofertacular.com\/index.php\/wp-json\/wp\/v2\/product_cat?post=4767"},{"taxonomy":"product_tag","embeddable":true,"href":"https:\/\/ofertacular.com\/index.php\/wp-json\/wp\/v2\/product_tag?post=4767"}],"curies":[{"name":"wp","href":"https:\/\/api.w.org\/{rel}","templated":true}]}}