{"id":4779,"date":"2025-04-21T13:32:15","date_gmt":"2025-04-21T11:32:15","guid":{"rendered":"https:\/\/ofertacular.com\/index.php\/producto\/veet-recortadora\/"},"modified":"2025-04-21T13:32:15","modified_gmt":"2025-04-21T11:32:15","slug":"veet-recortadora","status":"publish","type":"product","link":"https:\/\/ofertacular.com\/index.php\/producto\/veet-recortadora\/","title":{"rendered":"Veet Recortadora"},"content":{"rendered":"<div class=\"oferta-container\">\n<p>\ud83d\udfe5 <b>\u00a1GANGAZO!<\/b> \ud83d\udfe5 #Publicidad #Amazon #16<\/p>\n<p>\ud83d\udd34 <b>Recortadora Veet <\/b><\/p>\n<p>\u2705 <b>AHORA 22.42 \u20ac<\/b> \u2714\ufe0f\ud83d\udfe1<\/p>\n<p>\u274c Antes 29.90 \u20ac<\/p>\n<p>\ud83d\uded2: <a href=\"https:\/\/btz.es\/4JaiKRQ\" target=\"_blank\" rel=\"nofollow noopener\">https:\/\/btz.es\/4JaiKRQ<\/a><\/p>\n<p>&#8211; El embalaje puede variar<br \/>\n&#8211; Recortadora todo en uno: para cara y cejas, brazos, axilas y zona del bikini completa.<br \/>\n&#8211; Recorta suavemente y da forma con precision.<br \/>\n&#8211; Resistente al agua: adecuado para su uso tanto en piel h\u00fameda como seca, en el b\u00e1\u00f1o o bajo la ducha.<br \/>\n&#8211; Incluye 2 cabezales: un cabezal para rostro y cejas, con un peine de 2-4 mm, y otro cabezal para el cuerpo y la zona del bikini, con un peine de 2 mm y otro de 4 mm.<br \/>\n&#8211; Recargable: incluye una bater\u00eda recargable con USB y una bolsa para guardarlo.<\/p>\n<\/p><\/div>\n","protected":false},"excerpt":{"rendered":"<p>\ud83d\udfe5 \u00a1GANGAZO! \ud83d\udfe5 #Publicidad #Amazon #16 \ud83d\udd34 Recortadora Veet \u2705 AHORA 22.42 \u20ac \u2714\ufe0f\ud83d\udfe1 \u274c Antes 29.90 \u20ac \ud83d\uded2: https:\/\/btz.es\/4JaiKRQ &#8211; El embalaje puede variar &#8211; Recortadora todo en uno: para cara y cejas, brazos, axilas y zona del bikini completa. &#8211; Recorta suavemente y da forma con precision. &#8211; Resistente al agua: adecuado para [&hellip;]<\/p>\n","protected":false},"featured_media":4778,"template":"","meta":{"_gspb_post_css":""},"store":[],"product_brand":[],"product_cat":[16],"product_tag":[],"class_list":{"0":"post-4779","1":"product","2":"type-product","3":"status-publish","4":"has-post-thumbnail","6":"product_cat-sin-categorizar","8":"first","9":"instock","10":"sale","11":"shipping-taxable","12":"product-type-external"},"jetpack_sharing_enabled":true,"_links":{"self":[{"href":"https:\/\/ofertacular.com\/index.php\/wp-json\/wp\/v2\/product\/4779","targetHints":{"allow":["GET"]}}],"collection":[{"href":"https:\/\/ofertacular.com\/index.php\/wp-json\/wp\/v2\/product"}],"about":[{"href":"https:\/\/ofertacular.com\/index.php\/wp-json\/wp\/v2\/types\/product"}],"wp:featuredmedia":[{"embeddable":true,"href":"https:\/\/ofertacular.com\/index.php\/wp-json\/wp\/v2\/media\/4778"}],"wp:attachment":[{"href":"https:\/\/ofertacular.com\/index.php\/wp-json\/wp\/v2\/media?parent=4779"}],"wp:term":[{"taxonomy":"store","embeddable":true,"href":"https:\/\/ofertacular.com\/index.php\/wp-json\/wp\/v2\/store?post=4779"},{"taxonomy":"product_brand","embeddable":true,"href":"https:\/\/ofertacular.com\/index.php\/wp-json\/wp\/v2\/product_brand?post=4779"},{"taxonomy":"product_cat","embeddable":true,"href":"https:\/\/ofertacular.com\/index.php\/wp-json\/wp\/v2\/product_cat?post=4779"},{"taxonomy":"product_tag","embeddable":true,"href":"https:\/\/ofertacular.com\/index.php\/wp-json\/wp\/v2\/product_tag?post=4779"}],"curies":[{"name":"wp","href":"https:\/\/api.w.org\/{rel}","templated":true}]}}