{"id":4783,"date":"2025-04-21T13:39:38","date_gmt":"2025-04-21T11:39:38","guid":{"rendered":"https:\/\/ofertacular.com\/index.php\/producto\/nenuco-muneco\/"},"modified":"2025-04-21T13:39:38","modified_gmt":"2025-04-21T11:39:38","slug":"nenuco-muneco","status":"publish","type":"product","link":"https:\/\/ofertacular.com\/index.php\/producto\/nenuco-muneco\/","title":{"rendered":"Nenuco Mu\u00f1eco"},"content":{"rendered":"<div class=\"oferta-container\">\n<p>\ud83d\udfe5 <b>\u00a1OFERT\u00d3N!<\/b> \ud83d\udfe5 #Publicidad #Amazon #5<\/p>\n<p>\ud83d\udd34 <b>Mu\u00f1eco Nenuco <\/b><\/p>\n<p>\u2705 <b>AHORA 11.19 \u20ac<\/b> \u2714\ufe0f\ud83d\udfe1<\/p>\n<p>\u274c Antes 20.99 \u20ac<\/p>\n<p>\ud83d\uded2: <a href=\"https:\/\/btz.es\/4JakBRQ\" target=\"_blank\" rel=\"nofollow noopener\">https:\/\/btz.es\/4JakBRQ<\/a><\/p>\n<p>&#8211; Mu\u00f1eco balandito con funciones para una experiencia sensorial adaptada a los m\u00e1s peque\u00f1os<br \/>\n&#8211; Si aprietas sus manitas dice pa-pa o ma-ma, si aprietas su barriguita se reir\u00e1<br \/>\n&#8211; Si le das su chupete har\u00e1 sonidos, pero si se lo quitas se pondr\u00e1 a llorar<br \/>\n&#8211; Adem\u00e1s, puede meterse el dedo en la boca como los beb\u00e9s de verdad<br \/>\n&#8211; Lleva un rosa vestido con decoraciones de animalitos y gorrito a juego<\/p>\n<\/p><\/div>\n","protected":false},"excerpt":{"rendered":"<p>\ud83d\udfe5 \u00a1OFERT\u00d3N! \ud83d\udfe5 #Publicidad #Amazon #5 \ud83d\udd34 Mu\u00f1eco Nenuco \u2705 AHORA 11.19 \u20ac \u2714\ufe0f\ud83d\udfe1 \u274c Antes 20.99 \u20ac \ud83d\uded2: https:\/\/btz.es\/4JakBRQ &#8211; Mu\u00f1eco balandito con funciones para una experiencia sensorial adaptada a los m\u00e1s peque\u00f1os &#8211; Si aprietas sus manitas dice pa-pa o ma-ma, si aprietas su barriguita se reir\u00e1 &#8211; Si le das su chupete [&hellip;]<\/p>\n","protected":false},"featured_media":4782,"template":"","meta":{"_gspb_post_css":""},"store":[],"product_brand":[],"product_cat":[16],"product_tag":[],"class_list":{"0":"post-4783","1":"product","2":"type-product","3":"status-publish","4":"has-post-thumbnail","6":"product_cat-sin-categorizar","8":"first","9":"instock","10":"sale","11":"shipping-taxable","12":"product-type-external"},"jetpack_sharing_enabled":true,"_links":{"self":[{"href":"https:\/\/ofertacular.com\/index.php\/wp-json\/wp\/v2\/product\/4783","targetHints":{"allow":["GET"]}}],"collection":[{"href":"https:\/\/ofertacular.com\/index.php\/wp-json\/wp\/v2\/product"}],"about":[{"href":"https:\/\/ofertacular.com\/index.php\/wp-json\/wp\/v2\/types\/product"}],"wp:featuredmedia":[{"embeddable":true,"href":"https:\/\/ofertacular.com\/index.php\/wp-json\/wp\/v2\/media\/4782"}],"wp:attachment":[{"href":"https:\/\/ofertacular.com\/index.php\/wp-json\/wp\/v2\/media?parent=4783"}],"wp:term":[{"taxonomy":"store","embeddable":true,"href":"https:\/\/ofertacular.com\/index.php\/wp-json\/wp\/v2\/store?post=4783"},{"taxonomy":"product_brand","embeddable":true,"href":"https:\/\/ofertacular.com\/index.php\/wp-json\/wp\/v2\/product_brand?post=4783"},{"taxonomy":"product_cat","embeddable":true,"href":"https:\/\/ofertacular.com\/index.php\/wp-json\/wp\/v2\/product_cat?post=4783"},{"taxonomy":"product_tag","embeddable":true,"href":"https:\/\/ofertacular.com\/index.php\/wp-json\/wp\/v2\/product_tag?post=4783"}],"curies":[{"name":"wp","href":"https:\/\/api.w.org\/{rel}","templated":true}]}}