{"id":4787,"date":"2025-04-21T13:43:06","date_gmt":"2025-04-21T11:43:06","guid":{"rendered":"https:\/\/ofertacular.com\/index.php\/producto\/babaria-solar\/"},"modified":"2025-04-21T13:43:06","modified_gmt":"2025-04-21T11:43:06","slug":"babaria-solar","status":"publish","type":"product","link":"https:\/\/ofertacular.com\/index.php\/producto\/babaria-solar\/","title":{"rendered":"Babaria Solar"},"content":{"rendered":"<div class=\"oferta-container\">\n<p>\ud83d\udfe5 <b>GRAN OFERTA<\/b> \ud83d\udfe5 #Publicidad #Amazon #16<\/p>\n<p>\ud83d\udd34 <b>Protecci\u00f3n Solar <\/b><\/p>\n<p>\u2705 <b>AHORA 6.25 \u20ac<\/b> \u2714\ufe0f\ud83d\udfe1<\/p>\n<p>\u274c Antes 8.99 \u20ac<\/p>\n<p>\ud83d\uded2: <a href=\"https:\/\/btz.es\/4Jal3UC\" target=\"_blank\" rel=\"nofollow noopener\">https:\/\/btz.es\/4Jal3UC<\/a><\/p>\n<p>&#8211; PROTECTOR SOLAR FACIAL 50: La crema solar facial 50+ de Babaria es un potente bloqueador solar facial contra los rayos UVA &#8211; UVB &#8211; infrarrojos.<br \/>\n&#8211; ANTIEDAD: Con ingredientes que combaten el envejecimiento, el protector solar Facial 50 de Babaria ayuda a reducir visiblemente las arrugas y l\u00edneas de expresi\u00f3n. Esta proteccion solar 50 facial esta indicada para cara, cuello y escote.<br \/>\n&#8211; HIDRATACI\u00d3N Y NUTRICI\u00d3N: Formulada con Aloe Vera, esta crema solar facial 50 ni\u00f1os y adultos hidrata profundamente mientras act\u00faa como protector solar 50 en tu piel.<br \/>\n&#8211; TEXTURA LIGERA Y RESISTENTE AL SUDOR Y AL AGUA: Es un protector solar facial con textura ligera. que deja tu piel suave y fresca sin residuos pesados. Crema protectora solar 50 facial indicada para verano e invierno.<br \/>\n&#8211; TODO TIPO DE PIELES: Nuestra crema solar facial ni\u00f1os y adultos es ideal para todo tipo de pieles. Este crema solar cara se debe aplicar uniformemente antes de la exposici\u00f3n Solar, de esta forma servir\u00e1 como protector solar cara y como antimanchas facial.<\/p>\n<\/p><\/div>\n","protected":false},"excerpt":{"rendered":"<p>\ud83d\udfe5 GRAN OFERTA \ud83d\udfe5 #Publicidad #Amazon #16 \ud83d\udd34 Protecci\u00f3n Solar \u2705 AHORA 6.25 \u20ac \u2714\ufe0f\ud83d\udfe1 \u274c Antes 8.99 \u20ac \ud83d\uded2: https:\/\/btz.es\/4Jal3UC &#8211; PROTECTOR SOLAR FACIAL 50: La crema solar facial 50+ de Babaria es un potente bloqueador solar facial contra los rayos UVA &#8211; UVB &#8211; infrarrojos. &#8211; ANTIEDAD: Con ingredientes que combaten el envejecimiento, [&hellip;]<\/p>\n","protected":false},"featured_media":4786,"template":"","meta":{"_gspb_post_css":""},"store":[],"product_brand":[],"product_cat":[16],"product_tag":[],"class_list":{"0":"post-4787","1":"product","2":"type-product","3":"status-publish","4":"has-post-thumbnail","6":"product_cat-sin-categorizar","8":"first","9":"instock","10":"sale","11":"shipping-taxable","12":"product-type-external"},"jetpack_sharing_enabled":true,"_links":{"self":[{"href":"https:\/\/ofertacular.com\/index.php\/wp-json\/wp\/v2\/product\/4787","targetHints":{"allow":["GET"]}}],"collection":[{"href":"https:\/\/ofertacular.com\/index.php\/wp-json\/wp\/v2\/product"}],"about":[{"href":"https:\/\/ofertacular.com\/index.php\/wp-json\/wp\/v2\/types\/product"}],"wp:featuredmedia":[{"embeddable":true,"href":"https:\/\/ofertacular.com\/index.php\/wp-json\/wp\/v2\/media\/4786"}],"wp:attachment":[{"href":"https:\/\/ofertacular.com\/index.php\/wp-json\/wp\/v2\/media?parent=4787"}],"wp:term":[{"taxonomy":"store","embeddable":true,"href":"https:\/\/ofertacular.com\/index.php\/wp-json\/wp\/v2\/store?post=4787"},{"taxonomy":"product_brand","embeddable":true,"href":"https:\/\/ofertacular.com\/index.php\/wp-json\/wp\/v2\/product_brand?post=4787"},{"taxonomy":"product_cat","embeddable":true,"href":"https:\/\/ofertacular.com\/index.php\/wp-json\/wp\/v2\/product_cat?post=4787"},{"taxonomy":"product_tag","embeddable":true,"href":"https:\/\/ofertacular.com\/index.php\/wp-json\/wp\/v2\/product_tag?post=4787"}],"curies":[{"name":"wp","href":"https:\/\/api.w.org\/{rel}","templated":true}]}}