{"id":4799,"date":"2025-04-22T08:02:37","date_gmt":"2025-04-22T06:02:37","guid":{"rendered":"https:\/\/ofertacular.com\/index.php\/producto\/solaz-chardonnay\/"},"modified":"2025-04-22T08:02:37","modified_gmt":"2025-04-22T06:02:37","slug":"solaz-chardonnay","status":"publish","type":"product","link":"https:\/\/ofertacular.com\/index.php\/producto\/solaz-chardonnay\/","title":{"rendered":"Solaz Chardonnay"},"content":{"rendered":"<div class=\"oferta-container\">\n<p>\ud83d\udfe5 <b>DESCUENTO<\/b> \ud83d\udfe5 #Publicidad #Amazon #16<\/p>\n<p>\ud83d\udd34 <b>Vino Chardonnay <\/b><\/p>\n<p>\u2705 <b>AHORA 17.99 \u20ac<\/b> \u2714\ufe0f\ud83d\udfe1<\/p>\n<p>\u274c Antes 24.63 \u20ac<\/p>\n<p>\ud83d\uded2: <a href=\"https:\/\/btz.es\/4JeEsgZ\" target=\"_blank\" rel=\"nofollow noopener\">https:\/\/btz.es\/4JeEsgZ<\/a><\/p>\n<p>&#8211; La gama Solaz se compone de vinos afrutados y modernos, perfectos trasmisores del car\u00e1cter de nuestro vi\u00f1edo familiar<br \/>\n&#8211; Los vi\u00f1edos de Solaz est\u00e1n ubicados en el municipio de Malpica del Tajo Toledo, dentro de la indicaci\u00f3n Geogr\u00e1fica Protegida IGP Vinos de la Tierra de Castilla<br \/>\n&#8211; Uvas vendimiadas aprovechando las bajas temperaturas de la noche; fermentando a temperatura controlada de 14\u00baC<br \/>\n&#8211; Apariencia: De color amarillo pajizo, con reflejos verdosos, brillante<br \/>\n&#8211; En nariz, intenso con aromas herb\u00e1ceos frescos con buen equilibrio de fruta y notas tropicales; en boca es sabroso con viva acidez; final persistente y afrutado<\/p>\n<\/p><\/div>\n","protected":false},"excerpt":{"rendered":"<p>\ud83d\udfe5 DESCUENTO \ud83d\udfe5 #Publicidad #Amazon #16 \ud83d\udd34 Vino Chardonnay \u2705 AHORA 17.99 \u20ac \u2714\ufe0f\ud83d\udfe1 \u274c Antes 24.63 \u20ac \ud83d\uded2: https:\/\/btz.es\/4JeEsgZ &#8211; La gama Solaz se compone de vinos afrutados y modernos, perfectos trasmisores del car\u00e1cter de nuestro vi\u00f1edo familiar &#8211; Los vi\u00f1edos de Solaz est\u00e1n ubicados en el municipio de Malpica del Tajo Toledo, dentro [&hellip;]<\/p>\n","protected":false},"featured_media":4798,"template":"","meta":{"_gspb_post_css":""},"store":[],"product_brand":[],"product_cat":[16],"product_tag":[],"class_list":{"0":"post-4799","1":"product","2":"type-product","3":"status-publish","4":"has-post-thumbnail","6":"product_cat-sin-categorizar","8":"first","9":"instock","10":"sale","11":"shipping-taxable","12":"product-type-external"},"jetpack_sharing_enabled":true,"_links":{"self":[{"href":"https:\/\/ofertacular.com\/index.php\/wp-json\/wp\/v2\/product\/4799","targetHints":{"allow":["GET"]}}],"collection":[{"href":"https:\/\/ofertacular.com\/index.php\/wp-json\/wp\/v2\/product"}],"about":[{"href":"https:\/\/ofertacular.com\/index.php\/wp-json\/wp\/v2\/types\/product"}],"wp:featuredmedia":[{"embeddable":true,"href":"https:\/\/ofertacular.com\/index.php\/wp-json\/wp\/v2\/media\/4798"}],"wp:attachment":[{"href":"https:\/\/ofertacular.com\/index.php\/wp-json\/wp\/v2\/media?parent=4799"}],"wp:term":[{"taxonomy":"store","embeddable":true,"href":"https:\/\/ofertacular.com\/index.php\/wp-json\/wp\/v2\/store?post=4799"},{"taxonomy":"product_brand","embeddable":true,"href":"https:\/\/ofertacular.com\/index.php\/wp-json\/wp\/v2\/product_brand?post=4799"},{"taxonomy":"product_cat","embeddable":true,"href":"https:\/\/ofertacular.com\/index.php\/wp-json\/wp\/v2\/product_cat?post=4799"},{"taxonomy":"product_tag","embeddable":true,"href":"https:\/\/ofertacular.com\/index.php\/wp-json\/wp\/v2\/product_tag?post=4799"}],"curies":[{"name":"wp","href":"https:\/\/api.w.org\/{rel}","templated":true}]}}