{"id":4809,"date":"2025-04-22T08:27:15","date_gmt":"2025-04-22T06:27:15","guid":{"rendered":"https:\/\/ofertacular.com\/index.php\/producto\/campofiorin-2020\/"},"modified":"2025-04-22T08:27:15","modified_gmt":"2025-04-22T06:27:15","slug":"campofiorin-2020","status":"publish","type":"product","link":"https:\/\/ofertacular.com\/index.php\/producto\/campofiorin-2020\/","title":{"rendered":"CampoFiorin 2020"},"content":{"rendered":"<div class=\"oferta-container\">\n<p>\ud83d\udfe5 <b>DESCUENTAZO<\/b> \ud83d\udfe5 #Publicidad #Amazon #16<\/p>\n<p>\ud83d\udd34 <b>Vino CampoFiorin <\/b><\/p>\n<p>\u2705 <b>AHORA 12.58 \u20ac<\/b> \u2714\ufe0f\ud83d\udfe1<\/p>\n<p>\u274c Antes 20.90 \u20ac<\/p>\n<p>\ud83d\uded2: <a href=\"https:\/\/btz.es\/4JeK4Mf\" target=\"_blank\" rel=\"nofollow noopener\">https:\/\/btz.es\/4JeK4Mf<\/a><\/p>\n<p>&#8211; CAMPOFIORIN | Rico, redondo y aterciopelado, pero cordial y ecl\u00e9ctico es el original Supervenetian de Masi nacido en 1964, creador de una nueva categor\u00eda de vinos v\u00e9netos inspirados en la t\u00e9cnica de Amarone.<br \/>\n&#8211; T\u00c9CNICA | El s\u00edmbolo Masi Expertise Appaxximento certifica en la etiqueta la especializaci\u00f3n de Masi en el Marchitamiento, el proceso de deshidrataci\u00f3n parcial natural de las uvas para obtener en el vino una mayor concentraci\u00f3n de colores, perfumes y sabores.<br \/>\n&#8211; VITIGNI | El \u00e1rea de Veronese cuenta con un patrimonio extraordinario rico en variedades de uva. Con el tiempo, tres de ellas jugaron un papel importante en la producci\u00f3n de los vinos de Valpolicella: Corvina, Rondinella y Molinara. e la Molinara.<br \/>\n&#8211; NOTA DE CATA | Aspecto, rojo rub\u00ed muy intenso. Olfato, fruta cocida, ciruela y cereza. Paladar, notas afrutadas, con notas de caf\u00e9 y cacao. Muy equilibrado.<br \/>\n&#8211; MARIDAJE | Vino de rara ecl\u00e9cticidad. Se combina con pastas con salsas ricas en carne o setas; carnes rojas importantes, asadas o asadas, y caza. Ideal con quesos curados.<\/p>\n<\/p><\/div>\n","protected":false},"excerpt":{"rendered":"<p>\ud83d\udfe5 DESCUENTAZO \ud83d\udfe5 #Publicidad #Amazon #16 \ud83d\udd34 Vino CampoFiorin \u2705 AHORA 12.58 \u20ac \u2714\ufe0f\ud83d\udfe1 \u274c Antes 20.90 \u20ac \ud83d\uded2: https:\/\/btz.es\/4JeK4Mf &#8211; CAMPOFIORIN | Rico, redondo y aterciopelado, pero cordial y ecl\u00e9ctico es el original Supervenetian de Masi nacido en 1964, creador de una nueva categor\u00eda de vinos v\u00e9netos inspirados en la t\u00e9cnica de Amarone. &#8211; [&hellip;]<\/p>\n","protected":false},"featured_media":4808,"template":"","meta":{"_gspb_post_css":""},"store":[],"product_brand":[],"product_cat":[16],"product_tag":[],"class_list":{"0":"post-4809","1":"product","2":"type-product","3":"status-publish","4":"has-post-thumbnail","6":"product_cat-sin-categorizar","8":"first","9":"instock","10":"sale","11":"shipping-taxable","12":"product-type-external"},"jetpack_sharing_enabled":true,"_links":{"self":[{"href":"https:\/\/ofertacular.com\/index.php\/wp-json\/wp\/v2\/product\/4809","targetHints":{"allow":["GET"]}}],"collection":[{"href":"https:\/\/ofertacular.com\/index.php\/wp-json\/wp\/v2\/product"}],"about":[{"href":"https:\/\/ofertacular.com\/index.php\/wp-json\/wp\/v2\/types\/product"}],"wp:featuredmedia":[{"embeddable":true,"href":"https:\/\/ofertacular.com\/index.php\/wp-json\/wp\/v2\/media\/4808"}],"wp:attachment":[{"href":"https:\/\/ofertacular.com\/index.php\/wp-json\/wp\/v2\/media?parent=4809"}],"wp:term":[{"taxonomy":"store","embeddable":true,"href":"https:\/\/ofertacular.com\/index.php\/wp-json\/wp\/v2\/store?post=4809"},{"taxonomy":"product_brand","embeddable":true,"href":"https:\/\/ofertacular.com\/index.php\/wp-json\/wp\/v2\/product_brand?post=4809"},{"taxonomy":"product_cat","embeddable":true,"href":"https:\/\/ofertacular.com\/index.php\/wp-json\/wp\/v2\/product_cat?post=4809"},{"taxonomy":"product_tag","embeddable":true,"href":"https:\/\/ofertacular.com\/index.php\/wp-json\/wp\/v2\/product_tag?post=4809"}],"curies":[{"name":"wp","href":"https:\/\/api.w.org\/{rel}","templated":true}]}}