{"id":4811,"date":"2025-04-22T08:28:10","date_gmt":"2025-04-22T06:28:10","guid":{"rendered":"https:\/\/ofertacular.com\/index.php\/producto\/adidas-shoes-4\/"},"modified":"2025-04-22T08:28:10","modified_gmt":"2025-04-22T06:28:10","slug":"adidas-shoes-4","status":"publish","type":"product","link":"https:\/\/ofertacular.com\/index.php\/producto\/adidas-shoes-4\/","title":{"rendered":"adidas Shoes"},"content":{"rendered":"<div class=\"oferta-container\">\n<p>\ud83d\udfe5 <b>CHOLLAZO<\/b> \ud83d\udfe5 #Publicidad #Amazon #16<\/p>\n<p>\ud83d\udd34 <b>Zapatos adidas <\/b><\/p>\n<p>\u2705 <b>AHORA 33.1 \u20ac<\/b> \u2714\ufe0f\ud83d\udfe1<\/p>\n<p>\u274c Antes 55.00 \u20ac<\/p>\n<p>\ud83d\uded2: <a href=\"https:\/\/btz.es\/4JeKIXC\" target=\"_blank\" rel=\"nofollow noopener\">https:\/\/btz.es\/4JeKIXC<\/a><\/p>\n<p>&#8211; Horma cl\u00e1sica<br \/>\n&#8211; Parte de nobuk sint\u00e9tico<br \/>\n&#8211; Tirador de tela en el tal\u00f3n<br \/>\n&#8211; Suela de goma de aspecto vulcanizado<\/p>\n<\/p><\/div>\n","protected":false},"excerpt":{"rendered":"<p>\ud83d\udfe5 CHOLLAZO \ud83d\udfe5 #Publicidad #Amazon #16 \ud83d\udd34 Zapatos adidas \u2705 AHORA 33.1 \u20ac \u2714\ufe0f\ud83d\udfe1 \u274c Antes 55.00 \u20ac \ud83d\uded2: https:\/\/btz.es\/4JeKIXC &#8211; Horma cl\u00e1sica &#8211; Parte de nobuk sint\u00e9tico &#8211; Tirador de tela en el tal\u00f3n &#8211; Suela de goma de aspecto vulcanizado<\/p>\n","protected":false},"featured_media":4810,"template":"","meta":{"_gspb_post_css":""},"store":[],"product_brand":[],"product_cat":[16],"product_tag":[],"class_list":{"0":"post-4811","1":"product","2":"type-product","3":"status-publish","4":"has-post-thumbnail","6":"product_cat-sin-categorizar","8":"first","9":"instock","10":"sale","11":"shipping-taxable","12":"product-type-external"},"jetpack_sharing_enabled":true,"_links":{"self":[{"href":"https:\/\/ofertacular.com\/index.php\/wp-json\/wp\/v2\/product\/4811","targetHints":{"allow":["GET"]}}],"collection":[{"href":"https:\/\/ofertacular.com\/index.php\/wp-json\/wp\/v2\/product"}],"about":[{"href":"https:\/\/ofertacular.com\/index.php\/wp-json\/wp\/v2\/types\/product"}],"wp:featuredmedia":[{"embeddable":true,"href":"https:\/\/ofertacular.com\/index.php\/wp-json\/wp\/v2\/media\/4810"}],"wp:attachment":[{"href":"https:\/\/ofertacular.com\/index.php\/wp-json\/wp\/v2\/media?parent=4811"}],"wp:term":[{"taxonomy":"store","embeddable":true,"href":"https:\/\/ofertacular.com\/index.php\/wp-json\/wp\/v2\/store?post=4811"},{"taxonomy":"product_brand","embeddable":true,"href":"https:\/\/ofertacular.com\/index.php\/wp-json\/wp\/v2\/product_brand?post=4811"},{"taxonomy":"product_cat","embeddable":true,"href":"https:\/\/ofertacular.com\/index.php\/wp-json\/wp\/v2\/product_cat?post=4811"},{"taxonomy":"product_tag","embeddable":true,"href":"https:\/\/ofertacular.com\/index.php\/wp-json\/wp\/v2\/product_tag?post=4811"}],"curies":[{"name":"wp","href":"https:\/\/api.w.org\/{rel}","templated":true}]}}