{"id":4813,"date":"2025-04-22T08:30:17","date_gmt":"2025-04-22T06:30:17","guid":{"rendered":"https:\/\/ofertacular.com\/index.php\/producto\/oreo-galletas\/"},"modified":"2025-04-22T08:30:17","modified_gmt":"2025-04-22T06:30:17","slug":"oreo-galletas","status":"publish","type":"product","link":"https:\/\/ofertacular.com\/index.php\/producto\/oreo-galletas\/","title":{"rendered":"Oreo Galletas"},"content":{"rendered":"<div class=\"oferta-container\">\n<p>\ud83d\udfe5 <b>DATE PRISA<\/b> \ud83d\udfe5 #Publicidad #Amazon #16<\/p>\n<p>\ud83d\udd34 <b>Galletas Oreo <\/b><\/p>\n<p>\u2705 <b>AHORA 1 \u20ac<\/b> \u2714\ufe0f\ud83d\udfe1<\/p>\n<p>\u274c Antes 1.60 \u20ac<\/p>\n<p>\ud83d\uded2: <a href=\"https:\/\/btz.es\/4JeLpMM\" target=\"_blank\" rel=\"nofollow noopener\">https:\/\/btz.es\/4JeLpMM<\/a><\/p>\n<p>&#8211; El embalaje puede variar<br \/>\n&#8211; Oreo Original tubo con 14 galletas, apto para llevar a cualquier parte. Cl\u00e1sicas galletas tipo sandwich de cacao con textura crujiente rellenas de deliciosa crema sabor vainilla<br \/>\n&#8211; Las galletas de cacao Oreo acompa\u00f1adas de la deliciosa crema de vainilla, crean la perfecta combinaci\u00f3n para servir como un irresistible tentempi\u00e9, para picar como snack o para disfrutar de un sabroso descanso<br \/>\n&#8211; Las galletas Oreo Original son excelentes para servir solas o con leche, para compartir en fiestas con familia y amigos, desayunos, meriendas escolares para los ni\u00f1os o mezclarlas con tu receta de postre favorita. Atr\u00e9vete y experimenta us\u00e1ndolas en m\u00faltiples recetas de postres como tartas, batidos o muffins<br \/>\n&#8211; La galleta m\u00e1s crujiente, lamible y sumergible del mundo. \u00a1Las galletas Oreo se pueden encontrar en m\u00e1s de 100 pa\u00edses! Desde 1912, Oreo constantemente hace realidad su misi\u00f3n conect\u00e1ndonos de forma divertida en todo el mundo<br \/>\n&#8211; Hacemos nuestras galletas con cacao obtenido a trav\u00e9s de nuestro programa de sostenibilidad Cocoa Life. Cocoa Life es el programa global de Mondelez International para el cultivo de cacao sostenible, centrado en la sostenibilidad del cacao como negocio pr\u00f3spero, en las comunidades del cacao empoderadas e inclusivas; y en conservar y regenerar los bosques<\/p>\n<\/p><\/div>\n","protected":false},"excerpt":{"rendered":"<p>\ud83d\udfe5 DATE PRISA \ud83d\udfe5 #Publicidad #Amazon #16 \ud83d\udd34 Galletas Oreo \u2705 AHORA 1 \u20ac \u2714\ufe0f\ud83d\udfe1 \u274c Antes 1.60 \u20ac \ud83d\uded2: https:\/\/btz.es\/4JeLpMM &#8211; El embalaje puede variar &#8211; Oreo Original tubo con 14 galletas, apto para llevar a cualquier parte. Cl\u00e1sicas galletas tipo sandwich de cacao con textura crujiente rellenas de deliciosa crema sabor vainilla &#8211; [&hellip;]<\/p>\n","protected":false},"featured_media":4812,"template":"","meta":{"_gspb_post_css":""},"store":[],"product_brand":[],"product_cat":[16],"product_tag":[],"class_list":{"0":"post-4813","1":"product","2":"type-product","3":"status-publish","4":"has-post-thumbnail","6":"product_cat-sin-categorizar","8":"first","9":"instock","10":"sale","11":"shipping-taxable","12":"product-type-external"},"jetpack_sharing_enabled":true,"_links":{"self":[{"href":"https:\/\/ofertacular.com\/index.php\/wp-json\/wp\/v2\/product\/4813","targetHints":{"allow":["GET"]}}],"collection":[{"href":"https:\/\/ofertacular.com\/index.php\/wp-json\/wp\/v2\/product"}],"about":[{"href":"https:\/\/ofertacular.com\/index.php\/wp-json\/wp\/v2\/types\/product"}],"wp:featuredmedia":[{"embeddable":true,"href":"https:\/\/ofertacular.com\/index.php\/wp-json\/wp\/v2\/media\/4812"}],"wp:attachment":[{"href":"https:\/\/ofertacular.com\/index.php\/wp-json\/wp\/v2\/media?parent=4813"}],"wp:term":[{"taxonomy":"store","embeddable":true,"href":"https:\/\/ofertacular.com\/index.php\/wp-json\/wp\/v2\/store?post=4813"},{"taxonomy":"product_brand","embeddable":true,"href":"https:\/\/ofertacular.com\/index.php\/wp-json\/wp\/v2\/product_brand?post=4813"},{"taxonomy":"product_cat","embeddable":true,"href":"https:\/\/ofertacular.com\/index.php\/wp-json\/wp\/v2\/product_cat?post=4813"},{"taxonomy":"product_tag","embeddable":true,"href":"https:\/\/ofertacular.com\/index.php\/wp-json\/wp\/v2\/product_tag?post=4813"}],"curies":[{"name":"wp","href":"https:\/\/api.w.org\/{rel}","templated":true}]}}