{"id":4829,"date":"2025-04-22T10:24:36","date_gmt":"2025-04-22T08:24:36","guid":{"rendered":"https:\/\/ofertacular.com\/index.php\/producto\/dragon-ball\/"},"modified":"2025-04-22T10:24:36","modified_gmt":"2025-04-22T08:24:36","slug":"dragon-ball","status":"publish","type":"product","link":"https:\/\/ofertacular.com\/index.php\/producto\/dragon-ball\/","title":{"rendered":"Dragon Ball"},"content":{"rendered":"<div class=\"oferta-container\">\n<p>\ud83d\udfe5 <b>DESCUENTO<\/b> \ud83d\udfe5 #Publicidad #Amazon #16<\/p>\n<p>\ud83d\udd34 <b>Dragon Ball <\/b><\/p>\n<p>\u2705 <b>AHORA 7.56 \u20ac<\/b> \u2714\ufe0f\ud83d\udfe1<\/p>\n<p>\u274c Antes 10.50 \u20ac<\/p>\n<p>\ud83d\uded2: <a href=\"https:\/\/btz.es\/4JfobWS\" target=\"_blank\" rel=\"nofollow noopener\">https:\/\/btz.es\/4JfobWS<\/a><\/p>\n<p>&#8211; Elegante taza de cer\u00e1mica ideal para desayunos. Decorado con sutiles y originales dise\u00f1os basados en algunos de los personajes m\u00e1s famosos del mundo del cine y la televisi\u00f3n.<br \/>\n&#8211; Todos los productos de la marca Stor son reutilizables, est\u00e1n libres de BPA y han pasado los tests requeridos en su categor\u00eda para cumplir con la normativa Europea.<br \/>\n&#8211; Producto con licencia oficial &#8211; 100% original<\/p>\n<\/p><\/div>\n","protected":false},"excerpt":{"rendered":"<p>\ud83d\udfe5 DESCUENTO \ud83d\udfe5 #Publicidad #Amazon #16 \ud83d\udd34 Dragon Ball \u2705 AHORA 7.56 \u20ac \u2714\ufe0f\ud83d\udfe1 \u274c Antes 10.50 \u20ac \ud83d\uded2: https:\/\/btz.es\/4JfobWS &#8211; Elegante taza de cer\u00e1mica ideal para desayunos. Decorado con sutiles y originales dise\u00f1os basados en algunos de los personajes m\u00e1s famosos del mundo del cine y la televisi\u00f3n. &#8211; Todos los productos de la [&hellip;]<\/p>\n","protected":false},"featured_media":4828,"template":"","meta":{"_gspb_post_css":""},"store":[],"product_brand":[],"product_cat":[16],"product_tag":[],"class_list":{"0":"post-4829","1":"product","2":"type-product","3":"status-publish","4":"has-post-thumbnail","6":"product_cat-sin-categorizar","8":"first","9":"instock","10":"sale","11":"shipping-taxable","12":"product-type-external"},"jetpack_sharing_enabled":true,"_links":{"self":[{"href":"https:\/\/ofertacular.com\/index.php\/wp-json\/wp\/v2\/product\/4829","targetHints":{"allow":["GET"]}}],"collection":[{"href":"https:\/\/ofertacular.com\/index.php\/wp-json\/wp\/v2\/product"}],"about":[{"href":"https:\/\/ofertacular.com\/index.php\/wp-json\/wp\/v2\/types\/product"}],"wp:featuredmedia":[{"embeddable":true,"href":"https:\/\/ofertacular.com\/index.php\/wp-json\/wp\/v2\/media\/4828"}],"wp:attachment":[{"href":"https:\/\/ofertacular.com\/index.php\/wp-json\/wp\/v2\/media?parent=4829"}],"wp:term":[{"taxonomy":"store","embeddable":true,"href":"https:\/\/ofertacular.com\/index.php\/wp-json\/wp\/v2\/store?post=4829"},{"taxonomy":"product_brand","embeddable":true,"href":"https:\/\/ofertacular.com\/index.php\/wp-json\/wp\/v2\/product_brand?post=4829"},{"taxonomy":"product_cat","embeddable":true,"href":"https:\/\/ofertacular.com\/index.php\/wp-json\/wp\/v2\/product_cat?post=4829"},{"taxonomy":"product_tag","embeddable":true,"href":"https:\/\/ofertacular.com\/index.php\/wp-json\/wp\/v2\/product_tag?post=4829"}],"curies":[{"name":"wp","href":"https:\/\/api.w.org\/{rel}","templated":true}]}}