{"id":4831,"date":"2025-04-22T10:25:47","date_gmt":"2025-04-22T08:25:47","guid":{"rendered":"https:\/\/ofertacular.com\/index.php\/producto\/ampersand-ginebra\/"},"modified":"2025-04-22T10:25:47","modified_gmt":"2025-04-22T08:25:47","slug":"ampersand-ginebra","status":"publish","type":"product","link":"https:\/\/ofertacular.com\/index.php\/producto\/ampersand-ginebra\/","title":{"rendered":"Ampersand Ginebra"},"content":{"rendered":"<div class=\"oferta-container\">\n<p>\ud83d\udfe5 <b>SUPER OFERTA<\/b> \ud83d\udfe5 #Publicidad #Amazon #16<\/p>\n<p>\ud83d\udd34 <b>Ginebra <\/b><\/p>\n<p>\u2705 <b>AHORA 10.99 \u20ac<\/b> \u2714\ufe0f\ud83d\udfe1<\/p>\n<p>\u274c Antes 17.35 \u20ac<\/p>\n<p>\ud83d\uded2: <a href=\"https:\/\/btz.es\/4JfouEN\" target=\"_blank\" rel=\"nofollow noopener\">https:\/\/btz.es\/4JfouEN<\/a><\/p>\n<p>&#8211; Ampersand Mel\u00f3n es un Ginebra Premium elaborado a partir de enebro y mel\u00f3n dulce.<br \/>\n&#8211; Ampersand mel\u00f3n es perfecta para combinar con el toque \u00e1cido de un refresco de lim\u00f3n.<br \/>\n&#8211; Suave al paladar, mantiene matices frescos y dulces de mel\u00f3n en un final largo y sabroso.<br \/>\n&#8211; 37.5\u00ba Vol.<br \/>\n&#8211; Una sorprendente propuesta que resalta el sabroso y dulce aroma del mel\u00f3n para crear exquisitos combinados que evocan a verano.<\/p>\n<\/p><\/div>\n","protected":false},"excerpt":{"rendered":"<p>\ud83d\udfe5 SUPER OFERTA \ud83d\udfe5 #Publicidad #Amazon #16 \ud83d\udd34 Ginebra \u2705 AHORA 10.99 \u20ac \u2714\ufe0f\ud83d\udfe1 \u274c Antes 17.35 \u20ac \ud83d\uded2: https:\/\/btz.es\/4JfouEN &#8211; Ampersand Mel\u00f3n es un Ginebra Premium elaborado a partir de enebro y mel\u00f3n dulce. &#8211; Ampersand mel\u00f3n es perfecta para combinar con el toque \u00e1cido de un refresco de lim\u00f3n. &#8211; Suave al paladar, [&hellip;]<\/p>\n","protected":false},"featured_media":4830,"template":"","meta":{"_gspb_post_css":""},"store":[],"product_brand":[],"product_cat":[16],"product_tag":[],"class_list":{"0":"post-4831","1":"product","2":"type-product","3":"status-publish","4":"has-post-thumbnail","6":"product_cat-sin-categorizar","8":"first","9":"instock","10":"sale","11":"shipping-taxable","12":"product-type-external"},"jetpack_sharing_enabled":true,"_links":{"self":[{"href":"https:\/\/ofertacular.com\/index.php\/wp-json\/wp\/v2\/product\/4831","targetHints":{"allow":["GET"]}}],"collection":[{"href":"https:\/\/ofertacular.com\/index.php\/wp-json\/wp\/v2\/product"}],"about":[{"href":"https:\/\/ofertacular.com\/index.php\/wp-json\/wp\/v2\/types\/product"}],"wp:featuredmedia":[{"embeddable":true,"href":"https:\/\/ofertacular.com\/index.php\/wp-json\/wp\/v2\/media\/4830"}],"wp:attachment":[{"href":"https:\/\/ofertacular.com\/index.php\/wp-json\/wp\/v2\/media?parent=4831"}],"wp:term":[{"taxonomy":"store","embeddable":true,"href":"https:\/\/ofertacular.com\/index.php\/wp-json\/wp\/v2\/store?post=4831"},{"taxonomy":"product_brand","embeddable":true,"href":"https:\/\/ofertacular.com\/index.php\/wp-json\/wp\/v2\/product_brand?post=4831"},{"taxonomy":"product_cat","embeddable":true,"href":"https:\/\/ofertacular.com\/index.php\/wp-json\/wp\/v2\/product_cat?post=4831"},{"taxonomy":"product_tag","embeddable":true,"href":"https:\/\/ofertacular.com\/index.php\/wp-json\/wp\/v2\/product_tag?post=4831"}],"curies":[{"name":"wp","href":"https:\/\/api.w.org\/{rel}","templated":true}]}}