{"id":4835,"date":"2025-04-22T10:50:49","date_gmt":"2025-04-22T08:50:49","guid":{"rendered":"https:\/\/ofertacular.com\/index.php\/producto\/zapatero-organizador\/"},"modified":"2025-04-22T10:50:49","modified_gmt":"2025-04-22T08:50:49","slug":"zapatero-organizador","status":"publish","type":"product","link":"https:\/\/ofertacular.com\/index.php\/producto\/zapatero-organizador\/","title":{"rendered":"Zapatero Organizador"},"content":{"rendered":"<div class=\"oferta-container\">\n<p>\ud83d\udfe5 <b>CHOLLAZO<\/b> \ud83d\udfe5 #Publicidad #Amazon #16<\/p>\n<p>\ud83d\udd34 <b>Organizador zapatero <\/b><\/p>\n<p>\u2705 <b>AHORA 9.99 \u20ac<\/b> \u2714\ufe0f\ud83d\udfe1<\/p>\n<p>\u274c Antes 18.08 \u20ac<\/p>\n<p>\ud83d\uded2: <a href=\"https:\/\/btz.es\/4JfuD0S\" target=\"_blank\" rel=\"nofollow noopener\">https:\/\/btz.es\/4JfuD0S<\/a><\/p>\n<p>&#8211; [Espacio para cada par] Con longitud de 98,5 cm, se colocan c\u00f3modamente de 4 a 5 pares de zapatos en cada estante, 16 a 20 pares en total. La distancia de 17 cm entre estantes se pone cualquier tipo de calzado, desde zapatillas de deporte hasta tacones<br \/>\n&#8211; [F\u00e1cil de montar] Piezas separadas en diferentes bolsas, piezas etiquetadas e instrucciones claras te proporcionan todo lo que necesitas para montar este zapatero de 4 niveles r\u00e1pida y f\u00e1cilmente<br \/>\n&#8211; [Ligero pero robusto] Construido con tela no tejida para los estantes, tubos de metal para el armaz\u00f3n y robustos conectores de pl\u00e1stico para mejorar la estructura, este zapatero es ligero pero robusto, pudiendo soportar hasta 5 kg por nivel<br \/>\n&#8211; [Ahorro de espacio] Con un perfil delgado y un dise\u00f1o vertical, este estante zapatero maximiza tu espacio de almacenamiento en el pasillo o el armario, ocupando poco espacio en el suelo, perfecto para espacios peque\u00f1os<br \/>\n&#8211; [F\u00e1cil de mantener y mover] Todo lo que necesitas es un pa\u00f1o h\u00famedo para limpiar el metal o la tela. Cuando desees mover este organizador de zapatos para cambiar las cosas un poco, su dise\u00f1o ligero hace que sea una brisa<\/p>\n<\/p><\/div>\n","protected":false},"excerpt":{"rendered":"<p>\ud83d\udfe5 CHOLLAZO \ud83d\udfe5 #Publicidad #Amazon #16 \ud83d\udd34 Organizador zapatero \u2705 AHORA 9.99 \u20ac \u2714\ufe0f\ud83d\udfe1 \u274c Antes 18.08 \u20ac \ud83d\uded2: https:\/\/btz.es\/4JfuD0S &#8211; [Espacio para cada par] Con longitud de 98,5 cm, se colocan c\u00f3modamente de 4 a 5 pares de zapatos en cada estante, 16 a 20 pares en total. La distancia de 17 cm entre [&hellip;]<\/p>\n","protected":false},"featured_media":4834,"template":"","meta":{"_gspb_post_css":""},"store":[],"product_brand":[],"product_cat":[16],"product_tag":[],"class_list":{"0":"post-4835","1":"product","2":"type-product","3":"status-publish","4":"has-post-thumbnail","6":"product_cat-sin-categorizar","8":"first","9":"instock","10":"sale","11":"shipping-taxable","12":"product-type-external"},"jetpack_sharing_enabled":true,"_links":{"self":[{"href":"https:\/\/ofertacular.com\/index.php\/wp-json\/wp\/v2\/product\/4835","targetHints":{"allow":["GET"]}}],"collection":[{"href":"https:\/\/ofertacular.com\/index.php\/wp-json\/wp\/v2\/product"}],"about":[{"href":"https:\/\/ofertacular.com\/index.php\/wp-json\/wp\/v2\/types\/product"}],"wp:featuredmedia":[{"embeddable":true,"href":"https:\/\/ofertacular.com\/index.php\/wp-json\/wp\/v2\/media\/4834"}],"wp:attachment":[{"href":"https:\/\/ofertacular.com\/index.php\/wp-json\/wp\/v2\/media?parent=4835"}],"wp:term":[{"taxonomy":"store","embeddable":true,"href":"https:\/\/ofertacular.com\/index.php\/wp-json\/wp\/v2\/store?post=4835"},{"taxonomy":"product_brand","embeddable":true,"href":"https:\/\/ofertacular.com\/index.php\/wp-json\/wp\/v2\/product_brand?post=4835"},{"taxonomy":"product_cat","embeddable":true,"href":"https:\/\/ofertacular.com\/index.php\/wp-json\/wp\/v2\/product_cat?post=4835"},{"taxonomy":"product_tag","embeddable":true,"href":"https:\/\/ofertacular.com\/index.php\/wp-json\/wp\/v2\/product_tag?post=4835"}],"curies":[{"name":"wp","href":"https:\/\/api.w.org\/{rel}","templated":true}]}}