{"id":4837,"date":"2025-04-22T10:52:12","date_gmt":"2025-04-22T08:52:12","guid":{"rendered":"https:\/\/ofertacular.com\/index.php\/producto\/favoto-casco\/"},"modified":"2025-04-22T10:52:12","modified_gmt":"2025-04-22T08:52:12","slug":"favoto-casco","status":"publish","type":"product","link":"https:\/\/ofertacular.com\/index.php\/producto\/favoto-casco\/","title":{"rendered":"Favoto Casco"},"content":{"rendered":"<div class=\"oferta-container\">\n<p>\ud83d\udfe5 <b>GRAN OFERTA<\/b> \ud83d\udfe5 #Publicidad #Amazon #16<\/p>\n<p>\ud83d\udd34 <b>Casco Favoto <\/b><\/p>\n<p>\u2705 <b>AHORA 9.99 \u20ac<\/b> \u2714\ufe0f\ud83d\udfe1<\/p>\n<p>\u274c Antes 29.99 \u20ac<\/p>\n<p>\ud83d\uded2: <a href=\"https:\/\/btz.es\/4JfuZb6\" target=\"_blank\" rel=\"nofollow noopener\">https:\/\/btz.es\/4JfuZb6<\/a><\/p>\n<p>&#8211; Robusto y Duradero &#8211; Este casco de bicicleta Favoto est\u00e1 aprobado por la CE norma europea y certificado por el TUV. El material de espuma EPS de una sola pieza es muy fuerte, lo que le da una excelente absorci\u00f3n de impactos y resistencia a las ca\u00eddas, por lo que puede reducir eficazmente la fuerza del impacto y proporcionarle la seguridad m\u00e1s fiable.<br \/>\n&#8211; Ligero y C\u00f3modo &#8211; El casco es muy ligero y puede ajustarse f\u00e1cilmente para adaptarse a su cabeza. Es f\u00e1cil de llevar y no tensa el cuello ni la cabeza. Con el bot\u00f3n de apertura, el casco tambi\u00e9n se puede quitar muy r\u00e1pidamente.<br \/>\n&#8211; Transpirable y Ajustable &#8211; Con agujeros de ventilaci\u00f3n en la carcasa del casco, sin comprometer la estabilidad para garantizar una ventilaci\u00f3n adecuada y mantener la cabeza fresca. La correa ajustable de 58-61cm puede satisfacer a la mayor\u00eda de los ciclistas.<br \/>\n&#8211; F\u00e1cil de Limpiar &#8211; El acolchado interior es extra\u00edble y lavable para que pueda limpiar el forro regularmente y mantenerlo limpio e higi\u00e9nico.<br \/>\n&#8211; 7 Colores a Elegir &#8211; Negro+rojo, negro+amarillo, negro+azul, negro+verde, fibra de carbono, negro, gris. El estilo cl\u00e1sico es adecuado para damas y caballeros.<\/p>\n<\/p><\/div>\n","protected":false},"excerpt":{"rendered":"<p>\ud83d\udfe5 GRAN OFERTA \ud83d\udfe5 #Publicidad #Amazon #16 \ud83d\udd34 Casco Favoto \u2705 AHORA 9.99 \u20ac \u2714\ufe0f\ud83d\udfe1 \u274c Antes 29.99 \u20ac \ud83d\uded2: https:\/\/btz.es\/4JfuZb6 &#8211; Robusto y Duradero &#8211; Este casco de bicicleta Favoto est\u00e1 aprobado por la CE norma europea y certificado por el TUV. El material de espuma EPS de una sola pieza es muy fuerte, [&hellip;]<\/p>\n","protected":false},"featured_media":4836,"template":"","meta":{"_gspb_post_css":""},"store":[],"product_brand":[],"product_cat":[16],"product_tag":[],"class_list":{"0":"post-4837","1":"product","2":"type-product","3":"status-publish","4":"has-post-thumbnail","6":"product_cat-sin-categorizar","8":"first","9":"instock","10":"sale","11":"shipping-taxable","12":"product-type-external"},"jetpack_sharing_enabled":true,"_links":{"self":[{"href":"https:\/\/ofertacular.com\/index.php\/wp-json\/wp\/v2\/product\/4837","targetHints":{"allow":["GET"]}}],"collection":[{"href":"https:\/\/ofertacular.com\/index.php\/wp-json\/wp\/v2\/product"}],"about":[{"href":"https:\/\/ofertacular.com\/index.php\/wp-json\/wp\/v2\/types\/product"}],"wp:featuredmedia":[{"embeddable":true,"href":"https:\/\/ofertacular.com\/index.php\/wp-json\/wp\/v2\/media\/4836"}],"wp:attachment":[{"href":"https:\/\/ofertacular.com\/index.php\/wp-json\/wp\/v2\/media?parent=4837"}],"wp:term":[{"taxonomy":"store","embeddable":true,"href":"https:\/\/ofertacular.com\/index.php\/wp-json\/wp\/v2\/store?post=4837"},{"taxonomy":"product_brand","embeddable":true,"href":"https:\/\/ofertacular.com\/index.php\/wp-json\/wp\/v2\/product_brand?post=4837"},{"taxonomy":"product_cat","embeddable":true,"href":"https:\/\/ofertacular.com\/index.php\/wp-json\/wp\/v2\/product_cat?post=4837"},{"taxonomy":"product_tag","embeddable":true,"href":"https:\/\/ofertacular.com\/index.php\/wp-json\/wp\/v2\/product_tag?post=4837"}],"curies":[{"name":"wp","href":"https:\/\/api.w.org\/{rel}","templated":true}]}}