{"id":4839,"date":"2025-04-22T10:54:15","date_gmt":"2025-04-22T08:54:15","guid":{"rendered":"https:\/\/ofertacular.com\/index.php\/producto\/voldemort-figure\/"},"modified":"2025-04-22T10:54:15","modified_gmt":"2025-04-22T08:54:15","slug":"voldemort-figure","status":"publish","type":"product","link":"https:\/\/ofertacular.com\/index.php\/producto\/voldemort-figure\/","title":{"rendered":"Voldemort Figure"},"content":{"rendered":"<div class=\"oferta-container\">\ud83d\udfea <b>FUNKO OFERTA<\/b> \ud83d\udfea #Publicidad #Amazon\ud83d\udfe3 <b> Funko POP! Harry Potter: Voldemort Dark Wizard<\/b> \u2705 <b>AHORA 14.99 \u20ac<\/b> \u2714\ufe0f\ud83d\udfe1\u274c Antes 16.00 \u20ac \u20ac \ud83d\uded2: https:\/\/btz.es\/4Jfv5h1\ud83d\udfe2 Ofertacular.com<\/p>\n<p>&#8211; Tama\u00f1o adecuado para coleccionar, con una altura aproximada de 9,5 cm, esta mini figurita de vinilo complementa otros art\u00edculos de colecci\u00f3n y encaja \u00f3ptimamente en tu vitrina o en tu escritorio<br \/>\n&#8211; Material de vinilo de buena calidad: fabricado en vinilo duradero de buena calidad, este mu\u00f1eco coleccionable est\u00e1 hecho para durar y soportar el desgaste diario, garantizando un disfrute duradero tanto para los fans como para los coleccionistas<br \/>\n&#8211; Regalo \u00f3ptimo para los fans de Harry Potter: adecuado para fiestas, cumplea\u00f1os u ocasiones especiales y como regalo esta figurita es un complemento imprescindible en cualquier colecci\u00f3n de merchandising de Harry Potter<br \/>\n&#8211; Ampl\u00eda tu colecci\u00f3n: a\u00f1ade esta pieza de exhibici\u00f3n de vinilo Lord Voldemort a tu creciente surtido de mu\u00f1ecos Funko Pop! y busca otros art\u00edculos coleccionables raros para tener un conjunto completo<br \/>\n&#8211; Conf\u00eda en la experiencia de Funko, el principal creador de art\u00edculos de cultura pop que incluye figuras de vinilo, juguetes de acci\u00f3n, peluches, ropa, juegos de mesa y mucho m\u00e1s<\/p>\n<\/div>\n","protected":false},"excerpt":{"rendered":"<p>\ud83d\udfea FUNKO OFERTA \ud83d\udfea #Publicidad #Amazon\ud83d\udfe3 Funko POP! Harry Potter: Voldemort Dark Wizard \u2705 AHORA 14.99 \u20ac \u2714\ufe0f\ud83d\udfe1\u274c Antes 16.00 \u20ac \u20ac \ud83d\uded2: https:\/\/btz.es\/4Jfv5h1\ud83d\udfe2 Ofertacular.com &#8211; Tama\u00f1o adecuado para coleccionar, con una altura aproximada de 9,5 cm, esta mini figurita de vinilo complementa otros art\u00edculos de colecci\u00f3n y encaja \u00f3ptimamente en tu vitrina o en [&hellip;]<\/p>\n","protected":false},"featured_media":4838,"template":"","meta":{"_gspb_post_css":""},"store":[],"product_brand":[],"product_cat":[16],"product_tag":[],"class_list":{"0":"post-4839","1":"product","2":"type-product","3":"status-publish","4":"has-post-thumbnail","6":"product_cat-sin-categorizar","8":"first","9":"instock","10":"sale","11":"shipping-taxable","12":"product-type-external"},"jetpack_sharing_enabled":true,"_links":{"self":[{"href":"https:\/\/ofertacular.com\/index.php\/wp-json\/wp\/v2\/product\/4839","targetHints":{"allow":["GET"]}}],"collection":[{"href":"https:\/\/ofertacular.com\/index.php\/wp-json\/wp\/v2\/product"}],"about":[{"href":"https:\/\/ofertacular.com\/index.php\/wp-json\/wp\/v2\/types\/product"}],"wp:featuredmedia":[{"embeddable":true,"href":"https:\/\/ofertacular.com\/index.php\/wp-json\/wp\/v2\/media\/4838"}],"wp:attachment":[{"href":"https:\/\/ofertacular.com\/index.php\/wp-json\/wp\/v2\/media?parent=4839"}],"wp:term":[{"taxonomy":"store","embeddable":true,"href":"https:\/\/ofertacular.com\/index.php\/wp-json\/wp\/v2\/store?post=4839"},{"taxonomy":"product_brand","embeddable":true,"href":"https:\/\/ofertacular.com\/index.php\/wp-json\/wp\/v2\/product_brand?post=4839"},{"taxonomy":"product_cat","embeddable":true,"href":"https:\/\/ofertacular.com\/index.php\/wp-json\/wp\/v2\/product_cat?post=4839"},{"taxonomy":"product_tag","embeddable":true,"href":"https:\/\/ofertacular.com\/index.php\/wp-json\/wp\/v2\/product_tag?post=4839"}],"curies":[{"name":"wp","href":"https:\/\/api.w.org\/{rel}","templated":true}]}}