{"id":4841,"date":"2025-04-22T10:59:21","date_gmt":"2025-04-22T08:59:21","guid":{"rendered":"https:\/\/ofertacular.com\/index.php\/producto\/lego-deportivo\/"},"modified":"2025-04-22T10:59:21","modified_gmt":"2025-04-22T08:59:21","slug":"lego-deportivo","status":"publish","type":"product","link":"https:\/\/ofertacular.com\/index.php\/producto\/lego-deportivo\/","title":{"rendered":"LEGO Deportivo"},"content":{"rendered":"<div class=\"oferta-container\">\n<p>\ud83d\udfe5 <b>EXCLUSIVO<\/b> \ud83d\udfe5 #Publicidad #Amazon #16<\/p>\n<p>\ud83d\udd34 <b>Deportivo LEGO <\/b><\/p>\n<p>\u2705 <b>AHORA 7.49 \u20ac<\/b> \u2714\ufe0f\ud83d\udfe1<\/p>\n<p>\u274c Antes 9.99 \u20ac<\/p>\n<p>\ud83d\uded2: <a href=\"https:\/\/btz.es\/4JfwM6n\" target=\"_blank\" rel=\"nofollow noopener\">https:\/\/btz.es\/4JfwM6n<\/a><\/p>\n<p>&#8211; Coche de juguete para ni\u00f1os y ni\u00f1as mayores de 5 a\u00f1os: Sorprende a tu mini conductor con el juguete de construcci\u00f3n LEGO City Deportivo Rojo para peque\u00f1os fans de los coches especiales<br \/>\n&#8211; \u00bfQu\u00e9 contiene la caja? Este set LEGO con un coche deportivo de juguete incluye todo lo necesario para construir un superdeportivo rojo de juguete y una minifigura LEGO de un conductor<br \/>\n&#8211; Un divertido set LEGO para fomentar el juego imaginativo: Los ni\u00f1os pueden colocar la minifigura LEGO del conductor al volante y guardar tanto el tel\u00e9fono m\u00f3vil como los utensilios de limpieza de juguete en el maletero<br \/>\n&#8211; Accesorios para minifiguras LEGO: Este juego con coche LEGO viene con accesorios para jugar a recrear situaciones de la vida real, como un tel\u00e9fono m\u00f3vil de juguete y elementos que representan un pulverizador y una esponja para lavar el coche<br \/>\n&#8211; Un coche deportivo de juguete \u00f3ptimo como regalo para ni\u00f1os y ni\u00f1as de 5 a\u00f1os o m\u00e1s: Este set de construcci\u00f3n de un veh\u00edculo es una divertida idea de regalo de cumplea\u00f1os para ni\u00f1os y ni\u00f1as a partir de 5 a\u00f1os<\/p>\n<\/p><\/div>\n","protected":false},"excerpt":{"rendered":"<p>\ud83d\udfe5 EXCLUSIVO \ud83d\udfe5 #Publicidad #Amazon #16 \ud83d\udd34 Deportivo LEGO \u2705 AHORA 7.49 \u20ac \u2714\ufe0f\ud83d\udfe1 \u274c Antes 9.99 \u20ac \ud83d\uded2: https:\/\/btz.es\/4JfwM6n &#8211; Coche de juguete para ni\u00f1os y ni\u00f1as mayores de 5 a\u00f1os: Sorprende a tu mini conductor con el juguete de construcci\u00f3n LEGO City Deportivo Rojo para peque\u00f1os fans de los coches especiales &#8211; \u00bfQu\u00e9 [&hellip;]<\/p>\n","protected":false},"featured_media":4840,"template":"","meta":{"_gspb_post_css":""},"store":[],"product_brand":[],"product_cat":[16],"product_tag":[],"class_list":{"0":"post-4841","1":"product","2":"type-product","3":"status-publish","4":"has-post-thumbnail","6":"product_cat-sin-categorizar","8":"first","9":"instock","10":"sale","11":"shipping-taxable","12":"product-type-external"},"jetpack_sharing_enabled":true,"_links":{"self":[{"href":"https:\/\/ofertacular.com\/index.php\/wp-json\/wp\/v2\/product\/4841","targetHints":{"allow":["GET"]}}],"collection":[{"href":"https:\/\/ofertacular.com\/index.php\/wp-json\/wp\/v2\/product"}],"about":[{"href":"https:\/\/ofertacular.com\/index.php\/wp-json\/wp\/v2\/types\/product"}],"wp:featuredmedia":[{"embeddable":true,"href":"https:\/\/ofertacular.com\/index.php\/wp-json\/wp\/v2\/media\/4840"}],"wp:attachment":[{"href":"https:\/\/ofertacular.com\/index.php\/wp-json\/wp\/v2\/media?parent=4841"}],"wp:term":[{"taxonomy":"store","embeddable":true,"href":"https:\/\/ofertacular.com\/index.php\/wp-json\/wp\/v2\/store?post=4841"},{"taxonomy":"product_brand","embeddable":true,"href":"https:\/\/ofertacular.com\/index.php\/wp-json\/wp\/v2\/product_brand?post=4841"},{"taxonomy":"product_cat","embeddable":true,"href":"https:\/\/ofertacular.com\/index.php\/wp-json\/wp\/v2\/product_cat?post=4841"},{"taxonomy":"product_tag","embeddable":true,"href":"https:\/\/ofertacular.com\/index.php\/wp-json\/wp\/v2\/product_tag?post=4841"}],"curies":[{"name":"wp","href":"https:\/\/api.w.org\/{rel}","templated":true}]}}