{"id":4843,"date":"2025-04-23T08:34:52","date_gmt":"2025-04-23T06:34:52","guid":{"rendered":"https:\/\/ofertacular.com\/index.php\/producto\/fire-tv-3\/"},"modified":"2025-04-23T08:34:52","modified_gmt":"2025-04-23T06:34:52","slug":"fire-tv-3","status":"publish","type":"product","link":"https:\/\/ofertacular.com\/index.php\/producto\/fire-tv-3\/","title":{"rendered":"Fire TV"},"content":{"rendered":"<div class=\"oferta-container\">\n<p>\ud83d\udfe5 <b>REBAJA<\/b> \ud83d\udfe5 #Publicidad #Amazon #16<\/p>\n<p>\ud83d\udd34 <b>Fire TV <\/b><\/p>\n<p>\u2705 <b>AHORA 37.99 \u20ac<\/b> \u2714\ufe0f\ud83d\udfe1<\/p>\n<p>\u274c Antes 69.99 \u20ac<\/p>\n<p>\ud83d\uded2: <a href=\"https:\/\/btz.es\/4JkCWap\" target=\"_blank\" rel=\"nofollow noopener\">https:\/\/btz.es\/4JkCWap<\/a><\/p>\n<p>&#8211; Reproducci\u00f3n en streaming de contenido 4K avanzada: eleva tu manera de ver el contenido que te gusta gracias al rendimiento optimizado de la siguiente generaci\u00f3n de nuestro Fire TV Stick 4K m\u00e1s vendido.<br \/>\n&#8211; Compatible con Wi-Fi 6: disfruta de reproducci\u00f3n en streaming de contenido 4K fluida incluso con m\u00faltiples dispositivos conectados a tu router.<br \/>\n&#8211; Disfruta como en el cine: im\u00e1genes con colores brillantes en calidad 4K Ultra HD y compatibilidad con Dolby Vision, HDR10+ y audio inmersivo Dolby Atmos.<br \/>\n&#8211; Entretenimiento sin l\u00edmites: ve en streaming miles de pel\u00edculas y cap\u00edtulos de series. Disfruta de tu contenido favorito de Netflix, Prime Video, Disney+ y m\u00e1s. Pueden aplicarse cargos de suscripci\u00f3n.<br \/>\n&#8211; Contenido en streaming gratuito: accede gratis a miles de horas de pel\u00edculas y cap\u00edtulos de series desde las apps de streaming con anuncios m\u00e1s populares, como Twitch y Pluto TV.<br \/>\n&#8211; Mando por voz Alexa: encuentra, reproduce y controla contenido con tan solo la voz. Usa un \u00fanico mando para acceder a tus apps favoritas con los botones de app predeterminados y para controlar el encendido, el apagado y el volumen del televisor.<br \/>\n&#8211; Tu Hogar digital, cada vez m\u00e1s \u00fatil: controla dispositivos compatibles, como c\u00e1maras, luces y m\u00e1s. Pulsa el bot\u00f3n de voz y preg\u00fantale a Alexa qu\u00e9 tiempo hace o p\u00eddele que aten\u00fae las luces.<\/p>\n<\/p><\/div>\n","protected":false},"excerpt":{"rendered":"<p>\ud83d\udfe5 REBAJA \ud83d\udfe5 #Publicidad #Amazon #16 \ud83d\udd34 Fire TV \u2705 AHORA 37.99 \u20ac \u2714\ufe0f\ud83d\udfe1 \u274c Antes 69.99 \u20ac \ud83d\uded2: https:\/\/btz.es\/4JkCWap &#8211; Reproducci\u00f3n en streaming de contenido 4K avanzada: eleva tu manera de ver el contenido que te gusta gracias al rendimiento optimizado de la siguiente generaci\u00f3n de nuestro Fire TV Stick 4K m\u00e1s vendido. &#8211; [&hellip;]<\/p>\n","protected":false},"featured_media":4842,"template":"","meta":{"_gspb_post_css":""},"store":[],"product_brand":[],"product_cat":[16],"product_tag":[],"class_list":{"0":"post-4843","1":"product","2":"type-product","3":"status-publish","4":"has-post-thumbnail","6":"product_cat-sin-categorizar","8":"first","9":"instock","10":"sale","11":"shipping-taxable","12":"product-type-external"},"jetpack_sharing_enabled":true,"_links":{"self":[{"href":"https:\/\/ofertacular.com\/index.php\/wp-json\/wp\/v2\/product\/4843","targetHints":{"allow":["GET"]}}],"collection":[{"href":"https:\/\/ofertacular.com\/index.php\/wp-json\/wp\/v2\/product"}],"about":[{"href":"https:\/\/ofertacular.com\/index.php\/wp-json\/wp\/v2\/types\/product"}],"wp:featuredmedia":[{"embeddable":true,"href":"https:\/\/ofertacular.com\/index.php\/wp-json\/wp\/v2\/media\/4842"}],"wp:attachment":[{"href":"https:\/\/ofertacular.com\/index.php\/wp-json\/wp\/v2\/media?parent=4843"}],"wp:term":[{"taxonomy":"store","embeddable":true,"href":"https:\/\/ofertacular.com\/index.php\/wp-json\/wp\/v2\/store?post=4843"},{"taxonomy":"product_brand","embeddable":true,"href":"https:\/\/ofertacular.com\/index.php\/wp-json\/wp\/v2\/product_brand?post=4843"},{"taxonomy":"product_cat","embeddable":true,"href":"https:\/\/ofertacular.com\/index.php\/wp-json\/wp\/v2\/product_cat?post=4843"},{"taxonomy":"product_tag","embeddable":true,"href":"https:\/\/ofertacular.com\/index.php\/wp-json\/wp\/v2\/product_tag?post=4843"}],"curies":[{"name":"wp","href":"https:\/\/api.w.org\/{rel}","templated":true}]}}