{"id":4845,"date":"2025-04-23T10:18:46","date_gmt":"2025-04-23T08:18:46","guid":{"rendered":"https:\/\/ofertacular.com\/index.php\/producto\/mercusys-repetidor\/"},"modified":"2025-04-23T10:18:46","modified_gmt":"2025-04-23T08:18:46","slug":"mercusys-repetidor","status":"publish","type":"product","link":"https:\/\/ofertacular.com\/index.php\/producto\/mercusys-repetidor\/","title":{"rendered":"MERCUSYS Repetidor"},"content":{"rendered":"<div class=\"oferta-container\">\n<p>\ud83d\udfe5 <b>AHORRA AQU\u00cd<\/b> \ud83d\udfe5 #Publicidad #Amazon #16<\/p>\n<p>\ud83d\udd34 <b>Repetidor WiFi <\/b><\/p>\n<p>\u2705 <b>AHORA 9.99 \u20ac<\/b> \u2714\ufe0f\ud83d\udfe1<\/p>\n<p>\u274c Antes 14.99 \u20ac<\/p>\n<p>\ud83d\uded2: <a href=\"https:\/\/btz.es\/4JldfXD\" target=\"_blank\" rel=\"nofollow noopener\">https:\/\/btz.es\/4JldfXD<\/a><\/p>\n<p>&#8211; Modo extensor de Cobertura amplia la se\u00f1al inal\u00e1mbrica llegando a zonas muertas o \u00e1reas sin posibilidad de cablear<br \/>\n&#8211; Tres antenas externas de tecnolog\u00eda MIMO diferencian al MW300RE del resto de extensores de cobertura corrientes<br \/>\n&#8211; Expande con facilidad la cobertura inal\u00e1mbrica gracias a una gesti\u00f3n de 2 toques o usando el bot\u00f3n WPS<br \/>\n&#8211; Tama\u00f1o reducido y con dise\u00f1o de montaje en pared hace que su despliegue sea r\u00e1pido y flexible<br \/>\n&#8211; El LED multicolor te ayuda a encontrar la localizaci\u00f3n correcta para as\u00ed obtener la mejor extensi\u00f3n Wi-Fi<\/p>\n<\/p><\/div>\n","protected":false},"excerpt":{"rendered":"<p>\ud83d\udfe5 AHORRA AQU\u00cd \ud83d\udfe5 #Publicidad #Amazon #16 \ud83d\udd34 Repetidor WiFi \u2705 AHORA 9.99 \u20ac \u2714\ufe0f\ud83d\udfe1 \u274c Antes 14.99 \u20ac \ud83d\uded2: https:\/\/btz.es\/4JldfXD &#8211; Modo extensor de Cobertura amplia la se\u00f1al inal\u00e1mbrica llegando a zonas muertas o \u00e1reas sin posibilidad de cablear &#8211; Tres antenas externas de tecnolog\u00eda MIMO diferencian al MW300RE del resto de extensores de [&hellip;]<\/p>\n","protected":false},"featured_media":4844,"template":"","meta":{"_gspb_post_css":""},"store":[],"product_brand":[],"product_cat":[16],"product_tag":[],"class_list":{"0":"post-4845","1":"product","2":"type-product","3":"status-publish","4":"has-post-thumbnail","6":"product_cat-sin-categorizar","8":"first","9":"instock","10":"sale","11":"shipping-taxable","12":"product-type-external"},"jetpack_sharing_enabled":true,"_links":{"self":[{"href":"https:\/\/ofertacular.com\/index.php\/wp-json\/wp\/v2\/product\/4845","targetHints":{"allow":["GET"]}}],"collection":[{"href":"https:\/\/ofertacular.com\/index.php\/wp-json\/wp\/v2\/product"}],"about":[{"href":"https:\/\/ofertacular.com\/index.php\/wp-json\/wp\/v2\/types\/product"}],"wp:featuredmedia":[{"embeddable":true,"href":"https:\/\/ofertacular.com\/index.php\/wp-json\/wp\/v2\/media\/4844"}],"wp:attachment":[{"href":"https:\/\/ofertacular.com\/index.php\/wp-json\/wp\/v2\/media?parent=4845"}],"wp:term":[{"taxonomy":"store","embeddable":true,"href":"https:\/\/ofertacular.com\/index.php\/wp-json\/wp\/v2\/store?post=4845"},{"taxonomy":"product_brand","embeddable":true,"href":"https:\/\/ofertacular.com\/index.php\/wp-json\/wp\/v2\/product_brand?post=4845"},{"taxonomy":"product_cat","embeddable":true,"href":"https:\/\/ofertacular.com\/index.php\/wp-json\/wp\/v2\/product_cat?post=4845"},{"taxonomy":"product_tag","embeddable":true,"href":"https:\/\/ofertacular.com\/index.php\/wp-json\/wp\/v2\/product_tag?post=4845"}],"curies":[{"name":"wp","href":"https:\/\/api.w.org\/{rel}","templated":true}]}}