{"id":4849,"date":"2025-04-23T10:50:21","date_gmt":"2025-04-23T08:50:21","guid":{"rendered":"https:\/\/ofertacular.com\/index.php\/producto\/victoria-cerveza\/"},"modified":"2025-04-23T10:50:21","modified_gmt":"2025-04-23T08:50:21","slug":"victoria-cerveza","status":"publish","type":"product","link":"https:\/\/ofertacular.com\/index.php\/producto\/victoria-cerveza\/","title":{"rendered":"Victoria Cerveza"},"content":{"rendered":"<div class=\"oferta-container\">\n<p>\ud83d\udfe5 <b>\u00a1OFERT\u00d3N!<\/b> \ud83d\udfe5 #Publicidad #Amazon #16<\/p>\n<p>\ud83d\udd34 <b>Cerveza Victoria <\/b><\/p>\n<p>\u2705 <b>AHORA 12 \u20ac<\/b> \u2714\ufe0f\ud83d\udfe1<\/p>\n<p>\u274c Antes 16.08 \u20ac<\/p>\n<p>\ud83d\uded2: <a href=\"https:\/\/btz.es\/4Jllc5J\" target=\"_blank\" rel=\"nofollow noopener\">https:\/\/btz.es\/4Jllc5J<\/a><\/p>\n<p>&#8211; \ud83c\udf7a VICTORIA CERVEZA &#8211; Con un 4,8% de alcohol destaca por su brillante aspecto dorado y su sabor suave, logrando un equilibrio perfecto en boca. Elaborada siguiendo una receta tradicional, Victoria Cerveza es sin\u00f3nimo de calidad y tradici\u00f3n, ofreciendo una experiencia \u00fanica al degustarla.<br \/>\n&#8211; \ud83c\udf43 ELABORACI\u00d3N TRADICIONAL &#8211; Victoria Cerveza se enorgullece de su proceso de elaboraci\u00f3n, que sigue m\u00e9todos tradicionales y le permite ostentar una espuma cremosa y una textura suave. Este meticuloso proceso incluye una maduraci\u00f3n lenta, con un m\u00ednimo de 12 d\u00edas, que asegura el desarrollo de su sabor exquisito y \u00fanico.<br \/>\n&#8211; \ud83c\udf3e AROMA Y CUERPO &#8211; Cuerpo equilibrado y aroma refrescante, perfecto para cualquier momento del d\u00eda. El color amarillo p\u00e1lido, junto con su espuma de burbujas finas, blancas y brillantes, no solo es un deleite para la vista sino tambi\u00e9n para el paladar.<br \/>\n&#8211; \u2744\ufe0f FORMATO Y CONSUMO &#8211; Pack de 12 latas de 33 cl, esta cerveza est\u00e1 dise\u00f1ada para ser consumida entre 4\u00ba y 6\u00baC. Esta temperatura de servicio asegura que cada sorbo mantenga la frescura y realce las cualidades arom\u00e1ticas y gustativas de la cerveza.<br \/>\n&#8211; \u2b50 ESLOGAN Y TRADICI\u00d3N &#8211; \u00abMalague\u00f1a y exquisita\u00bb no es solo un eslogan, sino una declaraci\u00f3n de principios. Victoria Cerveza abraza su herencia malague\u00f1a con orgullo, prometiendo a trav\u00e9s de cada lata una experiencia cervecera aut\u00e9ntica y de alta calidad, reflejando el compromiso de la marca con la excelencia y la satisfacci\u00f3n de sus consumidores.<\/p>\n<\/p><\/div>\n","protected":false},"excerpt":{"rendered":"<p>\ud83d\udfe5 \u00a1OFERT\u00d3N! \ud83d\udfe5 #Publicidad #Amazon #16 \ud83d\udd34 Cerveza Victoria \u2705 AHORA 12 \u20ac \u2714\ufe0f\ud83d\udfe1 \u274c Antes 16.08 \u20ac \ud83d\uded2: https:\/\/btz.es\/4Jllc5J &#8211; \ud83c\udf7a VICTORIA CERVEZA &#8211; Con un 4,8% de alcohol destaca por su brillante aspecto dorado y su sabor suave, logrando un equilibrio perfecto en boca. Elaborada siguiendo una receta tradicional, Victoria Cerveza es sin\u00f3nimo [&hellip;]<\/p>\n","protected":false},"featured_media":4848,"template":"","meta":{"_gspb_post_css":""},"store":[],"product_brand":[],"product_cat":[16],"product_tag":[],"class_list":{"0":"post-4849","1":"product","2":"type-product","3":"status-publish","4":"has-post-thumbnail","6":"product_cat-sin-categorizar","8":"first","9":"instock","10":"sale","11":"shipping-taxable","12":"product-type-external"},"jetpack_sharing_enabled":true,"_links":{"self":[{"href":"https:\/\/ofertacular.com\/index.php\/wp-json\/wp\/v2\/product\/4849","targetHints":{"allow":["GET"]}}],"collection":[{"href":"https:\/\/ofertacular.com\/index.php\/wp-json\/wp\/v2\/product"}],"about":[{"href":"https:\/\/ofertacular.com\/index.php\/wp-json\/wp\/v2\/types\/product"}],"wp:featuredmedia":[{"embeddable":true,"href":"https:\/\/ofertacular.com\/index.php\/wp-json\/wp\/v2\/media\/4848"}],"wp:attachment":[{"href":"https:\/\/ofertacular.com\/index.php\/wp-json\/wp\/v2\/media?parent=4849"}],"wp:term":[{"taxonomy":"store","embeddable":true,"href":"https:\/\/ofertacular.com\/index.php\/wp-json\/wp\/v2\/store?post=4849"},{"taxonomy":"product_brand","embeddable":true,"href":"https:\/\/ofertacular.com\/index.php\/wp-json\/wp\/v2\/product_brand?post=4849"},{"taxonomy":"product_cat","embeddable":true,"href":"https:\/\/ofertacular.com\/index.php\/wp-json\/wp\/v2\/product_cat?post=4849"},{"taxonomy":"product_tag","embeddable":true,"href":"https:\/\/ofertacular.com\/index.php\/wp-json\/wp\/v2\/product_tag?post=4849"}],"curies":[{"name":"wp","href":"https:\/\/api.w.org\/{rel}","templated":true}]}}