{"id":4855,"date":"2025-04-23T11:09:29","date_gmt":"2025-04-23T09:09:29","guid":{"rendered":"https:\/\/ofertacular.com\/index.php\/producto\/brennenstuhl-adapter\/"},"modified":"2025-04-23T11:09:29","modified_gmt":"2025-04-23T09:09:29","slug":"brennenstuhl-adapter","status":"publish","type":"product","link":"https:\/\/ofertacular.com\/index.php\/producto\/brennenstuhl-adapter\/","title":{"rendered":"Brennenstuhl Adapter"},"content":{"rendered":"<div class=\"oferta-container\">\n<p>\ud83d\udfe5 <b>EXCLUSIVO<\/b> \ud83d\udfe5 #Publicidad #Amazon #16<\/p>\n<p>\ud83d\udd34 <b>Adapter Brennenstuhl <\/b><\/p>\n<p>\u2705 <b>AHORA 7.99 \u20ac<\/b> \u2714\ufe0f\ud83d\udfe1<\/p>\n<p>\u274c Antes 17.44 \u20ac<\/p>\n<p>\ud83d\uded2: <a href=\"https:\/\/btz.es\/4JlpRzV\" target=\"_blank\" rel=\"nofollow noopener\">https:\/\/btz.es\/4JlpRzV<\/a><\/p>\n<p>&#8211; Adaptador de enchufe de seguridad de 1 pieza con mayor protecci\u00f3n de contacto, probado por GS<br \/>\n&#8211; Adaptador con funci\u00f3n segura mediante monitorizaci\u00f3n t\u00e9rmica integrada con pantalla de funciones<br \/>\n&#8211; Protege eficazmente los dispositivos conectados contra los da\u00f1os causados por sobretensiones con una corriente de fuga m\u00e1xima de hasta 13500 A protecci\u00f3n en caso de tormentas el\u00e9ctricas, rayos, etc. y, por lo tanto, evita los elevados costes de reparaci\u00f3n o sustituci\u00f3n<br \/>\n&#8211; Potente protecci\u00f3n contra sobretensiones compuesta por supresores de gas y varistores de \u00f3xido met\u00e1lico con protecci\u00f3n t\u00e9rmica<br \/>\n&#8211; Contenido del env\u00edo: 1 adaptador para enchufe con protecci\u00f3n contra sobretensiones de 13500 A en color antracita, de la mejor calidad de Brennenstuhl<br \/>\n&#8211; Tenga en cuenta que se trata de un enchufe tipo F.<\/p>\n<\/p><\/div>\n","protected":false},"excerpt":{"rendered":"<p>\ud83d\udfe5 EXCLUSIVO \ud83d\udfe5 #Publicidad #Amazon #16 \ud83d\udd34 Adapter Brennenstuhl \u2705 AHORA 7.99 \u20ac \u2714\ufe0f\ud83d\udfe1 \u274c Antes 17.44 \u20ac \ud83d\uded2: https:\/\/btz.es\/4JlpRzV &#8211; Adaptador de enchufe de seguridad de 1 pieza con mayor protecci\u00f3n de contacto, probado por GS &#8211; Adaptador con funci\u00f3n segura mediante monitorizaci\u00f3n t\u00e9rmica integrada con pantalla de funciones &#8211; Protege eficazmente los dispositivos [&hellip;]<\/p>\n","protected":false},"featured_media":4854,"template":"","meta":{"_gspb_post_css":""},"store":[],"product_brand":[],"product_cat":[16],"product_tag":[],"class_list":{"0":"post-4855","1":"product","2":"type-product","3":"status-publish","4":"has-post-thumbnail","6":"product_cat-sin-categorizar","8":"first","9":"instock","10":"sale","11":"shipping-taxable","12":"product-type-external"},"jetpack_sharing_enabled":true,"_links":{"self":[{"href":"https:\/\/ofertacular.com\/index.php\/wp-json\/wp\/v2\/product\/4855","targetHints":{"allow":["GET"]}}],"collection":[{"href":"https:\/\/ofertacular.com\/index.php\/wp-json\/wp\/v2\/product"}],"about":[{"href":"https:\/\/ofertacular.com\/index.php\/wp-json\/wp\/v2\/types\/product"}],"wp:featuredmedia":[{"embeddable":true,"href":"https:\/\/ofertacular.com\/index.php\/wp-json\/wp\/v2\/media\/4854"}],"wp:attachment":[{"href":"https:\/\/ofertacular.com\/index.php\/wp-json\/wp\/v2\/media?parent=4855"}],"wp:term":[{"taxonomy":"store","embeddable":true,"href":"https:\/\/ofertacular.com\/index.php\/wp-json\/wp\/v2\/store?post=4855"},{"taxonomy":"product_brand","embeddable":true,"href":"https:\/\/ofertacular.com\/index.php\/wp-json\/wp\/v2\/product_brand?post=4855"},{"taxonomy":"product_cat","embeddable":true,"href":"https:\/\/ofertacular.com\/index.php\/wp-json\/wp\/v2\/product_cat?post=4855"},{"taxonomy":"product_tag","embeddable":true,"href":"https:\/\/ofertacular.com\/index.php\/wp-json\/wp\/v2\/product_tag?post=4855"}],"curies":[{"name":"wp","href":"https:\/\/api.w.org\/{rel}","templated":true}]}}