{"id":4859,"date":"2025-04-23T17:44:05","date_gmt":"2025-04-23T15:44:05","guid":{"rendered":"https:\/\/ofertacular.com\/index.php\/producto\/vinas-vero\/"},"modified":"2025-04-23T17:44:05","modified_gmt":"2025-04-23T15:44:05","slug":"vinas-vero","status":"publish","type":"product","link":"https:\/\/ofertacular.com\/index.php\/producto\/vinas-vero\/","title":{"rendered":"Vi\u00f1as Vero"},"content":{"rendered":"<div class=\"oferta-container\">\n<p>\ud83d\udfe5 <b>GRAN OFERTA<\/b> \ud83d\udfe5 #Publicidad #Amazon #16<\/p>\n<p>\ud83d\udd34 <b>Vi\u00f1as Vero <\/b><\/p>\n<p>\u2705 <b>AHORA 24.73 \u20ac<\/b> \u2714\ufe0f\ud83d\udfe1<\/p>\n<p>\u274c Antes 38.48 \u20ac<\/p>\n<p>\ud83d\uded2: <a href=\"https:\/\/btz.es\/4JmRmxh\" target=\"_blank\" rel=\"nofollow noopener\">https:\/\/btz.es\/4JmRmxh<\/a><\/p>\n<p>&#8211; Color: En la fase visual nos muestra un atractivo ribete viol\u00e1ceo sobre capa media<br \/>\n&#8211; Olor: En nariz nos ofrece una expresi\u00f3n muy limpia de los aromas que emanan de la copa r\u00e1pidamente, entre los que destacan frutas negras maduras y dulce vainilla<br \/>\n&#8211; Sabor: En boca el ataque es suave, seguido de un agradable y redondo paso, liberando un sabor muy agradable y persistente en el tiempo.<br \/>\n&#8211; Maridaje: Es un vino que puede disfrutarse tom\u00e1ndolo s\u00f3lo o con todo tipo de entrantes, carnes, platos ligeros y pescados, siempre servido a una temperatura entre 13 y 15\u00ba C.<br \/>\n&#8211; La cosecha puede variar<br \/>\n&#8211; El paquete puede variar<\/p>\n<\/p><\/div>\n","protected":false},"excerpt":{"rendered":"<p>\ud83d\udfe5 GRAN OFERTA \ud83d\udfe5 #Publicidad #Amazon #16 \ud83d\udd34 Vi\u00f1as Vero \u2705 AHORA 24.73 \u20ac \u2714\ufe0f\ud83d\udfe1 \u274c Antes 38.48 \u20ac \ud83d\uded2: https:\/\/btz.es\/4JmRmxh &#8211; Color: En la fase visual nos muestra un atractivo ribete viol\u00e1ceo sobre capa media &#8211; Olor: En nariz nos ofrece una expresi\u00f3n muy limpia de los aromas que emanan de la copa r\u00e1pidamente, [&hellip;]<\/p>\n","protected":false},"featured_media":4858,"template":"","meta":{"_gspb_post_css":""},"store":[],"product_brand":[],"product_cat":[16],"product_tag":[],"class_list":{"0":"post-4859","1":"product","2":"type-product","3":"status-publish","4":"has-post-thumbnail","6":"product_cat-sin-categorizar","8":"first","9":"instock","10":"sale","11":"shipping-taxable","12":"product-type-external"},"jetpack_sharing_enabled":true,"_links":{"self":[{"href":"https:\/\/ofertacular.com\/index.php\/wp-json\/wp\/v2\/product\/4859","targetHints":{"allow":["GET"]}}],"collection":[{"href":"https:\/\/ofertacular.com\/index.php\/wp-json\/wp\/v2\/product"}],"about":[{"href":"https:\/\/ofertacular.com\/index.php\/wp-json\/wp\/v2\/types\/product"}],"wp:featuredmedia":[{"embeddable":true,"href":"https:\/\/ofertacular.com\/index.php\/wp-json\/wp\/v2\/media\/4858"}],"wp:attachment":[{"href":"https:\/\/ofertacular.com\/index.php\/wp-json\/wp\/v2\/media?parent=4859"}],"wp:term":[{"taxonomy":"store","embeddable":true,"href":"https:\/\/ofertacular.com\/index.php\/wp-json\/wp\/v2\/store?post=4859"},{"taxonomy":"product_brand","embeddable":true,"href":"https:\/\/ofertacular.com\/index.php\/wp-json\/wp\/v2\/product_brand?post=4859"},{"taxonomy":"product_cat","embeddable":true,"href":"https:\/\/ofertacular.com\/index.php\/wp-json\/wp\/v2\/product_cat?post=4859"},{"taxonomy":"product_tag","embeddable":true,"href":"https:\/\/ofertacular.com\/index.php\/wp-json\/wp\/v2\/product_tag?post=4859"}],"curies":[{"name":"wp","href":"https:\/\/api.w.org\/{rel}","templated":true}]}}