{"id":4865,"date":"2025-04-23T17:53:28","date_gmt":"2025-04-23T15:53:28","guid":{"rendered":"https:\/\/ofertacular.com\/index.php\/producto\/ninja-freidora-xl\/"},"modified":"2025-04-23T17:53:28","modified_gmt":"2025-04-23T15:53:28","slug":"ninja-freidora-xl","status":"publish","type":"product","link":"https:\/\/ofertacular.com\/index.php\/producto\/ninja-freidora-xl\/","title":{"rendered":"Ninja Freidora XL"},"content":{"rendered":"<div class=\"oferta-container\">\n<p>\ud83d\udfe5 <b>\u00a1DESCUENTO \u00daNICO!<\/b> \ud83d\udfe5 #Publicidad #Amazon #16<\/p>\n<p>\ud83d\udd34 <b>Freidora XL <\/b><\/p>\n<p>\u2705 <b>AHORA 188 \u20ac<\/b> \u2714\ufe0f\ud83d\udfe1<\/p>\n<p>\u274c Antes 269.99 \u20ac<\/p>\n<p>\ud83d\uded2: <a href=\"https:\/\/btz.es\/4JmT9h3\" target=\"_blank\" rel=\"nofollow noopener\">https:\/\/btz.es\/4JmT9h3<\/a><\/p>\n<p>&#8211; AHORRA ESPACIO EN TU COCINA: 30% m\u00e1s delgada comparado con el modelo AF400. Gran capacidad de 9,5 litros para alimentar hasta 8 personas. Cocina hasta un 55% m\u00e1s r\u00e1pido que los hornos el\u00e9ctricos probado con palitos de pescado y salchichas<br \/>\n&#8211; COCINA EN 4 NIVELES SIMULT\u00c1NEAMENTE: Incluye 2 cestas y 2 rejillas de base para comida, brindando 4 niveles para cocinar el doble de alimentos. Gracias a los ventiladores traseros, la comida se cocina y dora de forma uniforme en todos los niveles<br \/>\n&#8211; EFICIENCIA ENERG\u00c9TICA: Cocina con hasta un 55% menos de energ\u00eda que un horno* *Pruebas y c\u00e1lculos basados en el tiempo de cocci\u00f3n recomendado para salchichas, utilizando la funci\u00f3n de fre\u00edr con aire vs. un horno de 68 L con clasificaci\u00f3n \u201cA\u201d y 71 L con clasificaci\u00f3n \u201cA+\u00bb<br \/>\n&#8211; 6 FUNCIONES DE COCCI\u00d3N: Max Crisp, Fre\u00edr con aire, Asar, Hornear, Recalentar y Deshidratar. Hasta un 75% menos de grasa* utilizando la funci\u00f3n Fre\u00edr con aire *Probado con patatas fritas cortadas a mano. Funciones SYNC y MATCH para las 2 cestas<br \/>\n&#8211; INCLUYE: Ninja Double Stack XL Freidora de aire 9,5 L enchufe UE, 2 cestas de 4,75 l, 2 rejillas base antiadherentes, 2 rejillas. Piezas aptas para lavavajillas. Dimensiones: 38,5 cm x 28 cm x 47 cm. Peso: 10,3 kg. Color: Gris<\/p>\n<\/p><\/div>\n","protected":false},"excerpt":{"rendered":"<p>\ud83d\udfe5 \u00a1DESCUENTO \u00daNICO! \ud83d\udfe5 #Publicidad #Amazon #16 \ud83d\udd34 Freidora XL \u2705 AHORA 188 \u20ac \u2714\ufe0f\ud83d\udfe1 \u274c Antes 269.99 \u20ac \ud83d\uded2: https:\/\/btz.es\/4JmT9h3 &#8211; AHORRA ESPACIO EN TU COCINA: 30% m\u00e1s delgada comparado con el modelo AF400. Gran capacidad de 9,5 litros para alimentar hasta 8 personas. Cocina hasta un 55% m\u00e1s r\u00e1pido que los hornos el\u00e9ctricos [&hellip;]<\/p>\n","protected":false},"featured_media":4864,"template":"","meta":{"_gspb_post_css":""},"store":[],"product_brand":[],"product_cat":[16],"product_tag":[],"class_list":{"0":"post-4865","1":"product","2":"type-product","3":"status-publish","4":"has-post-thumbnail","6":"product_cat-sin-categorizar","8":"first","9":"instock","10":"sale","11":"shipping-taxable","12":"product-type-external"},"jetpack_sharing_enabled":true,"_links":{"self":[{"href":"https:\/\/ofertacular.com\/index.php\/wp-json\/wp\/v2\/product\/4865","targetHints":{"allow":["GET"]}}],"collection":[{"href":"https:\/\/ofertacular.com\/index.php\/wp-json\/wp\/v2\/product"}],"about":[{"href":"https:\/\/ofertacular.com\/index.php\/wp-json\/wp\/v2\/types\/product"}],"wp:featuredmedia":[{"embeddable":true,"href":"https:\/\/ofertacular.com\/index.php\/wp-json\/wp\/v2\/media\/4864"}],"wp:attachment":[{"href":"https:\/\/ofertacular.com\/index.php\/wp-json\/wp\/v2\/media?parent=4865"}],"wp:term":[{"taxonomy":"store","embeddable":true,"href":"https:\/\/ofertacular.com\/index.php\/wp-json\/wp\/v2\/store?post=4865"},{"taxonomy":"product_brand","embeddable":true,"href":"https:\/\/ofertacular.com\/index.php\/wp-json\/wp\/v2\/product_brand?post=4865"},{"taxonomy":"product_cat","embeddable":true,"href":"https:\/\/ofertacular.com\/index.php\/wp-json\/wp\/v2\/product_cat?post=4865"},{"taxonomy":"product_tag","embeddable":true,"href":"https:\/\/ofertacular.com\/index.php\/wp-json\/wp\/v2\/product_tag?post=4865"}],"curies":[{"name":"wp","href":"https:\/\/api.w.org\/{rel}","templated":true}]}}