{"id":4881,"date":"2025-04-24T10:15:33","date_gmt":"2025-04-24T08:15:33","guid":{"rendered":"https:\/\/ofertacular.com\/index.php\/producto\/citrus-fresh\/"},"modified":"2025-04-24T10:15:33","modified_gmt":"2025-04-24T08:15:33","slug":"citrus-fresh","status":"publish","type":"product","link":"https:\/\/ofertacular.com\/index.php\/producto\/citrus-fresh\/","title":{"rendered":"Citrus Fresh"},"content":{"rendered":"<div class=\"oferta-container\">\n<p>\ud83d\udfe5 <b>\u00a1NO TE LA PIERDAS!<\/b> \ud83d\udfe5 #Publicidad #Amazon #16<\/p>\n<p>\ud83d\udd34 <b>Bebida refrescante <\/b><\/p>\n<p>\u2705 <b>AHORA 14.99 \u20ac<\/b> \u2714\ufe0f\ud83d\udfe1<\/p>\n<p>\u274c Antes 21.60 \u20ac<\/p>\n<p>\ud83d\uded2: <a href=\"https:\/\/btz.es\/4JqSOb3\" target=\"_blank\" rel=\"nofollow noopener\">https:\/\/btz.es\/4JqSOb3<\/a><\/p>\n<p>&#8211; EFICAZ PROTECCI\u00d3N Y PREVENCI\u00d3N ANTICASPA, Hasta 100% de protecci\u00f3n anticaspa*, cl\u00ednicamente probado. *caspa visible, con uso regular<br \/>\n&#8211; \u00daSALO A DIARIO PARA MEJORES RESULTADOS Lavado tras lavado, mejora la hidrataci\u00f3n y reduce los problemas del cuero cabelludo, eliminando la caspa<br \/>\n&#8211; F\u00d3RMULA MICROBIOME BALANCE que act\u00faa sobre la causa principal de la caspa, respetando el pH y equilibrando el microbioma del cuero cabelludo<br \/>\n&#8211; DERMATOL\u00d3GICAMENTE TESTADO Champ\u00fa \u00f3ptimo para el d\u00eda a d\u00eda, para hombres y mujeres, para todo tipo de pelo y cuero cabelludo<\/p>\n<\/p><\/div>\n","protected":false},"excerpt":{"rendered":"<p>\ud83d\udfe5 \u00a1NO TE LA PIERDAS! \ud83d\udfe5 #Publicidad #Amazon #16 \ud83d\udd34 Bebida refrescante \u2705 AHORA 14.99 \u20ac \u2714\ufe0f\ud83d\udfe1 \u274c Antes 21.60 \u20ac \ud83d\uded2: https:\/\/btz.es\/4JqSOb3 &#8211; EFICAZ PROTECCI\u00d3N Y PREVENCI\u00d3N ANTICASPA, Hasta 100% de protecci\u00f3n anticaspa*, cl\u00ednicamente probado. *caspa visible, con uso regular &#8211; \u00daSALO A DIARIO PARA MEJORES RESULTADOS Lavado tras lavado, mejora la hidrataci\u00f3n y [&hellip;]<\/p>\n","protected":false},"featured_media":4880,"template":"","meta":{"_gspb_post_css":""},"store":[],"product_brand":[],"product_cat":[16],"product_tag":[],"class_list":{"0":"post-4881","1":"product","2":"type-product","3":"status-publish","4":"has-post-thumbnail","6":"product_cat-sin-categorizar","8":"first","9":"instock","10":"sale","11":"shipping-taxable","12":"product-type-external"},"jetpack_sharing_enabled":true,"_links":{"self":[{"href":"https:\/\/ofertacular.com\/index.php\/wp-json\/wp\/v2\/product\/4881","targetHints":{"allow":["GET"]}}],"collection":[{"href":"https:\/\/ofertacular.com\/index.php\/wp-json\/wp\/v2\/product"}],"about":[{"href":"https:\/\/ofertacular.com\/index.php\/wp-json\/wp\/v2\/types\/product"}],"wp:featuredmedia":[{"embeddable":true,"href":"https:\/\/ofertacular.com\/index.php\/wp-json\/wp\/v2\/media\/4880"}],"wp:attachment":[{"href":"https:\/\/ofertacular.com\/index.php\/wp-json\/wp\/v2\/media?parent=4881"}],"wp:term":[{"taxonomy":"store","embeddable":true,"href":"https:\/\/ofertacular.com\/index.php\/wp-json\/wp\/v2\/store?post=4881"},{"taxonomy":"product_brand","embeddable":true,"href":"https:\/\/ofertacular.com\/index.php\/wp-json\/wp\/v2\/product_brand?post=4881"},{"taxonomy":"product_cat","embeddable":true,"href":"https:\/\/ofertacular.com\/index.php\/wp-json\/wp\/v2\/product_cat?post=4881"},{"taxonomy":"product_tag","embeddable":true,"href":"https:\/\/ofertacular.com\/index.php\/wp-json\/wp\/v2\/product_tag?post=4881"}],"curies":[{"name":"wp","href":"https:\/\/api.w.org\/{rel}","templated":true}]}}