{"id":4919,"date":"2025-04-25T11:16:49","date_gmt":"2025-04-25T09:16:49","guid":{"rendered":"https:\/\/ofertacular.com\/index.php\/producto\/lenovo-monitor\/"},"modified":"2025-04-25T11:16:49","modified_gmt":"2025-04-25T09:16:49","slug":"lenovo-monitor","status":"publish","type":"product","link":"https:\/\/ofertacular.com\/index.php\/producto\/lenovo-monitor\/","title":{"rendered":"Lenovo Monitor"},"content":{"rendered":"<div class=\"oferta-container\">\n<p>\ud83d\udfe5 <b>\u00a1S\u00d3LO HOY!<\/b> \ud83d\udfe5 #Publicidad #Amazon #16<\/p>\n<p>\ud83d\udd34 <b>Monitor Lenovo <\/b><\/p>\n<p>\u2705 <b>AHORA 79.99 \u20ac<\/b> \u2714\ufe0f\ud83d\udfe1<\/p>\n<p>\u274c Antes 149.99 \u20ac<\/p>\n<p>\ud83d\uded2: <a href=\"https:\/\/btz.es\/4JwYLeR\" target=\"_blank\" rel=\"nofollow noopener\">https:\/\/btz.es\/4JwYLeR<\/a><\/p>\n<p>&#8211; El Lenovo L24i-4B es adecuado para utilizarlo como monitor de port\u00e1til, ordenador o consola Xbox\/PS5 gracias a su tama\u00f1o de 23,8\u201d, resoluci\u00f3n de 1920&#215;1080 px, frecuencia de 100 Hz y tiempo de respuesta de 4 ms<br \/>\n&#8211; Su dise\u00f1o sofisticado cuenta con biseles ultrafinos en sus 4 lados, ofreci\u00e9ndote una est\u00e9tica futurista y mayor amplitud visual<br \/>\n&#8211; La gama de colores sRGB del 99% proporciona una nitidez y resoluci\u00f3n de imagen excepcionales, mientras que los amplios \u00e1ngulos de visi\u00f3n de 178\u00b0 aseguran que no pierdas detalle alguno, sin importar desde d\u00f3nde observes<br \/>\n&#8211; Saca el m\u00e1ximo provecho a su conectividad con sus puertos VGA y HDMI que te ofrecen mayor flexibilidad como monitor para ordenador, consola de juegos y mucho m\u00e1s<br \/>\n&#8211; Su soporte ajustable permite cambiar el \u00e1ngulo de inclinaci\u00f3n para mas comodidad, y su capacidad de montaje VESA facilita montarlo en la pared o en un soporte m\u00f3vil para mayor flexibilidad<\/p>\n<\/p><\/div>\n","protected":false},"excerpt":{"rendered":"<p>\ud83d\udfe5 \u00a1S\u00d3LO HOY! \ud83d\udfe5 #Publicidad #Amazon #16 \ud83d\udd34 Monitor Lenovo \u2705 AHORA 79.99 \u20ac \u2714\ufe0f\ud83d\udfe1 \u274c Antes 149.99 \u20ac \ud83d\uded2: https:\/\/btz.es\/4JwYLeR &#8211; El Lenovo L24i-4B es adecuado para utilizarlo como monitor de port\u00e1til, ordenador o consola Xbox\/PS5 gracias a su tama\u00f1o de 23,8\u201d, resoluci\u00f3n de 1920&#215;1080 px, frecuencia de 100 Hz y tiempo de respuesta [&hellip;]<\/p>\n","protected":false},"featured_media":4918,"template":"","meta":{"_gspb_post_css":""},"store":[],"product_brand":[],"product_cat":[16],"product_tag":[],"class_list":{"0":"post-4919","1":"product","2":"type-product","3":"status-publish","4":"has-post-thumbnail","6":"product_cat-sin-categorizar","8":"first","9":"instock","10":"sale","11":"shipping-taxable","12":"product-type-external"},"jetpack_sharing_enabled":true,"_links":{"self":[{"href":"https:\/\/ofertacular.com\/index.php\/wp-json\/wp\/v2\/product\/4919","targetHints":{"allow":["GET"]}}],"collection":[{"href":"https:\/\/ofertacular.com\/index.php\/wp-json\/wp\/v2\/product"}],"about":[{"href":"https:\/\/ofertacular.com\/index.php\/wp-json\/wp\/v2\/types\/product"}],"wp:featuredmedia":[{"embeddable":true,"href":"https:\/\/ofertacular.com\/index.php\/wp-json\/wp\/v2\/media\/4918"}],"wp:attachment":[{"href":"https:\/\/ofertacular.com\/index.php\/wp-json\/wp\/v2\/media?parent=4919"}],"wp:term":[{"taxonomy":"store","embeddable":true,"href":"https:\/\/ofertacular.com\/index.php\/wp-json\/wp\/v2\/store?post=4919"},{"taxonomy":"product_brand","embeddable":true,"href":"https:\/\/ofertacular.com\/index.php\/wp-json\/wp\/v2\/product_brand?post=4919"},{"taxonomy":"product_cat","embeddable":true,"href":"https:\/\/ofertacular.com\/index.php\/wp-json\/wp\/v2\/product_cat?post=4919"},{"taxonomy":"product_tag","embeddable":true,"href":"https:\/\/ofertacular.com\/index.php\/wp-json\/wp\/v2\/product_tag?post=4919"}],"curies":[{"name":"wp","href":"https:\/\/api.w.org\/{rel}","templated":true}]}}