{"id":4940,"date":"2025-04-27T08:22:28","date_gmt":"2025-04-27T06:22:28","guid":{"rendered":"https:\/\/ofertacular.com\/index.php\/producto\/casco-modular\/"},"modified":"2025-04-27T08:22:28","modified_gmt":"2025-04-27T06:22:28","slug":"casco-modular","status":"publish","type":"product","link":"https:\/\/ofertacular.com\/index.php\/producto\/casco-modular\/","title":{"rendered":"Casco Modular"},"content":{"rendered":"<div class=\"oferta-container\">\n<p>\ud83d\udfe5 <b>\u00a1GANGAZO!<\/b> \ud83d\udfe5 #Publicidad #Amazon #16<\/p>\n<p>\ud83d\udd34 <b>Casco Modular <\/b><\/p>\n<p>\u2705 <b>AHORA 69.04 \u20ac<\/b> \u2714\ufe0f\ud83d\udfe1<\/p>\n<p>\u274c Antes 89.99 \u20ac<\/p>\n<p>\ud83d\uded2: <a href=\"https:\/\/btz.es\/4J7XUPi\" target=\"_blank\" rel=\"nofollow noopener\">https:\/\/btz.es\/4J7XUPi<\/a><\/p>\n<p>&#8211; Casco de moto de grado profesional: Cumple con la homologaci\u00f3n Europea ECE22.05. Un dise\u00f1o excitante, a la moda y con muchas caracter\u00edsticas avanzadas. Especialmente dise\u00f1ado para ciclomotores, motos de carretera, motos de nieve, motos de dirt y mucho m\u00e1s. Valido tanto para hombres como para mujeres.<br \/>\n&#8211; Materiales de calidad: Revestimiento aerodin\u00e1mico en ABS, EPS con acolchado multi densidad, correa reforzada con cierre microm\u00e9trico de liberaci\u00f3n r\u00e1pida<br \/>\n&#8211; Sistema doble pantalla: Sistema r\u00e1pido para intercambiar la visera. Sin necesidad de herramientas para eliminar o poner la visera transparente.<br \/>\n&#8211; Sistema de ventilaci\u00f3n: Ventilaciones de entrada y salida totalmente ajustables para crear un flujo de aire constante y ligero que ayuda a mantener al motociclista fresco y c\u00f3modo.<br \/>\n&#8211; C\u00f3modo forro: Interior totalmente extra\u00edble y lavable para mantener el casco limpio, fresco y sin olores.<\/p>\n<\/p><\/div>\n","protected":false},"excerpt":{"rendered":"<p>\ud83d\udfe5 \u00a1GANGAZO! \ud83d\udfe5 #Publicidad #Amazon #16 \ud83d\udd34 Casco Modular \u2705 AHORA 69.04 \u20ac \u2714\ufe0f\ud83d\udfe1 \u274c Antes 89.99 \u20ac \ud83d\uded2: https:\/\/btz.es\/4J7XUPi &#8211; Casco de moto de grado profesional: Cumple con la homologaci\u00f3n Europea ECE22.05. Un dise\u00f1o excitante, a la moda y con muchas caracter\u00edsticas avanzadas. Especialmente dise\u00f1ado para ciclomotores, motos de carretera, motos de nieve, motos [&hellip;]<\/p>\n","protected":false},"featured_media":4939,"template":"","meta":{"_gspb_post_css":""},"store":[],"product_brand":[],"product_cat":[16],"product_tag":[],"class_list":{"0":"post-4940","1":"product","2":"type-product","3":"status-publish","4":"has-post-thumbnail","6":"product_cat-sin-categorizar","8":"first","9":"instock","10":"sale","11":"shipping-taxable","12":"product-type-external"},"jetpack_sharing_enabled":true,"_links":{"self":[{"href":"https:\/\/ofertacular.com\/index.php\/wp-json\/wp\/v2\/product\/4940","targetHints":{"allow":["GET"]}}],"collection":[{"href":"https:\/\/ofertacular.com\/index.php\/wp-json\/wp\/v2\/product"}],"about":[{"href":"https:\/\/ofertacular.com\/index.php\/wp-json\/wp\/v2\/types\/product"}],"wp:featuredmedia":[{"embeddable":true,"href":"https:\/\/ofertacular.com\/index.php\/wp-json\/wp\/v2\/media\/4939"}],"wp:attachment":[{"href":"https:\/\/ofertacular.com\/index.php\/wp-json\/wp\/v2\/media?parent=4940"}],"wp:term":[{"taxonomy":"store","embeddable":true,"href":"https:\/\/ofertacular.com\/index.php\/wp-json\/wp\/v2\/store?post=4940"},{"taxonomy":"product_brand","embeddable":true,"href":"https:\/\/ofertacular.com\/index.php\/wp-json\/wp\/v2\/product_brand?post=4940"},{"taxonomy":"product_cat","embeddable":true,"href":"https:\/\/ofertacular.com\/index.php\/wp-json\/wp\/v2\/product_cat?post=4940"},{"taxonomy":"product_tag","embeddable":true,"href":"https:\/\/ofertacular.com\/index.php\/wp-json\/wp\/v2\/product_tag?post=4940"}],"curies":[{"name":"wp","href":"https:\/\/api.w.org\/{rel}","templated":true}]}}