{"id":4942,"date":"2025-04-27T08:23:48","date_gmt":"2025-04-27T06:23:48","guid":{"rendered":"https:\/\/ofertacular.com\/index.php\/producto\/babygo-bursa\/"},"modified":"2025-04-27T08:23:48","modified_gmt":"2025-04-27T06:23:48","slug":"babygo-bursa","status":"publish","type":"product","link":"https:\/\/ofertacular.com\/index.php\/producto\/babygo-bursa\/","title":{"rendered":"babyGO Bursa"},"content":{"rendered":"<div class=\"oferta-container\">\n<p>\ud83d\udfe5 <b>SUPER OFERTA<\/b> \ud83d\udfe5 #Publicidad #Amazon #16<\/p>\n<p>\ud83d\udd34 <b>Silla beb\u00e9 <\/b><\/p>\n<p>\u2705 <b>AHORA 24.08 \u20ac<\/b> \u2714\ufe0f\ud83d\udfe1<\/p>\n<p>\u274c Antes 40.57 \u20ac<\/p>\n<p>\ud83d\uded2: <a href=\"https:\/\/btz.es\/4J7YpKg\" target=\"_blank\" rel=\"nofollow noopener\">https:\/\/btz.es\/4J7YpKg<\/a><\/p>\n<p>&#8211; Seg\u00fan la nueva norma I-SIZE \u2013 el asiento elevador BABYGO Bursa III est\u00e1 aprobado seg\u00fan la nueva regulaci\u00f3n I size para ni\u00f1os de 135 \u2013 150 cm seg\u00fan ECE R129<br \/>\n&#8211; Material de espuma aeron\u00e1utica de alta densidad: la espuma aeron\u00e1utica de alta densidad y la funci\u00f3n de espuma proporcionan una comodidad especial en viajes largos en coche. El material transpirable garantiza una temperatura corporal \u00f3ptima incluso en temperaturas m\u00e1s c\u00e1lidas. La funda se puede quitar y lavar f\u00e1cilmente<br \/>\n&#8211; Bajo peso propio: gracias al bajo peso del elevador, se puede llevar a cualquier lugar, por ejemplo, en viajes<br \/>\n&#8211; Sistema ISOFIX seguro: el sistema Isofix permite una instalaci\u00f3n estable, segura y r\u00e1pida del asiento elevador en el coche. Tambi\u00e9n se puede utilizar sin Isofix, con el cintur\u00f3n de 3 puntos del coche.<br \/>\n&#8211; Calidad \u00fanica: el elevador infantil de BABYGO se ha fabricado con materiales de alta calidad con un trabajo detallado. Garantiza un m\u00e1ximo confort<\/p>\n<\/p><\/div>\n","protected":false},"excerpt":{"rendered":"<p>\ud83d\udfe5 SUPER OFERTA \ud83d\udfe5 #Publicidad #Amazon #16 \ud83d\udd34 Silla beb\u00e9 \u2705 AHORA 24.08 \u20ac \u2714\ufe0f\ud83d\udfe1 \u274c Antes 40.57 \u20ac \ud83d\uded2: https:\/\/btz.es\/4J7YpKg &#8211; Seg\u00fan la nueva norma I-SIZE \u2013 el asiento elevador BABYGO Bursa III est\u00e1 aprobado seg\u00fan la nueva regulaci\u00f3n I size para ni\u00f1os de 135 \u2013 150 cm seg\u00fan ECE R129 &#8211; Material de [&hellip;]<\/p>\n","protected":false},"featured_media":4941,"template":"","meta":{"_gspb_post_css":""},"store":[],"product_brand":[],"product_cat":[16],"product_tag":[],"class_list":{"0":"post-4942","1":"product","2":"type-product","3":"status-publish","4":"has-post-thumbnail","6":"product_cat-sin-categorizar","8":"first","9":"instock","10":"sale","11":"shipping-taxable","12":"product-type-external"},"jetpack_sharing_enabled":true,"_links":{"self":[{"href":"https:\/\/ofertacular.com\/index.php\/wp-json\/wp\/v2\/product\/4942","targetHints":{"allow":["GET"]}}],"collection":[{"href":"https:\/\/ofertacular.com\/index.php\/wp-json\/wp\/v2\/product"}],"about":[{"href":"https:\/\/ofertacular.com\/index.php\/wp-json\/wp\/v2\/types\/product"}],"wp:featuredmedia":[{"embeddable":true,"href":"https:\/\/ofertacular.com\/index.php\/wp-json\/wp\/v2\/media\/4941"}],"wp:attachment":[{"href":"https:\/\/ofertacular.com\/index.php\/wp-json\/wp\/v2\/media?parent=4942"}],"wp:term":[{"taxonomy":"store","embeddable":true,"href":"https:\/\/ofertacular.com\/index.php\/wp-json\/wp\/v2\/store?post=4942"},{"taxonomy":"product_brand","embeddable":true,"href":"https:\/\/ofertacular.com\/index.php\/wp-json\/wp\/v2\/product_brand?post=4942"},{"taxonomy":"product_cat","embeddable":true,"href":"https:\/\/ofertacular.com\/index.php\/wp-json\/wp\/v2\/product_cat?post=4942"},{"taxonomy":"product_tag","embeddable":true,"href":"https:\/\/ofertacular.com\/index.php\/wp-json\/wp\/v2\/product_tag?post=4942"}],"curies":[{"name":"wp","href":"https:\/\/api.w.org\/{rel}","templated":true}]}}