{"id":4948,"date":"2025-04-27T08:29:51","date_gmt":"2025-04-27T06:29:51","guid":{"rendered":"https:\/\/ofertacular.com\/index.php\/producto\/olla-presion\/"},"modified":"2025-04-27T08:29:51","modified_gmt":"2025-04-27T06:29:51","slug":"olla-presion","status":"publish","type":"product","link":"https:\/\/ofertacular.com\/index.php\/producto\/olla-presion\/","title":{"rendered":"Olla Presi\u00f3n"},"content":{"rendered":"<div class=\"oferta-container\">\n<p>\ud83d\udfe5 <b>AHORRA AQU\u00cd<\/b> \ud83d\udfe5 #Publicidad #Amazon #16<\/p>\n<p>\ud83d\udd34 <b>Olla r\u00e1pida <\/b><\/p>\n<p>\u2705 <b>AHORA 46.72 \u20ac<\/b> \u2714\ufe0f\ud83d\udfe1<\/p>\n<p>\u274c Antes 67.47 \u20ac<\/p>\n<p>\ud83d\uded2: <a href=\"https:\/\/btz.es\/4J7ZLU3\" target=\"_blank\" rel=\"nofollow noopener\">https:\/\/btz.es\/4J7ZLU3<\/a><\/p>\n<p>&#8211; Con Selecta, t\u00fa eliges c\u00f3mo cocinar gracias a su selector gradual de presi\u00f3n que te har\u00e1 la vida m\u00e1s f\u00e1cil<br \/>\n&#8211; Fabricada en Acero inoxidable 18\/10 AISI 304: m\u00e1xima calidad en acero inoxidable<br \/>\n&#8211; Gran espesor de la base: 5,3 mm<br \/>\n&#8211; Cuatro sistemas de seguridad con el que cocinar\u00e1s de la manera r\u00e1pida y segura<br \/>\n&#8211; Triple fondo difusor Full Induction con el que conseguir\u00e1s el m\u00e1ximo aprovechamiento del calor<br \/>\n&#8211; Selector gradual de presi\u00f3n: la olla a presi\u00f3n tiene un regulador que permite una selecci\u00f3n gradual de la presi\u00f3n Select&amp;Cook System<br \/>\n&#8211; Facilidad de uso, ahorro del 70% de tiempo y energ\u00eda respecto a la cocci\u00f3n tradicional<br \/>\n&#8211; Mango de tijera que permite una f\u00e1cil y pr\u00e1ctica apertura sin renunciar a un innovador dise\u00f1o<br \/>\n&#8211; Apta para todo tipo de cocinas, incluida inducci\u00f3n<br \/>\n&#8211; Cuerpo apto para limpieza en lavavajillas<\/p>\n<\/p><\/div>\n","protected":false},"excerpt":{"rendered":"<p>\ud83d\udfe5 AHORRA AQU\u00cd \ud83d\udfe5 #Publicidad #Amazon #16 \ud83d\udd34 Olla r\u00e1pida \u2705 AHORA 46.72 \u20ac \u2714\ufe0f\ud83d\udfe1 \u274c Antes 67.47 \u20ac \ud83d\uded2: https:\/\/btz.es\/4J7ZLU3 &#8211; Con Selecta, t\u00fa eliges c\u00f3mo cocinar gracias a su selector gradual de presi\u00f3n que te har\u00e1 la vida m\u00e1s f\u00e1cil &#8211; Fabricada en Acero inoxidable 18\/10 AISI 304: m\u00e1xima calidad en acero inoxidable [&hellip;]<\/p>\n","protected":false},"featured_media":4947,"template":"","meta":{"_gspb_post_css":""},"store":[],"product_brand":[],"product_cat":[16],"product_tag":[],"class_list":{"0":"post-4948","1":"product","2":"type-product","3":"status-publish","4":"has-post-thumbnail","6":"product_cat-sin-categorizar","8":"first","9":"instock","10":"sale","11":"shipping-taxable","12":"product-type-external"},"jetpack_sharing_enabled":true,"_links":{"self":[{"href":"https:\/\/ofertacular.com\/index.php\/wp-json\/wp\/v2\/product\/4948","targetHints":{"allow":["GET"]}}],"collection":[{"href":"https:\/\/ofertacular.com\/index.php\/wp-json\/wp\/v2\/product"}],"about":[{"href":"https:\/\/ofertacular.com\/index.php\/wp-json\/wp\/v2\/types\/product"}],"wp:featuredmedia":[{"embeddable":true,"href":"https:\/\/ofertacular.com\/index.php\/wp-json\/wp\/v2\/media\/4947"}],"wp:attachment":[{"href":"https:\/\/ofertacular.com\/index.php\/wp-json\/wp\/v2\/media?parent=4948"}],"wp:term":[{"taxonomy":"store","embeddable":true,"href":"https:\/\/ofertacular.com\/index.php\/wp-json\/wp\/v2\/store?post=4948"},{"taxonomy":"product_brand","embeddable":true,"href":"https:\/\/ofertacular.com\/index.php\/wp-json\/wp\/v2\/product_brand?post=4948"},{"taxonomy":"product_cat","embeddable":true,"href":"https:\/\/ofertacular.com\/index.php\/wp-json\/wp\/v2\/product_cat?post=4948"},{"taxonomy":"product_tag","embeddable":true,"href":"https:\/\/ofertacular.com\/index.php\/wp-json\/wp\/v2\/product_tag?post=4948"}],"curies":[{"name":"wp","href":"https:\/\/api.w.org\/{rel}","templated":true}]}}