{"id":4954,"date":"2025-04-27T08:43:02","date_gmt":"2025-04-27T06:43:02","guid":{"rendered":"https:\/\/ofertacular.com\/index.php\/producto\/mango-maracuya\/"},"modified":"2025-04-27T08:43:02","modified_gmt":"2025-04-27T06:43:02","slug":"mango-maracuya","status":"publish","type":"product","link":"https:\/\/ofertacular.com\/index.php\/producto\/mango-maracuya\/","title":{"rendered":"Mango Maracuy\u00e1"},"content":{"rendered":"<div class=\"oferta-container\">\n<p>\ud83d\udfe5 <b>ES UN CHOLL\u00d3N<\/b> \ud83d\udfe5 #Publicidad #Amazon #16<\/p>\n<p>\ud83d\udd34 <b>Fruta tropical <\/b><\/p>\n<p>\u2705 <b>AHORA 1 \u20ac<\/b> \u2714\ufe0f\ud83d\udfe1<\/p>\n<p>\u274c Antes 1.49 \u20ac<\/p>\n<p>\ud83d\uded2: <a href=\"https:\/\/btz.es\/4J8dfFA\" target=\"_blank\" rel=\"nofollow noopener\">https:\/\/btz.es\/4J8dfFA<\/a><\/p>\n<p>&#8211; T\u00e9 helado de mango maracuy\u00e1<br \/>\n&#8211; Pack de 24 latas de 330 ml<br \/>\n&#8211; Bajo en calor\u00edas<br \/>\n&#8211; Bebida refrescante de t\u00e9<br \/>\n&#8211; Mantener en lugar fresco, oscuro y seco<\/p>\n<\/p><\/div>\n","protected":false},"excerpt":{"rendered":"<p>\ud83d\udfe5 ES UN CHOLL\u00d3N \ud83d\udfe5 #Publicidad #Amazon #16 \ud83d\udd34 Fruta tropical \u2705 AHORA 1 \u20ac \u2714\ufe0f\ud83d\udfe1 \u274c Antes 1.49 \u20ac \ud83d\uded2: https:\/\/btz.es\/4J8dfFA &#8211; T\u00e9 helado de mango maracuy\u00e1 &#8211; Pack de 24 latas de 330 ml &#8211; Bajo en calor\u00edas &#8211; Bebida refrescante de t\u00e9 &#8211; Mantener en lugar fresco, oscuro y seco<\/p>\n","protected":false},"featured_media":4953,"template":"","meta":{"_gspb_post_css":""},"store":[],"product_brand":[],"product_cat":[16],"product_tag":[],"class_list":{"0":"post-4954","1":"product","2":"type-product","3":"status-publish","4":"has-post-thumbnail","6":"product_cat-sin-categorizar","8":"first","9":"instock","10":"sale","11":"shipping-taxable","12":"product-type-external"},"jetpack_sharing_enabled":true,"_links":{"self":[{"href":"https:\/\/ofertacular.com\/index.php\/wp-json\/wp\/v2\/product\/4954","targetHints":{"allow":["GET"]}}],"collection":[{"href":"https:\/\/ofertacular.com\/index.php\/wp-json\/wp\/v2\/product"}],"about":[{"href":"https:\/\/ofertacular.com\/index.php\/wp-json\/wp\/v2\/types\/product"}],"wp:featuredmedia":[{"embeddable":true,"href":"https:\/\/ofertacular.com\/index.php\/wp-json\/wp\/v2\/media\/4953"}],"wp:attachment":[{"href":"https:\/\/ofertacular.com\/index.php\/wp-json\/wp\/v2\/media?parent=4954"}],"wp:term":[{"taxonomy":"store","embeddable":true,"href":"https:\/\/ofertacular.com\/index.php\/wp-json\/wp\/v2\/store?post=4954"},{"taxonomy":"product_brand","embeddable":true,"href":"https:\/\/ofertacular.com\/index.php\/wp-json\/wp\/v2\/product_brand?post=4954"},{"taxonomy":"product_cat","embeddable":true,"href":"https:\/\/ofertacular.com\/index.php\/wp-json\/wp\/v2\/product_cat?post=4954"},{"taxonomy":"product_tag","embeddable":true,"href":"https:\/\/ofertacular.com\/index.php\/wp-json\/wp\/v2\/product_tag?post=4954"}],"curies":[{"name":"wp","href":"https:\/\/api.w.org\/{rel}","templated":true}]}}