{"id":4966,"date":"2025-04-28T08:32:03","date_gmt":"2025-04-28T06:32:03","guid":{"rendered":"https:\/\/ofertacular.com\/index.php\/producto\/kids-headphones\/"},"modified":"2025-04-28T08:32:03","modified_gmt":"2025-04-28T06:32:03","slug":"kids-headphones","status":"publish","type":"product","link":"https:\/\/ofertacular.com\/index.php\/producto\/kids-headphones\/","title":{"rendered":"Kids Headphones"},"content":{"rendered":"<div class=\"oferta-container\">\n<p>\ud83d\udfe5 <b>\u00a1DESCUENTO \u00daNICO!<\/b> \ud83d\udfe5 #Publicidad #Amazon #16<\/p>\n<p>\ud83d\udd34 <b>Auriculares Ni\u00f1os <\/b><\/p>\n<p>\u2705 <b>AHORA 3.09 \u20ac<\/b> \u2714\ufe0f\ud83d\udfe1<\/p>\n<p>\u274c Antes 11.99 \u20ac<\/p>\n<p>\ud83d\uded2: <a href=\"https:\/\/btz.es\/4JDQQDS\" target=\"_blank\" rel=\"nofollow noopener\">https:\/\/btz.es\/4JDQQDS<\/a><\/p>\n<p>&#8211; AURICULARES SONIC: Auriculares infantiles con licencia Sonic. El personaje preferido de los m\u00e1s peque\u00f1os viaja de la pantalla de cine y videojuegos a tu casa. \u00a1La aventura est\u00e1 garantizada!<br \/>\n&#8211; MUSIC SHARE: Conecta dos auriculares con la toma de salida de audio para que los peques puedan escuchar m\u00fasica o ver contenido multimedia en compa\u00f1\u00eda.<br \/>\n&#8211; SAFE FOR KIDS: Cascos para ni\u00f1os dise\u00f1ados con materiales aptos para su uso y l\u00edmite de volumen de 85 dB, que protege la salud auditiva de los m\u00e1s peque\u00f1os.<br \/>\n&#8211; MICR\u00d3FONO INTEGRADO: Aud\u00edfonos para ni\u00f1os con cable de audio extra\u00edble para una mayor seguridad y comodidad. Micr\u00f3fono integrado para aprender y comunicarse con profesores y compa\u00f1eros en las videollamadas del colegio.<\/p>\n<\/p><\/div>\n","protected":false},"excerpt":{"rendered":"<p>\ud83d\udfe5 \u00a1DESCUENTO \u00daNICO! \ud83d\udfe5 #Publicidad #Amazon #16 \ud83d\udd34 Auriculares Ni\u00f1os \u2705 AHORA 3.09 \u20ac \u2714\ufe0f\ud83d\udfe1 \u274c Antes 11.99 \u20ac \ud83d\uded2: https:\/\/btz.es\/4JDQQDS &#8211; AURICULARES SONIC: Auriculares infantiles con licencia Sonic. El personaje preferido de los m\u00e1s peque\u00f1os viaja de la pantalla de cine y videojuegos a tu casa. \u00a1La aventura est\u00e1 garantizada! &#8211; MUSIC SHARE: Conecta [&hellip;]<\/p>\n","protected":false},"featured_media":4965,"template":"","meta":{"_gspb_post_css":""},"store":[],"product_brand":[],"product_cat":[16],"product_tag":[],"class_list":{"0":"post-4966","1":"product","2":"type-product","3":"status-publish","4":"has-post-thumbnail","6":"product_cat-sin-categorizar","8":"first","9":"instock","10":"sale","11":"shipping-taxable","12":"product-type-external"},"jetpack_sharing_enabled":true,"_links":{"self":[{"href":"https:\/\/ofertacular.com\/index.php\/wp-json\/wp\/v2\/product\/4966","targetHints":{"allow":["GET"]}}],"collection":[{"href":"https:\/\/ofertacular.com\/index.php\/wp-json\/wp\/v2\/product"}],"about":[{"href":"https:\/\/ofertacular.com\/index.php\/wp-json\/wp\/v2\/types\/product"}],"wp:featuredmedia":[{"embeddable":true,"href":"https:\/\/ofertacular.com\/index.php\/wp-json\/wp\/v2\/media\/4965"}],"wp:attachment":[{"href":"https:\/\/ofertacular.com\/index.php\/wp-json\/wp\/v2\/media?parent=4966"}],"wp:term":[{"taxonomy":"store","embeddable":true,"href":"https:\/\/ofertacular.com\/index.php\/wp-json\/wp\/v2\/store?post=4966"},{"taxonomy":"product_brand","embeddable":true,"href":"https:\/\/ofertacular.com\/index.php\/wp-json\/wp\/v2\/product_brand?post=4966"},{"taxonomy":"product_cat","embeddable":true,"href":"https:\/\/ofertacular.com\/index.php\/wp-json\/wp\/v2\/product_cat?post=4966"},{"taxonomy":"product_tag","embeddable":true,"href":"https:\/\/ofertacular.com\/index.php\/wp-json\/wp\/v2\/product_tag?post=4966"}],"curies":[{"name":"wp","href":"https:\/\/api.w.org\/{rel}","templated":true}]}}