{"id":4968,"date":"2025-04-28T08:33:17","date_gmt":"2025-04-28T06:33:17","guid":{"rendered":"https:\/\/ofertacular.com\/index.php\/producto\/pistola-masaje-2\/"},"modified":"2025-04-28T08:33:17","modified_gmt":"2025-04-28T06:33:17","slug":"pistola-masaje-2","status":"publish","type":"product","link":"https:\/\/ofertacular.com\/index.php\/producto\/pistola-masaje-2\/","title":{"rendered":"Pistola Masaje"},"content":{"rendered":"<div class=\"oferta-container\">\n<p>\ud83d\udfe5 <b>DESCUENTO<\/b> \ud83d\udfe5 #Publicidad #Amazon #16<\/p>\n<p>\ud83d\udd34 <b>Pistola masaje <\/b><\/p>\n<p>\u2705 <b>AHORA 39.99 \u20ac<\/b> \u2714\ufe0f\ud83d\udfe1<\/p>\n<p>\u274c Antes 59.99 \u20ac<\/p>\n<p>\ud83d\uded2: <a href=\"https:\/\/btz.es\/4JDRkm2\" target=\"_blank\" rel=\"nofollow noopener\">https:\/\/btz.es\/4JDRkm2<\/a><\/p>\n<p>&#8211; Innovador mango ergon\u00f3mico antideslizante desmontable: es tanto una pistola de masaje extendida como una mini pistola de masaje que puede apuntar sin esfuerzo a tu espalda y otras zonas de dif\u00edcil acceso para un masaje relajante de todo el cuerpo por ti mismo que una pistola masajeadora habitual para mejorar el sue\u00f1o<br \/>\n&#8211; Potente pistola de masaje de percusi\u00f3n: Renpho se dedica a ofrecer una pistola de masaje deportiva m\u00e1s exquisita e intensa para el dolor de espalda y cintura. Nuestros masajeadores est\u00e1n equipados con motores sin escobillas de alta calidad, que proporcionan una alta penetraci\u00f3n, profundidad de masaje de 8 mm y alivian mejor la fatiga muscular y el dolor. Adem\u00e1s, su sonido de funcionamiento todav\u00eda se controla a un nivel que puede hacer que las personas duerman tranquilamente &lt;45 dB<br \/>\n&#8211; Carga r\u00e1pida tipo C: esta mini pistola de masaje con un mango de extensi\u00f3n soporta C-C y USB-C solo cable USB-C con el paquete, que puede ser alimentado por una bater\u00eda recargable de ciclo 5 veces m\u00e1s largo. La excelente duraci\u00f3n de la bater\u00eda tambi\u00e9n te permite llevarla contigo y usarla durante mucho tiempo para aliviar la fatiga y reducir el estr\u00e9s en cualquier momento y en cualquier lugar<br \/>\n&#8211; Pantalla t\u00e1ctil LED: la pantalla LED creativa muestra la capacidad de la bater\u00eda y el nivel de velocidad de funcionamiento actual. Nuestra pistola de masaje ofrece 4 cabezales de masaje y 5 niveles de velocidad para adaptarse a tus necesidades.<br \/>\n&#8211; Mejor regalo: La pistola de masaje de dise\u00f1o \u00fanico de mango largo es adecuada para diferentes edades. No solo puede masajear el cuello, los hombros y la espalda, sino que tambi\u00e9n se puede desmontar como una mini pistola masajeadora. Es un regalo relajante perfecto para padres, hombres y mujeres en el d\u00eda del padre, d\u00eda de San Valent\u00edn, Navidad, cumplea\u00f1os, etc.<\/p>\n<\/p><\/div>\n","protected":false},"excerpt":{"rendered":"<p>\ud83d\udfe5 DESCUENTO \ud83d\udfe5 #Publicidad #Amazon #16 \ud83d\udd34 Pistola masaje \u2705 AHORA 39.99 \u20ac \u2714\ufe0f\ud83d\udfe1 \u274c Antes 59.99 \u20ac \ud83d\uded2: https:\/\/btz.es\/4JDRkm2 &#8211; Innovador mango ergon\u00f3mico antideslizante desmontable: es tanto una pistola de masaje extendida como una mini pistola de masaje que puede apuntar sin esfuerzo a tu espalda y otras zonas de dif\u00edcil acceso para un [&hellip;]<\/p>\n","protected":false},"featured_media":4967,"template":"","meta":{"_gspb_post_css":""},"store":[],"product_brand":[],"product_cat":[16],"product_tag":[],"class_list":{"0":"post-4968","1":"product","2":"type-product","3":"status-publish","4":"has-post-thumbnail","6":"product_cat-sin-categorizar","8":"first","9":"instock","10":"sale","11":"shipping-taxable","12":"product-type-external"},"jetpack_sharing_enabled":true,"_links":{"self":[{"href":"https:\/\/ofertacular.com\/index.php\/wp-json\/wp\/v2\/product\/4968","targetHints":{"allow":["GET"]}}],"collection":[{"href":"https:\/\/ofertacular.com\/index.php\/wp-json\/wp\/v2\/product"}],"about":[{"href":"https:\/\/ofertacular.com\/index.php\/wp-json\/wp\/v2\/types\/product"}],"wp:featuredmedia":[{"embeddable":true,"href":"https:\/\/ofertacular.com\/index.php\/wp-json\/wp\/v2\/media\/4967"}],"wp:attachment":[{"href":"https:\/\/ofertacular.com\/index.php\/wp-json\/wp\/v2\/media?parent=4968"}],"wp:term":[{"taxonomy":"store","embeddable":true,"href":"https:\/\/ofertacular.com\/index.php\/wp-json\/wp\/v2\/store?post=4968"},{"taxonomy":"product_brand","embeddable":true,"href":"https:\/\/ofertacular.com\/index.php\/wp-json\/wp\/v2\/product_brand?post=4968"},{"taxonomy":"product_cat","embeddable":true,"href":"https:\/\/ofertacular.com\/index.php\/wp-json\/wp\/v2\/product_cat?post=4968"},{"taxonomy":"product_tag","embeddable":true,"href":"https:\/\/ofertacular.com\/index.php\/wp-json\/wp\/v2\/product_tag?post=4968"}],"curies":[{"name":"wp","href":"https:\/\/api.w.org\/{rel}","templated":true}]}}