{"id":4974,"date":"2025-04-28T08:37:00","date_gmt":"2025-04-28T06:37:00","guid":{"rendered":"https:\/\/ofertacular.com\/index.php\/producto\/freezer-containers\/"},"modified":"2025-04-28T08:37:00","modified_gmt":"2025-04-28T06:37:00","slug":"freezer-containers","status":"publish","type":"product","link":"https:\/\/ofertacular.com\/index.php\/producto\/freezer-containers\/","title":{"rendered":"Freezer Containers"},"content":{"rendered":"<div class=\"oferta-container\">\n<p>\ud83d\udfe5 <b>\u00a1S\u00d3LO HOY!<\/b> \ud83d\udfe5 #Publicidad #Amazon #8<\/p>\n<p>\ud83d\udd34 <b>Contenedores Freezer <\/b><\/p>\n<p>\u2705 <b>AHORA 6.49 \u20ac<\/b> \u2714\ufe0f\ud83d\udfe1<\/p>\n<p>\u274c Antes 9.33 \u20ac<\/p>\n<p>\ud83d\uded2: <a href=\"https:\/\/btz.es\/4JDSgw6\" target=\"_blank\" rel=\"nofollow noopener\">https:\/\/btz.es\/4JDSgw6<\/a><\/p>\n<p>&#8211; Set de recipientes para congelar alimentos sin BPA: Congela, almacena, mantiene frescos y transporta los alimentos &#8211; Adecuado para porcionar y servir las comidas y guardar peque\u00f1os utensilios<br \/>\n&#8211; Almacenamiento fiable: tapa segura de cierre a presi\u00f3n, Apta para alimentos, Temperatura de uso de -20\u00b0 a +100\u00b0C<br \/>\n&#8211; F\u00e1cil etiquetado del recipiente con el contenido y la fecha de congelaci\u00f3n\/preparaci\u00f3n gracias a la etiqueta que se puede borrar, Los recipientes y tapas encajan entre s\u00ed, Anidable y apilable, F\u00e1cil apertura y cierre gracias a la solapa de la esquina<br \/>\n&#8211; F\u00e1cil de limpiar: Apto para el lavavajillas, Apto para el congelador, Etiqueta integrada en la tapa, Pl\u00e1stico PP libre de BPA y plastificantes, No libera sustancias nocivas<br \/>\n&#8211; Contenido: 1x keeeper Set de 5 recipientes de congelaci\u00f3n, Tapas con etiqueta reutilizable, 5 x 500 ml, 480 ml de capacidad real con tapa de cierre, Mia Magic Ice, Dimensiones ANxPxAL: 15,5 x 10,5 x 6 cm, Color: Azul Nordic, Art: 3068968028600<\/p>\n<\/p><\/div>\n","protected":false},"excerpt":{"rendered":"<p>\ud83d\udfe5 \u00a1S\u00d3LO HOY! \ud83d\udfe5 #Publicidad #Amazon #8 \ud83d\udd34 Contenedores Freezer \u2705 AHORA 6.49 \u20ac \u2714\ufe0f\ud83d\udfe1 \u274c Antes 9.33 \u20ac \ud83d\uded2: https:\/\/btz.es\/4JDSgw6 &#8211; Set de recipientes para congelar alimentos sin BPA: Congela, almacena, mantiene frescos y transporta los alimentos &#8211; Adecuado para porcionar y servir las comidas y guardar peque\u00f1os utensilios &#8211; Almacenamiento fiable: tapa segura [&hellip;]<\/p>\n","protected":false},"featured_media":4973,"template":"","meta":{"_gspb_post_css":""},"store":[],"product_brand":[],"product_cat":[16],"product_tag":[],"class_list":{"0":"post-4974","1":"product","2":"type-product","3":"status-publish","4":"has-post-thumbnail","6":"product_cat-sin-categorizar","8":"first","9":"instock","10":"sale","11":"shipping-taxable","12":"product-type-external"},"jetpack_sharing_enabled":true,"_links":{"self":[{"href":"https:\/\/ofertacular.com\/index.php\/wp-json\/wp\/v2\/product\/4974","targetHints":{"allow":["GET"]}}],"collection":[{"href":"https:\/\/ofertacular.com\/index.php\/wp-json\/wp\/v2\/product"}],"about":[{"href":"https:\/\/ofertacular.com\/index.php\/wp-json\/wp\/v2\/types\/product"}],"wp:featuredmedia":[{"embeddable":true,"href":"https:\/\/ofertacular.com\/index.php\/wp-json\/wp\/v2\/media\/4973"}],"wp:attachment":[{"href":"https:\/\/ofertacular.com\/index.php\/wp-json\/wp\/v2\/media?parent=4974"}],"wp:term":[{"taxonomy":"store","embeddable":true,"href":"https:\/\/ofertacular.com\/index.php\/wp-json\/wp\/v2\/store?post=4974"},{"taxonomy":"product_brand","embeddable":true,"href":"https:\/\/ofertacular.com\/index.php\/wp-json\/wp\/v2\/product_brand?post=4974"},{"taxonomy":"product_cat","embeddable":true,"href":"https:\/\/ofertacular.com\/index.php\/wp-json\/wp\/v2\/product_cat?post=4974"},{"taxonomy":"product_tag","embeddable":true,"href":"https:\/\/ofertacular.com\/index.php\/wp-json\/wp\/v2\/product_tag?post=4974"}],"curies":[{"name":"wp","href":"https:\/\/api.w.org\/{rel}","templated":true}]}}