{"id":4992,"date":"2025-04-28T10:55:11","date_gmt":"2025-04-28T08:55:11","guid":{"rendered":"https:\/\/ofertacular.com\/index.php\/producto\/philips-led\/"},"modified":"2025-04-28T10:55:11","modified_gmt":"2025-04-28T08:55:11","slug":"philips-led","status":"publish","type":"product","link":"https:\/\/ofertacular.com\/index.php\/producto\/philips-led\/","title":{"rendered":"Philips LED"},"content":{"rendered":"<div class=\"oferta-container\">\n<p>\ud83d\udfe5 <b>\u00a1OFERT\u00d3N!<\/b> \ud83d\udfe5 #Publicidad #Amazon #16<\/p>\n<p>\ud83d\udd34 <b>LED Philips <\/b><\/p>\n<p>\u2705 <b>AHORA 8.49 \u20ac<\/b> \u2714\ufe0f\ud83d\udfe1<\/p>\n<p>\u274c Antes 11.99 \u20ac<\/p>\n<p>\ud83d\uded2: <a href=\"https:\/\/btz.es\/4JE0TnY\" target=\"_blank\" rel=\"nofollow noopener\">https:\/\/btz.es\/4JE0TnY<\/a><\/p>\n<p>&#8211; Aut\u00e9ntica incandescente c\u00e1lida como la luz blanca: esta bombilla tiene una temperatura de color de 2700 K, lo que te proporciona un ambiente c\u00e1lido y tranquilo, perfecto para relajarte. Esta luz de 2700 K es ideal para el dise\u00f1o de iluminaci\u00f3n del hogar.<br \/>\n&#8211; Mejor para tu cartera y el planeta: la tecnolog\u00eda LED ahorra hasta un 80% de energ\u00eda en comparaci\u00f3n con tu bombilla est\u00e1ndar. Por lo tanto, se paga por s\u00ed mismo y te ahorra dinero a\u00f1o tras a\u00f1o. Tambi\u00e9n ayuda a proteger el medio ambiente.<br \/>\n&#8211; Dise\u00f1ado para la comodidad de tus ojos: es f\u00e1cil ver c\u00f3mo la iluminaci\u00f3n agresiva puede tensar los ojos. Demasiado brillante y obtienes deslumbramiento. Demasiado suave y experimentas parpadeo. Ahora puedes iluminar suavemente tu mundo con LED dise\u00f1ados para ser agradables a la vista y crear el ambiente perfecto para tu hogar.<br \/>\n&#8211; Forma y tama\u00f1o similares a las bombillas incandescentes: con su hermoso dise\u00f1o y forma familiar, esta bombilla LED de bajo consumo es el reemplazo sostenible perfecto para las bombillas incandescentes tradicionales.<br \/>\n&#8211; Perfecto para iluminaci\u00f3n general de habitaciones: iluminaci\u00f3n moderna con bombillas LED est\u00e1ndar Philips para iluminaci\u00f3n completa, perfecta para iluminaci\u00f3n general de la habitaci\u00f3n.<\/p>\n<\/p><\/div>\n","protected":false},"excerpt":{"rendered":"<p>\ud83d\udfe5 \u00a1OFERT\u00d3N! \ud83d\udfe5 #Publicidad #Amazon #16 \ud83d\udd34 LED Philips \u2705 AHORA 8.49 \u20ac \u2714\ufe0f\ud83d\udfe1 \u274c Antes 11.99 \u20ac \ud83d\uded2: https:\/\/btz.es\/4JE0TnY &#8211; Aut\u00e9ntica incandescente c\u00e1lida como la luz blanca: esta bombilla tiene una temperatura de color de 2700 K, lo que te proporciona un ambiente c\u00e1lido y tranquilo, perfecto para relajarte. Esta luz de 2700 K [&hellip;]<\/p>\n","protected":false},"featured_media":4991,"template":"","meta":{"_gspb_post_css":""},"store":[],"product_brand":[],"product_cat":[16],"product_tag":[],"class_list":{"0":"post-4992","1":"product","2":"type-product","3":"status-publish","4":"has-post-thumbnail","6":"product_cat-sin-categorizar","8":"first","9":"instock","10":"sale","11":"shipping-taxable","12":"product-type-external"},"jetpack_sharing_enabled":true,"_links":{"self":[{"href":"https:\/\/ofertacular.com\/index.php\/wp-json\/wp\/v2\/product\/4992","targetHints":{"allow":["GET"]}}],"collection":[{"href":"https:\/\/ofertacular.com\/index.php\/wp-json\/wp\/v2\/product"}],"about":[{"href":"https:\/\/ofertacular.com\/index.php\/wp-json\/wp\/v2\/types\/product"}],"wp:featuredmedia":[{"embeddable":true,"href":"https:\/\/ofertacular.com\/index.php\/wp-json\/wp\/v2\/media\/4991"}],"wp:attachment":[{"href":"https:\/\/ofertacular.com\/index.php\/wp-json\/wp\/v2\/media?parent=4992"}],"wp:term":[{"taxonomy":"store","embeddable":true,"href":"https:\/\/ofertacular.com\/index.php\/wp-json\/wp\/v2\/store?post=4992"},{"taxonomy":"product_brand","embeddable":true,"href":"https:\/\/ofertacular.com\/index.php\/wp-json\/wp\/v2\/product_brand?post=4992"},{"taxonomy":"product_cat","embeddable":true,"href":"https:\/\/ofertacular.com\/index.php\/wp-json\/wp\/v2\/product_cat?post=4992"},{"taxonomy":"product_tag","embeddable":true,"href":"https:\/\/ofertacular.com\/index.php\/wp-json\/wp\/v2\/product_tag?post=4992"}],"curies":[{"name":"wp","href":"https:\/\/api.w.org\/{rel}","templated":true}]}}