{"id":4994,"date":"2025-04-28T10:59:27","date_gmt":"2025-04-28T08:59:27","guid":{"rendered":"https:\/\/ofertacular.com\/index.php\/producto\/amazon-basics-highlighters\/"},"modified":"2025-04-28T10:59:27","modified_gmt":"2025-04-28T08:59:27","slug":"amazon-basics-highlighters","status":"publish","type":"product","link":"https:\/\/ofertacular.com\/index.php\/producto\/amazon-basics-highlighters\/","title":{"rendered":"Amazon Basics Highlighters"},"content":{"rendered":"<div class=\"oferta-container\">\n<p>\ud83d\udfe5 <b>DATE PRISA<\/b> \ud83d\udfe5 #Publicidad #Amazon #16<\/p>\n<p>\ud83d\udd34 <b>Marcadores Amazon <\/b><\/p>\n<p>\u2705 <b>AHORA 3.89 \u20ac<\/b> \u2714\ufe0f\ud83d\udfe1<\/p>\n<p>\u274c Antes 4.37 \u20ac<\/p>\n<p>\ud83d\uded2: <a href=\"https:\/\/btz.es\/4JE1XMr\" target=\"_blank\" rel=\"nofollow noopener\">https:\/\/btz.es\/4JE1XMr<\/a><\/p>\n<p>&#8211; 12 rotuladores con punta biselada para subrayar en el colegio, en casa o en la oficina.<br \/>\n&#8211; La punta moldeada biselada puede subrayar con ancho y fino.<br \/>\n&#8211; Surtido de tintas fluorescentes superbrillantes en amarillo, rosa, azul, verde, morado y naranja.<br \/>\n&#8211; Dise\u00f1o en forma de bol\u00edgrafo con cuerpo estrecho, ofrecen un agarre c\u00f3modo para reducir la fatiga en la mano.<br \/>\n&#8211; Tapa de quita y pon que se puede colocar en un extremo; clip incorporado para fijarlo y llevarlo en el bolsillo o en un libro.<\/p>\n<\/p><\/div>\n","protected":false},"excerpt":{"rendered":"<p>\ud83d\udfe5 DATE PRISA \ud83d\udfe5 #Publicidad #Amazon #16 \ud83d\udd34 Marcadores Amazon \u2705 AHORA 3.89 \u20ac \u2714\ufe0f\ud83d\udfe1 \u274c Antes 4.37 \u20ac \ud83d\uded2: https:\/\/btz.es\/4JE1XMr &#8211; 12 rotuladores con punta biselada para subrayar en el colegio, en casa o en la oficina. &#8211; La punta moldeada biselada puede subrayar con ancho y fino. &#8211; Surtido de tintas fluorescentes superbrillantes [&hellip;]<\/p>\n","protected":false},"featured_media":4993,"template":"","meta":{"_gspb_post_css":""},"store":[],"product_brand":[],"product_cat":[16],"product_tag":[],"class_list":{"0":"post-4994","1":"product","2":"type-product","3":"status-publish","4":"has-post-thumbnail","6":"product_cat-sin-categorizar","8":"first","9":"instock","10":"sale","11":"shipping-taxable","12":"product-type-external"},"jetpack_sharing_enabled":true,"_links":{"self":[{"href":"https:\/\/ofertacular.com\/index.php\/wp-json\/wp\/v2\/product\/4994","targetHints":{"allow":["GET"]}}],"collection":[{"href":"https:\/\/ofertacular.com\/index.php\/wp-json\/wp\/v2\/product"}],"about":[{"href":"https:\/\/ofertacular.com\/index.php\/wp-json\/wp\/v2\/types\/product"}],"wp:featuredmedia":[{"embeddable":true,"href":"https:\/\/ofertacular.com\/index.php\/wp-json\/wp\/v2\/media\/4993"}],"wp:attachment":[{"href":"https:\/\/ofertacular.com\/index.php\/wp-json\/wp\/v2\/media?parent=4994"}],"wp:term":[{"taxonomy":"store","embeddable":true,"href":"https:\/\/ofertacular.com\/index.php\/wp-json\/wp\/v2\/store?post=4994"},{"taxonomy":"product_brand","embeddable":true,"href":"https:\/\/ofertacular.com\/index.php\/wp-json\/wp\/v2\/product_brand?post=4994"},{"taxonomy":"product_cat","embeddable":true,"href":"https:\/\/ofertacular.com\/index.php\/wp-json\/wp\/v2\/product_cat?post=4994"},{"taxonomy":"product_tag","embeddable":true,"href":"https:\/\/ofertacular.com\/index.php\/wp-json\/wp\/v2\/product_tag?post=4994"}],"curies":[{"name":"wp","href":"https:\/\/api.w.org\/{rel}","templated":true}]}}