{"id":4996,"date":"2025-04-28T11:04:26","date_gmt":"2025-04-28T09:04:26","guid":{"rendered":"https:\/\/ofertacular.com\/index.php\/producto\/philips-purifier\/"},"modified":"2025-04-28T11:04:26","modified_gmt":"2025-04-28T09:04:26","slug":"philips-purifier","status":"publish","type":"product","link":"https:\/\/ofertacular.com\/index.php\/producto\/philips-purifier\/","title":{"rendered":"Philips Purifier"},"content":{"rendered":"<div class=\"oferta-container\">\n<p>\ud83d\udfe5 <b>EXCLUSIVO<\/b> \ud83d\udfe5 #Publicidad #Amazon #16<\/p>\n<p>\ud83d\udd34 <b>Purificador aire <\/b><\/p>\n<p>\u2705 <b>AHORA 89.99 \u20ac<\/b> \u2714\ufe0f\ud83d\udfe1<\/p>\n<p>\u274c Antes 129.99 \u20ac<\/p>\n<p>\ud83d\uded2: <a href=\"https:\/\/btz.es\/4JE3nBa\" target=\"_blank\" rel=\"nofollow noopener\">https:\/\/btz.es\/4JE3nBa<\/a><\/p>\n<p>&#8211; Purifica habitaciones de hasta 44 m2: Con un CADR de 170 m3\/h, su potente flujo de aire limpia el aire en menos de 17 minutos 3, eliminando part\u00edculas como PM2,5, polen, caspa de mascotas y otros contaminantes<br \/>\n&#8211; Eliminaci\u00f3n del 99,97 % de las part\u00edculas1: La tecnolog\u00eda NanoProtect HEPA atrapa los contaminantes y utiliza una carga electrost\u00e1tica para atraerlos, limpiando hasta 2 veces m\u00e1s aire que los filtros HEPA H13 tradicionales2<br \/>\n&#8211; Sensor inteligente para informaci\u00f3n sobre la calidad del aire: Los sensores AeraSense del purificador escanean el aire e informan sobre su calidad. Consulta la pantalla digital del dispositivo o la aplicaci\u00f3n Air+ para conocer los niveles de contaminaci\u00f3n del aire en tu hogar<br \/>\n&#8211; Eficiencia energ\u00e9tica: El purificador de aire m\u00e1s eficiente del mercado 4. Funcionando a m\u00e1x. 12 W, est\u00e1 dise\u00f1ado para minimizar el consumo de energ\u00eda sin comprometer la purificaci\u00f3n del aire<br \/>\n&#8211; Funcionamiento ultrasilencioso: En modo de reposo, funciona s\u00f3lo a 19 dB 5, m\u00e1s silencioso que un susurro. La luz de la pantalla digital se aten\u00faa para minimizar cualquier molestia lum\u00ednica<\/p>\n<\/p><\/div>\n","protected":false},"excerpt":{"rendered":"<p>\ud83d\udfe5 EXCLUSIVO \ud83d\udfe5 #Publicidad #Amazon #16 \ud83d\udd34 Purificador aire \u2705 AHORA 89.99 \u20ac \u2714\ufe0f\ud83d\udfe1 \u274c Antes 129.99 \u20ac \ud83d\uded2: https:\/\/btz.es\/4JE3nBa &#8211; Purifica habitaciones de hasta 44 m2: Con un CADR de 170 m3\/h, su potente flujo de aire limpia el aire en menos de 17 minutos 3, eliminando part\u00edculas como PM2,5, polen, caspa de mascotas [&hellip;]<\/p>\n","protected":false},"featured_media":4995,"template":"","meta":{"_gspb_post_css":""},"store":[],"product_brand":[],"product_cat":[16],"product_tag":[],"class_list":{"0":"post-4996","1":"product","2":"type-product","3":"status-publish","4":"has-post-thumbnail","6":"product_cat-sin-categorizar","8":"first","9":"instock","10":"sale","11":"shipping-taxable","12":"product-type-external"},"jetpack_sharing_enabled":true,"_links":{"self":[{"href":"https:\/\/ofertacular.com\/index.php\/wp-json\/wp\/v2\/product\/4996","targetHints":{"allow":["GET"]}}],"collection":[{"href":"https:\/\/ofertacular.com\/index.php\/wp-json\/wp\/v2\/product"}],"about":[{"href":"https:\/\/ofertacular.com\/index.php\/wp-json\/wp\/v2\/types\/product"}],"wp:featuredmedia":[{"embeddable":true,"href":"https:\/\/ofertacular.com\/index.php\/wp-json\/wp\/v2\/media\/4995"}],"wp:attachment":[{"href":"https:\/\/ofertacular.com\/index.php\/wp-json\/wp\/v2\/media?parent=4996"}],"wp:term":[{"taxonomy":"store","embeddable":true,"href":"https:\/\/ofertacular.com\/index.php\/wp-json\/wp\/v2\/store?post=4996"},{"taxonomy":"product_brand","embeddable":true,"href":"https:\/\/ofertacular.com\/index.php\/wp-json\/wp\/v2\/product_brand?post=4996"},{"taxonomy":"product_cat","embeddable":true,"href":"https:\/\/ofertacular.com\/index.php\/wp-json\/wp\/v2\/product_cat?post=4996"},{"taxonomy":"product_tag","embeddable":true,"href":"https:\/\/ofertacular.com\/index.php\/wp-json\/wp\/v2\/product_tag?post=4996"}],"curies":[{"name":"wp","href":"https:\/\/api.w.org\/{rel}","templated":true}]}}