{"id":4998,"date":"2025-04-28T11:18:31","date_gmt":"2025-04-28T09:18:31","guid":{"rendered":"https:\/\/ofertacular.com\/index.php\/producto\/lego-star-2\/"},"modified":"2025-04-28T11:18:31","modified_gmt":"2025-04-28T09:18:31","slug":"lego-star-2","status":"publish","type":"product","link":"https:\/\/ofertacular.com\/index.php\/producto\/lego-star-2\/","title":{"rendered":"LEGO Star"},"content":{"rendered":"<div class=\"oferta-container\">\n<p>\ud83d\udfe5 <b>CHOLLAZO<\/b> \ud83d\udfe5 #Publicidad #Amazon #16<\/p>\n<p>\ud83d\udd34 <b>LEGO Star <\/b><\/p>\n<p>\u2705 <b>AHORA 46.66 \u20ac<\/b> \u2714\ufe0f\ud83d\udfe1<\/p>\n<p>\u274c Antes 69.99 \u20ac<\/p>\n<p>\ud83d\uded2: <a href=\"https:\/\/btz.es\/4JE6LvB\" target=\"_blank\" rel=\"nofollow noopener\">https:\/\/btz.es\/4JE6LvB<\/a><\/p>\n<p>&#8211; Juguete de construcci\u00f3n de un caza estelar de Star Wars para ni\u00f1os de 9 a\u00f1os o m\u00e1s: Interpreta las \u00e9picas historias de Star Wars: La Venganza de los Sith con este detallado modelo LEGO construible de un caza estelar ARC-170<br \/>\n&#8211; 4 personajes LEGO Star Wars: Minifiguras LEGO Star Wars de un piloto clon Odd Ball, un piloto clon Jag y un piloto clon, cada uno con pistolas bl\u00e1ster, adem\u00e1s de una figura LEGO de un droide R4-P44<br \/>\n&#8211; Caza estelar LEGO para construir: Est\u00e1 equipado con 3 cabinas abatibles, espacio para R4-P44, 6 alas 4 de ellas ajustables que cambian de la posici\u00f3n de crucero a la de ataque moviendo una palanca y 2 ca\u00f1ones autom\u00e1ticos<br \/>\n&#8211; Juguete de colecci\u00f3n de Star Wars: Las minifiguras LEGO del piloto clon Odd Ball, el piloto clon Jag y el piloto clon tienen cada una pistolas bl\u00e1ster para incorporar m\u00e1s acci\u00f3n de fantas\u00eda al juego de rol<br \/>\n&#8211; Regalo de cumplea\u00f1os del universo Star Wars para mayores de 9 a\u00f1os: Puedes regalarle este juguete LEGO con una nave estelar construible a ni\u00f1os y ni\u00f1as de 9 a\u00f1oso m\u00e1s o a cualquier fan de Star Wars: La Venganza de los Sith<br \/>\n&#8211; Una forma divertida de construir: La app LEGO Builder guiar\u00e1 a los ni\u00f1os a trav\u00e9s de una intuitiva aventura de construcci\u00f3n en la que podr\u00e1n acercar y girar una versi\u00f3n digital 3D de sus modelos a medida que los construyen y mucho m\u00e1s<\/p>\n<\/p><\/div>\n","protected":false},"excerpt":{"rendered":"<p>\ud83d\udfe5 CHOLLAZO \ud83d\udfe5 #Publicidad #Amazon #16 \ud83d\udd34 LEGO Star \u2705 AHORA 46.66 \u20ac \u2714\ufe0f\ud83d\udfe1 \u274c Antes 69.99 \u20ac \ud83d\uded2: https:\/\/btz.es\/4JE6LvB &#8211; Juguete de construcci\u00f3n de un caza estelar de Star Wars para ni\u00f1os de 9 a\u00f1os o m\u00e1s: Interpreta las \u00e9picas historias de Star Wars: La Venganza de los Sith con este detallado modelo LEGO [&hellip;]<\/p>\n","protected":false},"featured_media":4997,"template":"","meta":{"_gspb_post_css":""},"store":[],"product_brand":[],"product_cat":[16],"product_tag":[],"class_list":{"0":"post-4998","1":"product","2":"type-product","3":"status-publish","4":"has-post-thumbnail","6":"product_cat-sin-categorizar","8":"first","9":"instock","10":"sale","11":"shipping-taxable","12":"product-type-external"},"jetpack_sharing_enabled":true,"_links":{"self":[{"href":"https:\/\/ofertacular.com\/index.php\/wp-json\/wp\/v2\/product\/4998","targetHints":{"allow":["GET"]}}],"collection":[{"href":"https:\/\/ofertacular.com\/index.php\/wp-json\/wp\/v2\/product"}],"about":[{"href":"https:\/\/ofertacular.com\/index.php\/wp-json\/wp\/v2\/types\/product"}],"wp:featuredmedia":[{"embeddable":true,"href":"https:\/\/ofertacular.com\/index.php\/wp-json\/wp\/v2\/media\/4997"}],"wp:attachment":[{"href":"https:\/\/ofertacular.com\/index.php\/wp-json\/wp\/v2\/media?parent=4998"}],"wp:term":[{"taxonomy":"store","embeddable":true,"href":"https:\/\/ofertacular.com\/index.php\/wp-json\/wp\/v2\/store?post=4998"},{"taxonomy":"product_brand","embeddable":true,"href":"https:\/\/ofertacular.com\/index.php\/wp-json\/wp\/v2\/product_brand?post=4998"},{"taxonomy":"product_cat","embeddable":true,"href":"https:\/\/ofertacular.com\/index.php\/wp-json\/wp\/v2\/product_cat?post=4998"},{"taxonomy":"product_tag","embeddable":true,"href":"https:\/\/ofertacular.com\/index.php\/wp-json\/wp\/v2\/product_tag?post=4998"}],"curies":[{"name":"wp","href":"https:\/\/api.w.org\/{rel}","templated":true}]}}