{"id":5006,"date":"2025-04-29T08:30:18","date_gmt":"2025-04-29T06:30:18","guid":{"rendered":"https:\/\/ofertacular.com\/index.php\/producto\/linterna-solar\/"},"modified":"2025-04-29T08:30:18","modified_gmt":"2025-04-29T06:30:18","slug":"linterna-solar","status":"publish","type":"product","link":"https:\/\/ofertacular.com\/index.php\/producto\/linterna-solar\/","title":{"rendered":"Linterna Solar"},"content":{"rendered":"<div class=\"oferta-container\">\n<p>\ud83d\udfe5 <b>AHORRA AQU\u00cd<\/b> \ud83d\udfe5 #Publicidad #Amazon #16<\/p>\n<p>\ud83d\udd34 <b>Linterna Solar <\/b><\/p>\n<p>\u2705 <b>AHORA 16.98 \u20ac<\/b> \u2714\ufe0f\ud83d\udfe1<\/p>\n<p>\u274c Antes <\/p>\n<p>\ud83d\uded2: <a href=\"https:\/\/btz.es\/4JJGWvm\" target=\"_blank\" rel=\"nofollow noopener\">https:\/\/btz.es\/4JJGWvm<\/a><\/p>\n<p>&#8211; Linterna de camping profesional con 3 modos de luz: esta luz solar de campamento est\u00e1 equipada con luces LED y una fuente de luz COB en el lateral, con 2 niveles de brillo para la luz frontal alta y media y un reflector lateral alto, lo que te proporciona 3 modos de luz. La linterna solar satisface diferentes entornos de uso y necesidades de iluminaci\u00f3n, como pesca nocturna, camping y senderismo.<br \/>\n&#8211; Linterna solar, rentable: con la opci\u00f3n de carga del panel solar, puedes confiar en el sol para alimentar la linterna, ahorrando dinero y reduciendo el impacto en el medio ambiente. Se tarda m\u00e1s de 8 horas en cargarse con energ\u00eda solar, y nunca tendr\u00e1s que preocuparte por quedarte sin bater\u00eda de nuevo. Te encantar\u00e1 la comodidad de tener una linterna solar en la que puedes confiar sin importar d\u00f3nde est\u00e9s.<br \/>\n&#8211; Linterna recargable por USB para diferentes escenarios: el foco de mano tiene una bater\u00eda de litio recargable integrada de 1200 mAh, la carga USB tarda de 5 a 6 horas. Si est\u00e1 completamente cargada, puede iluminar durante 3\/4 horas con luz alta, y la luz lateral COB puede iluminar durante 5\/6 horas. Ideal para iluminar toda la habitaci\u00f3n o campamento, adecuada para correr, acampar, correr, pescar, ciclismo, leer, reparar coches, etc.<br \/>\n&#8211; Resistente al agua IP6, duradera y pr\u00e1ctica: no hay necesidad de preocuparse por el mal tiempo al aire libre. Esta linterna solar recargable est\u00e1 hecha de material ABS de alta calidad, que es antideslizante, a prueba de explosiones y a prueba de golpes. Adem\u00e1s, la distancia de iluminaci\u00f3n puede alcanzar 650 pies. Ya sea que la utilices para emergencias o actividades al aire libre, nuestra linterna de mano es una opci\u00f3n sabia para cualquier persona que quiera una fuente de luz fiable y sostenible.<br \/>\n&#8211; Dise\u00f1o humanizado que te hace m\u00e1s satisfecho: el c\u00f3modo mango y la correa de hombro desmontable hacen que la linterna sea muy conveniente para acampar, explorar, iluminaci\u00f3n de emergencia y mucho m\u00e1s. Nuestra linterna solar proporciona una luz s\u00faper brillante para todas tus actividades de trabajo o ocio. Ya sea que est\u00e9s de camping, senderismo, pesca o simplemente necesites una linterna dom\u00e9stica confiable, puedes confiar en nuestra luz solar para hacer el trabajo.<\/p>\n<\/p><\/div>\n","protected":false},"excerpt":{"rendered":"<p>\ud83d\udfe5 AHORRA AQU\u00cd \ud83d\udfe5 #Publicidad #Amazon #16 \ud83d\udd34 Linterna Solar \u2705 AHORA 16.98 \u20ac \u2714\ufe0f\ud83d\udfe1 \u274c Antes \ud83d\uded2: https:\/\/btz.es\/4JJGWvm &#8211; Linterna de camping profesional con 3 modos de luz: esta luz solar de campamento est\u00e1 equipada con luces LED y una fuente de luz COB en el lateral, con 2 niveles de brillo para la [&hellip;]<\/p>\n","protected":false},"featured_media":5005,"template":"","meta":{"_gspb_post_css":""},"store":[],"product_brand":[],"product_cat":[16],"product_tag":[],"class_list":{"0":"post-5006","1":"product","2":"type-product","3":"status-publish","4":"has-post-thumbnail","6":"product_cat-sin-categorizar","8":"first","9":"instock","10":"shipping-taxable","11":"product-type-external"},"jetpack_sharing_enabled":true,"_links":{"self":[{"href":"https:\/\/ofertacular.com\/index.php\/wp-json\/wp\/v2\/product\/5006","targetHints":{"allow":["GET"]}}],"collection":[{"href":"https:\/\/ofertacular.com\/index.php\/wp-json\/wp\/v2\/product"}],"about":[{"href":"https:\/\/ofertacular.com\/index.php\/wp-json\/wp\/v2\/types\/product"}],"wp:featuredmedia":[{"embeddable":true,"href":"https:\/\/ofertacular.com\/index.php\/wp-json\/wp\/v2\/media\/5005"}],"wp:attachment":[{"href":"https:\/\/ofertacular.com\/index.php\/wp-json\/wp\/v2\/media?parent=5006"}],"wp:term":[{"taxonomy":"store","embeddable":true,"href":"https:\/\/ofertacular.com\/index.php\/wp-json\/wp\/v2\/store?post=5006"},{"taxonomy":"product_brand","embeddable":true,"href":"https:\/\/ofertacular.com\/index.php\/wp-json\/wp\/v2\/product_brand?post=5006"},{"taxonomy":"product_cat","embeddable":true,"href":"https:\/\/ofertacular.com\/index.php\/wp-json\/wp\/v2\/product_cat?post=5006"},{"taxonomy":"product_tag","embeddable":true,"href":"https:\/\/ofertacular.com\/index.php\/wp-json\/wp\/v2\/product_tag?post=5006"}],"curies":[{"name":"wp","href":"https:\/\/api.w.org\/{rel}","templated":true}]}}