{"id":5012,"date":"2025-04-29T10:36:46","date_gmt":"2025-04-29T08:36:46","guid":{"rendered":"https:\/\/ofertacular.com\/index.php\/producto\/logitech-m650\/"},"modified":"2025-04-29T10:36:46","modified_gmt":"2025-04-29T08:36:46","slug":"logitech-m650","status":"publish","type":"product","link":"https:\/\/ofertacular.com\/index.php\/producto\/logitech-m650\/","title":{"rendered":"Logitech M650"},"content":{"rendered":"<div class=\"oferta-container\">\n<p>\ud83d\udfe5 <b>\u00a1DESCUENTO \u00daNICO!<\/b> \ud83d\udfe5 #Publicidad #Amazon #16<\/p>\n<p>\ud83d\udd34 <b>Mouse Logitech <\/b><\/p>\n<p>\u2705 <b>AHORA 20.99 \u20ac<\/b> \u2714\ufe0f\ud83d\udfe1<\/p>\n<p>\u274c Antes 53.99 \u20ac<\/p>\n<p>\ud83d\uded2: <a href=\"https:\/\/btz.es\/4JKmMtK\" target=\"_blank\" rel=\"nofollow noopener\">https:\/\/btz.es\/4JKmMtK<\/a><\/p>\n<p>&#8211; Despl\u00e1zate de forma inteligente: con Signature M650 tendr\u00e1s precisi\u00f3n l\u00ednea a l\u00ednea para documentos y un desplazamiento r\u00e1pido para p\u00e1ginas Web largas; simplemente cambia de modo con la SmartWheel<br \/>\n&#8211; Mejora tu comodidad: Este rat\u00f3n proporciona muchas horas de comodidad gracias a su forma, la zona suave para el pulgar y el recubrimiento lateral de goma que mantienen la comodidad de la mano; opciones de tama\u00f1os y lateralidad manual disponibles<br \/>\n&#8211; Elige tu conexi\u00f3n: Conecta este rat\u00f3n inal\u00e1mbrico para ordenador en un instante por Bluetooth de bajo consumo o por el receptor USB Logi Bolt<br \/>\n&#8211; Menos ruido, m\u00e1s concentraci\u00f3n Tanto si trabajas en la oficina como en casa, Logitech Signature M650 es un rat\u00f3n discreto que te permite disfrutar de un 90% menos de ruido de clic con la tecnolog\u00eda SilentTouch *<br \/>\n&#8211; Botones laterales personalizables: Personaliza los botones laterales del rat\u00f3n para ordenador con Logitech Options+, disponible en Windows y macOS, para tus accesos directos favoritos, como retroceder\/avanzar o copiar\/pegar<br \/>\n&#8211; Duraci\u00f3n de pilas de 24 meses: Funciona hasta 2 a\u00f1os con la \u00fanica pila AA que se incluye con el rat\u00f3n multidispositivo**<br \/>\n&#8211; Funciona en m\u00faltiples plataformas: Disfruta de perfecta compatibilidad con los sistemas operativos Windows, macOS, Linux, ChromeOS, iPadOS y Android; adem\u00e1s es un producto con certificaci\u00f3n Funciona con Chromebook<br \/>\n&#8211; Las piezas de pl\u00e1stico de Signature M650 incluyen pl\u00e1stico reciclado posconsumo con certificaci\u00f3n grafito\/negro: 64%; pl\u00e1stico en blanco crudo\/rosado: 26%****<\/p>\n<\/p><\/div>\n","protected":false},"excerpt":{"rendered":"<p>\ud83d\udfe5 \u00a1DESCUENTO \u00daNICO! \ud83d\udfe5 #Publicidad #Amazon #16 \ud83d\udd34 Mouse Logitech \u2705 AHORA 20.99 \u20ac \u2714\ufe0f\ud83d\udfe1 \u274c Antes 53.99 \u20ac \ud83d\uded2: https:\/\/btz.es\/4JKmMtK &#8211; Despl\u00e1zate de forma inteligente: con Signature M650 tendr\u00e1s precisi\u00f3n l\u00ednea a l\u00ednea para documentos y un desplazamiento r\u00e1pido para p\u00e1ginas Web largas; simplemente cambia de modo con la SmartWheel &#8211; Mejora tu comodidad: [&hellip;]<\/p>\n","protected":false},"featured_media":5011,"template":"","meta":{"_gspb_post_css":""},"store":[],"product_brand":[],"product_cat":[16],"product_tag":[],"class_list":{"0":"post-5012","1":"product","2":"type-product","3":"status-publish","4":"has-post-thumbnail","6":"product_cat-sin-categorizar","8":"first","9":"instock","10":"sale","11":"shipping-taxable","12":"product-type-external"},"jetpack_sharing_enabled":true,"_links":{"self":[{"href":"https:\/\/ofertacular.com\/index.php\/wp-json\/wp\/v2\/product\/5012","targetHints":{"allow":["GET"]}}],"collection":[{"href":"https:\/\/ofertacular.com\/index.php\/wp-json\/wp\/v2\/product"}],"about":[{"href":"https:\/\/ofertacular.com\/index.php\/wp-json\/wp\/v2\/types\/product"}],"wp:featuredmedia":[{"embeddable":true,"href":"https:\/\/ofertacular.com\/index.php\/wp-json\/wp\/v2\/media\/5011"}],"wp:attachment":[{"href":"https:\/\/ofertacular.com\/index.php\/wp-json\/wp\/v2\/media?parent=5012"}],"wp:term":[{"taxonomy":"store","embeddable":true,"href":"https:\/\/ofertacular.com\/index.php\/wp-json\/wp\/v2\/store?post=5012"},{"taxonomy":"product_brand","embeddable":true,"href":"https:\/\/ofertacular.com\/index.php\/wp-json\/wp\/v2\/product_brand?post=5012"},{"taxonomy":"product_cat","embeddable":true,"href":"https:\/\/ofertacular.com\/index.php\/wp-json\/wp\/v2\/product_cat?post=5012"},{"taxonomy":"product_tag","embeddable":true,"href":"https:\/\/ofertacular.com\/index.php\/wp-json\/wp\/v2\/product_tag?post=5012"}],"curies":[{"name":"wp","href":"https:\/\/api.w.org\/{rel}","templated":true}]}}