{"id":5030,"date":"2025-04-30T08:36:29","date_gmt":"2025-04-30T06:36:29","guid":{"rendered":"https:\/\/ofertacular.com\/index.php\/producto\/lavavajillas-comfee\/"},"modified":"2025-04-30T08:36:29","modified_gmt":"2025-04-30T06:36:29","slug":"lavavajillas-comfee","status":"publish","type":"product","link":"https:\/\/ofertacular.com\/index.php\/producto\/lavavajillas-comfee\/","title":{"rendered":"Lavavajillas COMFEE&#8217;"},"content":{"rendered":"<div class=\"oferta-container\">\n<p>\ud83d\udfe5 <b>GRAN OFERTA<\/b> \ud83d\udfe5 #Publicidad #Amazon #16<\/p>\n<p>\ud83d\udd34 <b>Lavavajillas COMFEE&#8217; <\/b><\/p>\n<p>\u2705 <b>AHORA 249.99 \u20ac<\/b> \u2714\ufe0f\ud83d\udfe1<\/p>\n<p>\u274c Antes 264.99 \u20ac<\/p>\n<p>\ud83d\uded2: <a href=\"https:\/\/btz.es\/4JP9bju\" target=\"_blank\" rel=\"nofollow noopener\">https:\/\/btz.es\/4JP9bju<\/a><\/p>\n<p>&#8211; \u3010Lavavajillas de 12 lugares\u3011El lavavajillas mide 845 mm de alto, 598 mm de largo y 600 mm de ancho, lo que brinda un amplio espacio para cargar la m\u00e1xima cantidad de platos.<br \/>\n&#8211; \u3010Extra Dry\u3011La funci\u00f3n Extra Dry proporciona un secado completo excepto los ciclos Quick y Self Clean sin la necesidad de una toalla adicional.<br \/>\n&#8211; \u3010Lavado intensivo a alta temperatura\u3011El ciclo de alta temperatura puede abordar incluso los platos m\u00e1s sucios, dej\u00e1ndolos relucientes y libres de bacterias.<br \/>\n&#8211; \u3010Inicio retrasado\u3011Puedes retrasar el inicio del ciclo de lavado 3, 6 o 9 horas e incluso hasta 24 horas con el control de la aplicaci\u00f3n, lo que te permitir\u00e1 beneficiarte de tarifas de energ\u00eda fuera de las horas pico.<br \/>\n&#8211; \u3010ECO Wash\u3011Un programa m\u00e1s respetuoso con el medio ambiente que ahorra agua y electricidad con temperaturas de lavado y aclarado m\u00e1s bajas, al tiempo que consigue excelentes resultados de limpieza.<\/p>\n<\/p><\/div>\n","protected":false},"excerpt":{"rendered":"<p>\ud83d\udfe5 GRAN OFERTA \ud83d\udfe5 #Publicidad #Amazon #16 \ud83d\udd34 Lavavajillas COMFEE&#8217; \u2705 AHORA 249.99 \u20ac \u2714\ufe0f\ud83d\udfe1 \u274c Antes 264.99 \u20ac \ud83d\uded2: https:\/\/btz.es\/4JP9bju &#8211; \u3010Lavavajillas de 12 lugares\u3011El lavavajillas mide 845 mm de alto, 598 mm de largo y 600 mm de ancho, lo que brinda un amplio espacio para cargar la m\u00e1xima cantidad de platos. &#8211; [&hellip;]<\/p>\n","protected":false},"featured_media":5029,"template":"","meta":{"_gspb_post_css":""},"store":[],"product_brand":[],"product_cat":[16],"product_tag":[],"class_list":{"0":"post-5030","1":"product","2":"type-product","3":"status-publish","4":"has-post-thumbnail","6":"product_cat-sin-categorizar","8":"first","9":"instock","10":"sale","11":"shipping-taxable","12":"product-type-external"},"jetpack_sharing_enabled":true,"_links":{"self":[{"href":"https:\/\/ofertacular.com\/index.php\/wp-json\/wp\/v2\/product\/5030","targetHints":{"allow":["GET"]}}],"collection":[{"href":"https:\/\/ofertacular.com\/index.php\/wp-json\/wp\/v2\/product"}],"about":[{"href":"https:\/\/ofertacular.com\/index.php\/wp-json\/wp\/v2\/types\/product"}],"wp:featuredmedia":[{"embeddable":true,"href":"https:\/\/ofertacular.com\/index.php\/wp-json\/wp\/v2\/media\/5029"}],"wp:attachment":[{"href":"https:\/\/ofertacular.com\/index.php\/wp-json\/wp\/v2\/media?parent=5030"}],"wp:term":[{"taxonomy":"store","embeddable":true,"href":"https:\/\/ofertacular.com\/index.php\/wp-json\/wp\/v2\/store?post=5030"},{"taxonomy":"product_brand","embeddable":true,"href":"https:\/\/ofertacular.com\/index.php\/wp-json\/wp\/v2\/product_brand?post=5030"},{"taxonomy":"product_cat","embeddable":true,"href":"https:\/\/ofertacular.com\/index.php\/wp-json\/wp\/v2\/product_cat?post=5030"},{"taxonomy":"product_tag","embeddable":true,"href":"https:\/\/ofertacular.com\/index.php\/wp-json\/wp\/v2\/product_tag?post=5030"}],"curies":[{"name":"wp","href":"https:\/\/api.w.org\/{rel}","templated":true}]}}