{"id":5038,"date":"2025-04-30T11:10:58","date_gmt":"2025-04-30T09:10:58","guid":{"rendered":"https:\/\/ofertacular.com\/index.php\/producto\/nicky-papel\/"},"modified":"2025-04-30T11:10:58","modified_gmt":"2025-04-30T09:10:58","slug":"nicky-papel","status":"publish","type":"product","link":"https:\/\/ofertacular.com\/index.php\/producto\/nicky-papel\/","title":{"rendered":"Nicky Papel"},"content":{"rendered":"<div class=\"oferta-container\">\n<p>\ud83d\udfe5 <b>DATE PRISA<\/b> \ud83d\udfe5 #Publicidad #Amazon #16<\/p>\n<p>\ud83d\udd34 <b>Producto Nicky <\/b><\/p>\n<p>\u2705 <b>AHORA 3.59 \u20ac<\/b> \u2714\ufe0f\ud83d\udfe1<\/p>\n<p>\u274c Antes 4.59 \u20ac<\/p>\n<p>\ud83d\uded2: <a href=\"https:\/\/btz.es\/4JQlU5g\" target=\"_blank\" rel=\"nofollow noopener\">https:\/\/btz.es\/4JQlU5g<\/a><\/p>\n<p>&#8211; D\u00e9jate conquistar por el papel higi\u00e9nico Nicky Ultrasoft: su papel de doble capa es extremadamente suave para que puedas usarlo a diario con un confort absoluto en cada uso<br \/>\n&#8211; La delicadeza de sus hojas de celulosa pura dermatol\u00f3gicamente testada con un agradable aroma a talco lo convierten en el papel higi\u00e9nico ideal para las pieles sensibles<br \/>\n&#8211; El paquete contiene 12 rollos, cada uno con 140 hojas de dos capas, y se presenta en un embalaje abref\u00e1cil fabricado con un 50% de pl\u00e1stico reciclado: un gesto m\u00e1s de apoyo a nuestro Planeta<br \/>\n&#8211; La certificaci\u00f3n Forestal FSC garantiza que los rollos Nicky Ultrasoft se producen con materias primas de bosques gestionados de manera responsable; eligiendo Nicky est\u00e1s respetando el medio ambiente<br \/>\n&#8211; Nicky Ultrasoft es un producto de Sofidel, la primera empresa del sector del papel dom\u00e9stico miembro desde 2008 de WWF Climate Savers, un programa para reducir las emisiones de CO2<\/p>\n<\/p><\/div>\n","protected":false},"excerpt":{"rendered":"<p>\ud83d\udfe5 DATE PRISA \ud83d\udfe5 #Publicidad #Amazon #16 \ud83d\udd34 Producto Nicky \u2705 AHORA 3.59 \u20ac \u2714\ufe0f\ud83d\udfe1 \u274c Antes 4.59 \u20ac \ud83d\uded2: https:\/\/btz.es\/4JQlU5g &#8211; D\u00e9jate conquistar por el papel higi\u00e9nico Nicky Ultrasoft: su papel de doble capa es extremadamente suave para que puedas usarlo a diario con un confort absoluto en cada uso &#8211; La delicadeza de [&hellip;]<\/p>\n","protected":false},"featured_media":5037,"template":"","meta":{"_gspb_post_css":""},"store":[],"product_brand":[],"product_cat":[16],"product_tag":[],"class_list":{"0":"post-5038","1":"product","2":"type-product","3":"status-publish","4":"has-post-thumbnail","6":"product_cat-sin-categorizar","8":"first","9":"instock","10":"sale","11":"shipping-taxable","12":"product-type-external"},"jetpack_sharing_enabled":true,"_links":{"self":[{"href":"https:\/\/ofertacular.com\/index.php\/wp-json\/wp\/v2\/product\/5038","targetHints":{"allow":["GET"]}}],"collection":[{"href":"https:\/\/ofertacular.com\/index.php\/wp-json\/wp\/v2\/product"}],"about":[{"href":"https:\/\/ofertacular.com\/index.php\/wp-json\/wp\/v2\/types\/product"}],"wp:featuredmedia":[{"embeddable":true,"href":"https:\/\/ofertacular.com\/index.php\/wp-json\/wp\/v2\/media\/5037"}],"wp:attachment":[{"href":"https:\/\/ofertacular.com\/index.php\/wp-json\/wp\/v2\/media?parent=5038"}],"wp:term":[{"taxonomy":"store","embeddable":true,"href":"https:\/\/ofertacular.com\/index.php\/wp-json\/wp\/v2\/store?post=5038"},{"taxonomy":"product_brand","embeddable":true,"href":"https:\/\/ofertacular.com\/index.php\/wp-json\/wp\/v2\/product_brand?post=5038"},{"taxonomy":"product_cat","embeddable":true,"href":"https:\/\/ofertacular.com\/index.php\/wp-json\/wp\/v2\/product_cat?post=5038"},{"taxonomy":"product_tag","embeddable":true,"href":"https:\/\/ofertacular.com\/index.php\/wp-json\/wp\/v2\/product_tag?post=5038"}],"curies":[{"name":"wp","href":"https:\/\/api.w.org\/{rel}","templated":true}]}}