{"id":5042,"date":"2025-04-30T11:31:25","date_gmt":"2025-04-30T09:31:25","guid":{"rendered":"https:\/\/ofertacular.com\/index.php\/producto\/yoton-proyector-portatil\/"},"modified":"2025-04-30T11:31:25","modified_gmt":"2025-04-30T09:31:25","slug":"yoton-proyector-portatil","status":"publish","type":"product","link":"https:\/\/ofertacular.com\/index.php\/producto\/yoton-proyector-portatil\/","title":{"rendered":"Yoton Proyector Port\u00e1til"},"content":{"rendered":"<div class=\"oferta-container\">\n<p>\ud83d\udfe5 <b>\u00a1OFERT\u00d3N!<\/b> \ud83d\udfe5 #Publicidad #Amazon #16<\/p>\n<p>\ud83d\udd34 <b>Proyector port\u00e1til <\/b><\/p>\n<p>\u2705 <b>AHORA 49.98 \u20ac<\/b> \u2714\ufe0f\ud83d\udfe1<\/p>\n<p>\u274c Antes 69.97 \u20ac<\/p>\n<p>\ud83d\uded2: <a href=\"https:\/\/btz.es\/4JQrdR9\" target=\"_blank\" rel=\"nofollow noopener\">https:\/\/btz.es\/4JQrdR9<\/a><\/p>\n<p>&#8211; \u3010Soporta 1080P y obt\u00e9n un tr\u00edpode gratis ahora\u3011El mini proyector Y3 tiene una resoluci\u00f3n nativa de 1280 * 720, soporta 1080P y mejora el brillo a 8000 l\u00famenes en 2025. La lente de vidrio con tecnolog\u00eda de revestimiento \u00f3ptico proporciona una excelente transmisi\u00f3n de luz y baja aberraci\u00f3n crom\u00e1tica, lo que garantiza una claridad duradera y una excelente calidad de imagen, un regalo ideal para familiares, amigos, adultos o ni\u00f1os.<br \/>\n&#8211; \u3010Mini proyector port\u00e1til y f\u00e1cil de usar\u3011Dise\u00f1ado para todas las edades, este mini proyector mide solo 13.6\u00d711\u00d75.8 cm\uff08m\u00e1s compacto que 2 latas de Estrella Galicia\uff09y pesa 420 gramos. Col\u00f3calo f\u00e1cilmente en tr\u00edpodes o mesas para cine improvisado.<br \/>\n&#8211; \u3010Conexi\u00f3n directa por cable para iOS\u3011Conecta tu dispositivo iOS al mini proyector al instante con un cable Lightning\/USB-C a USB \uff08consigue el cable oficial contactando con YOTON\uff09, \u00a1sin adaptadores adicionales! Transmisi\u00f3n estable de audio y v\u00eddeo en alta calidad, eliminando los cortes y retrasos de las conexiones inal\u00e1mbricas.<br \/>\n&#8211; \u3010Conexi\u00f3n Android\u3011 Este mini proyector Y3 es compatible con smartphones y tabletas, pero requiere un adaptador HDMI no incluido. Para Android: Si su tel\u00e9fono es compatible con MHL, utilice un cable Micro USB\/Tipo-C a HDMI no incluido; de lo contrario, recomendamos utilizar Chromecast para la duplicaci\u00f3n inal\u00e1mbrica. \u00a1Disfruta de una experiencia en pantalla grande sin interrupciones con este vers\u00e1til proyector!<br \/>\n&#8211; \u3010Compatibilidad perfecta con TV Stick\u3011 El miniproyector YOTON Y3 se conecta a la perfecci\u00f3n a TV Sticks populares como Fire TV Stick, Roku, Chromecast, etc., lo que permite acceder a contenido de streaming enriquecido y ofrecer una experiencia de primera calidad que rivaliza con los televisores de gama alta. Nota: TV Stick no incluido; Netflix, Prime Video, Hulu, etc. solo se pueden reproducir a trav\u00e9s de PC conectado por HDMI o TV Stick\/Roku conectado debido a restricciones de copyright de las apps.<br \/>\n&#8211; \u3010Zoom 50% y correcci\u00f3n trapezoidal \u00b150\u00b0\u3011El mini proyector Y3 proyecta hasta 120 pulgadas\uff08distancia \u00f3ptima: 1.2-3m\uff09con zoom ajustable y correcci\u00f3n electr\u00f3nica. \u00a1Adapta el tama\u00f1o a tu terraza o dormitorio para crear un cine en casa!<br \/>\n&#8211; \u3010Soporte t\u00e9cnico permanente y reparaci\u00f3n de problemas de calidad de dos a\u00f1os\u3011YOTON mini proyector soporta reparaci\u00f3n de problemas de calidad de dos a\u00f1os y soporte t\u00e9cnico profesional permanente. Si usted tiene alguna pregunta, por favor consulte &#8216;YOTON soporte oficial&#8217;.<\/p>\n<\/p><\/div>\n","protected":false},"excerpt":{"rendered":"<p>\ud83d\udfe5 \u00a1OFERT\u00d3N! \ud83d\udfe5 #Publicidad #Amazon #16 \ud83d\udd34 Proyector port\u00e1til \u2705 AHORA 49.98 \u20ac \u2714\ufe0f\ud83d\udfe1 \u274c Antes 69.97 \u20ac \ud83d\uded2: https:\/\/btz.es\/4JQrdR9 &#8211; \u3010Soporta 1080P y obt\u00e9n un tr\u00edpode gratis ahora\u3011El mini proyector Y3 tiene una resoluci\u00f3n nativa de 1280 * 720, soporta 1080P y mejora el brillo a 8000 l\u00famenes en 2025. La lente de vidrio [&hellip;]<\/p>\n","protected":false},"featured_media":5041,"template":"","meta":{"_gspb_post_css":""},"store":[],"product_brand":[],"product_cat":[16],"product_tag":[],"class_list":{"0":"post-5042","1":"product","2":"type-product","3":"status-publish","4":"has-post-thumbnail","6":"product_cat-sin-categorizar","8":"first","9":"instock","10":"sale","11":"shipping-taxable","12":"product-type-external"},"jetpack_sharing_enabled":true,"_links":{"self":[{"href":"https:\/\/ofertacular.com\/index.php\/wp-json\/wp\/v2\/product\/5042","targetHints":{"allow":["GET"]}}],"collection":[{"href":"https:\/\/ofertacular.com\/index.php\/wp-json\/wp\/v2\/product"}],"about":[{"href":"https:\/\/ofertacular.com\/index.php\/wp-json\/wp\/v2\/types\/product"}],"wp:featuredmedia":[{"embeddable":true,"href":"https:\/\/ofertacular.com\/index.php\/wp-json\/wp\/v2\/media\/5041"}],"wp:attachment":[{"href":"https:\/\/ofertacular.com\/index.php\/wp-json\/wp\/v2\/media?parent=5042"}],"wp:term":[{"taxonomy":"store","embeddable":true,"href":"https:\/\/ofertacular.com\/index.php\/wp-json\/wp\/v2\/store?post=5042"},{"taxonomy":"product_brand","embeddable":true,"href":"https:\/\/ofertacular.com\/index.php\/wp-json\/wp\/v2\/product_brand?post=5042"},{"taxonomy":"product_cat","embeddable":true,"href":"https:\/\/ofertacular.com\/index.php\/wp-json\/wp\/v2\/product_cat?post=5042"},{"taxonomy":"product_tag","embeddable":true,"href":"https:\/\/ofertacular.com\/index.php\/wp-json\/wp\/v2\/product_tag?post=5042"}],"curies":[{"name":"wp","href":"https:\/\/api.w.org\/{rel}","templated":true}]}}