{"id":5060,"date":"2025-04-30T17:12:46","date_gmt":"2025-04-30T15:12:46","guid":{"rendered":"https:\/\/ofertacular.com\/index.php\/producto\/cecotec-extractor\/"},"modified":"2025-04-30T17:12:46","modified_gmt":"2025-04-30T15:12:46","slug":"cecotec-extractor","status":"publish","type":"product","link":"https:\/\/ofertacular.com\/index.php\/producto\/cecotec-extractor\/","title":{"rendered":"Cecotec Extractor"},"content":{"rendered":"<div class=\"oferta-container\">\n<p>\ud83d\udfe5 <b>INCRE\u00cdBLE<\/b> \ud83d\udfe5 #Publicidad #Amazon #16<\/p>\n<p>\ud83d\udd34 <b>Extractor Cecotec <\/b><\/p>\n<p>\u2705 <b>AHORA 68.9 \u20ac<\/b> \u2714\ufe0f\ud83d\udfe1<\/p>\n<p>\u274c Antes 70.90 \u20ac<\/p>\n<p>\ud83d\uded2: <a href=\"https:\/\/btz.es\/4JREZV0\" target=\"_blank\" rel=\"nofollow noopener\">https:\/\/btz.es\/4JREZV0<\/a><\/p>\n<p>&#8211; Campana extractora de 60 cm de ancho. Acabado Inoxidable.<br \/>\n&#8211; Potencia de succi\u00f3n 350m3\/h. Potencia de motor 65W. Clase energ\u00e9tica B.<br \/>\n&#8211; Control mec\u00e1nico. 3 niveles de potencia.<br \/>\n&#8211; Filtro de carbono \u00d8106, ideal para eliminar humo y olores. Filtro de grasa de aluminio de 3 capas.<br \/>\n&#8211; Iluminaci\u00f3n LED.<\/p>\n<\/p><\/div>\n","protected":false},"excerpt":{"rendered":"<p>\ud83d\udfe5 INCRE\u00cdBLE \ud83d\udfe5 #Publicidad #Amazon #16 \ud83d\udd34 Extractor Cecotec \u2705 AHORA 68.9 \u20ac \u2714\ufe0f\ud83d\udfe1 \u274c Antes 70.90 \u20ac \ud83d\uded2: https:\/\/btz.es\/4JREZV0 &#8211; Campana extractora de 60 cm de ancho. Acabado Inoxidable. &#8211; Potencia de succi\u00f3n 350m3\/h. Potencia de motor 65W. Clase energ\u00e9tica B. &#8211; Control mec\u00e1nico. 3 niveles de potencia. &#8211; Filtro de carbono \u00d8106, ideal [&hellip;]<\/p>\n","protected":false},"featured_media":5059,"template":"","meta":{"_gspb_post_css":""},"store":[],"product_brand":[],"product_cat":[16],"product_tag":[],"class_list":{"0":"post-5060","1":"product","2":"type-product","3":"status-publish","4":"has-post-thumbnail","6":"product_cat-sin-categorizar","8":"first","9":"instock","10":"sale","11":"shipping-taxable","12":"product-type-external"},"jetpack_sharing_enabled":true,"_links":{"self":[{"href":"https:\/\/ofertacular.com\/index.php\/wp-json\/wp\/v2\/product\/5060","targetHints":{"allow":["GET"]}}],"collection":[{"href":"https:\/\/ofertacular.com\/index.php\/wp-json\/wp\/v2\/product"}],"about":[{"href":"https:\/\/ofertacular.com\/index.php\/wp-json\/wp\/v2\/types\/product"}],"wp:featuredmedia":[{"embeddable":true,"href":"https:\/\/ofertacular.com\/index.php\/wp-json\/wp\/v2\/media\/5059"}],"wp:attachment":[{"href":"https:\/\/ofertacular.com\/index.php\/wp-json\/wp\/v2\/media?parent=5060"}],"wp:term":[{"taxonomy":"store","embeddable":true,"href":"https:\/\/ofertacular.com\/index.php\/wp-json\/wp\/v2\/store?post=5060"},{"taxonomy":"product_brand","embeddable":true,"href":"https:\/\/ofertacular.com\/index.php\/wp-json\/wp\/v2\/product_brand?post=5060"},{"taxonomy":"product_cat","embeddable":true,"href":"https:\/\/ofertacular.com\/index.php\/wp-json\/wp\/v2\/product_cat?post=5060"},{"taxonomy":"product_tag","embeddable":true,"href":"https:\/\/ofertacular.com\/index.php\/wp-json\/wp\/v2\/product_tag?post=5060"}],"curies":[{"name":"wp","href":"https:\/\/api.w.org\/{rel}","templated":true}]}}