{"id":5072,"date":"2025-05-01T10:03:45","date_gmt":"2025-05-01T08:03:45","guid":{"rendered":"https:\/\/ofertacular.com\/index.php\/producto\/american-tourister-cabin\/"},"modified":"2025-05-01T10:03:45","modified_gmt":"2025-05-01T08:03:45","slug":"american-tourister-cabin","status":"publish","type":"product","link":"https:\/\/ofertacular.com\/index.php\/producto\/american-tourister-cabin\/","title":{"rendered":"American Tourister Cabin"},"content":{"rendered":"<div class=\"oferta-container\">\n<p>\ud83d\udfe5 <b>UNA GANGA<\/b> \ud83d\udfe5 #Publicidad #Amazon #16<\/p>\n<p>\ud83d\udd34 <b>Maleta Cabin <\/b><\/p>\n<p>\u2705 <b>AHORA 33.71 \u20ac<\/b> \u2714\ufe0f\ud83d\udfe1<\/p>\n<p>\u274c Antes 44.95 \u20ac<\/p>\n<p>\ud83d\uded2: <a href=\"https:\/\/btz.es\/4JVL5QW\" target=\"_blank\" rel=\"nofollow noopener\">https:\/\/btz.es\/4JVL5QW<\/a><\/p>\n<p>&#8211; Mochila submarina S para aviones, bolsa de cabina Ryanair equipaje de mano: 2 d\u00edas de viaje: 25 x 20 x 40 cm, 23 L, 0.50 kg<br \/>\n&#8211; M\u00faltiples compartimentos para una f\u00e1cil organizaci\u00f3n<br \/>\n&#8211; Adecuado a las dimensiones a bordo gratuitas de Ryanair mochila S, consulte con su compa\u00f1\u00eda a\u00e9rea antes de la salida si se aplican restricciones de tama\u00f1o y peso en la cabina<br \/>\n&#8211; Material interior y exterior fabricado a partir de botellas de PET recicladas con nuestra tecnolog\u00eda de materiales Recyclex<\/p>\n<\/p><\/div>\n","protected":false},"excerpt":{"rendered":"<p>\ud83d\udfe5 UNA GANGA \ud83d\udfe5 #Publicidad #Amazon #16 \ud83d\udd34 Maleta Cabin \u2705 AHORA 33.71 \u20ac \u2714\ufe0f\ud83d\udfe1 \u274c Antes 44.95 \u20ac \ud83d\uded2: https:\/\/btz.es\/4JVL5QW &#8211; Mochila submarina S para aviones, bolsa de cabina Ryanair equipaje de mano: 2 d\u00edas de viaje: 25 x 20 x 40 cm, 23 L, 0.50 kg &#8211; M\u00faltiples compartimentos para una f\u00e1cil organizaci\u00f3n [&hellip;]<\/p>\n","protected":false},"featured_media":5071,"template":"","meta":{"_gspb_post_css":""},"store":[],"product_brand":[],"product_cat":[16],"product_tag":[],"class_list":{"0":"post-5072","1":"product","2":"type-product","3":"status-publish","4":"has-post-thumbnail","6":"product_cat-sin-categorizar","8":"first","9":"instock","10":"sale","11":"shipping-taxable","12":"product-type-external"},"jetpack_sharing_enabled":true,"_links":{"self":[{"href":"https:\/\/ofertacular.com\/index.php\/wp-json\/wp\/v2\/product\/5072","targetHints":{"allow":["GET"]}}],"collection":[{"href":"https:\/\/ofertacular.com\/index.php\/wp-json\/wp\/v2\/product"}],"about":[{"href":"https:\/\/ofertacular.com\/index.php\/wp-json\/wp\/v2\/types\/product"}],"wp:featuredmedia":[{"embeddable":true,"href":"https:\/\/ofertacular.com\/index.php\/wp-json\/wp\/v2\/media\/5071"}],"wp:attachment":[{"href":"https:\/\/ofertacular.com\/index.php\/wp-json\/wp\/v2\/media?parent=5072"}],"wp:term":[{"taxonomy":"store","embeddable":true,"href":"https:\/\/ofertacular.com\/index.php\/wp-json\/wp\/v2\/store?post=5072"},{"taxonomy":"product_brand","embeddable":true,"href":"https:\/\/ofertacular.com\/index.php\/wp-json\/wp\/v2\/product_brand?post=5072"},{"taxonomy":"product_cat","embeddable":true,"href":"https:\/\/ofertacular.com\/index.php\/wp-json\/wp\/v2\/product_cat?post=5072"},{"taxonomy":"product_tag","embeddable":true,"href":"https:\/\/ofertacular.com\/index.php\/wp-json\/wp\/v2\/product_tag?post=5072"}],"curies":[{"name":"wp","href":"https:\/\/api.w.org\/{rel}","templated":true}]}}