{"id":5078,"date":"2025-05-01T10:06:33","date_gmt":"2025-05-01T08:06:33","guid":{"rendered":"https:\/\/ofertacular.com\/index.php\/producto\/super-glue\/"},"modified":"2025-05-01T10:06:33","modified_gmt":"2025-05-01T08:06:33","slug":"super-glue","status":"publish","type":"product","link":"https:\/\/ofertacular.com\/index.php\/producto\/super-glue\/","title":{"rendered":"Super Glue"},"content":{"rendered":"<div class=\"oferta-container\">\n<p>\ud83d\udfe5 <b>CHOLLAZO<\/b> \ud83d\udfe5 #Publicidad #Amazon #16<\/p>\n<p>\ud83d\udd34 <b>Pegamento R\u00e1pido <\/b><\/p>\n<p>\u2705 <b>AHORA 4.89 \u20ac<\/b> \u2714\ufe0f\ud83d\udfe1<\/p>\n<p>\u274c Antes 6.50 \u20ac<\/p>\n<p>\ud83d\uded2: <a href=\"https:\/\/btz.es\/4JVMnNK\" target=\"_blank\" rel=\"nofollow noopener\">https:\/\/btz.es\/4JVMnNK<\/a><\/p>\n<p>&#8211; Con solo una gota \u2013 Este pegamento l\u00edquido, transparente e instant\u00e1neo se aplica con tan solo una gota en superficies limpias y secas. Se seca en solo 3 segundos.<br \/>\n&#8211; Multimateriales \u2013 Loctite Super Glue-3 Original Mini Trio sirve como pegamento r\u00e1pido para metal, porcelana, pl\u00e1stico*, caucho, cuero*, madera y m\u00e1rmol.<br \/>\n&#8211; Antiobstrucci\u00f3n \u2013 Este pegamento fuerte, transparente e instant\u00e1neo tiene un tap\u00f3n antiobstrucci\u00f3n. Ideal para que tu adhesivo multiusos siempre est\u00e9 preparado.<br \/>\n&#8211; Triple resistencia \u2013 La nueva f\u00f3rmula del adhesivo impermeable con triple resistencia es resistente al agua y al lavavajillas, a los impactos, y a temperaturas extremas.<br \/>\n&#8211; Env\u00edo y detalles \u2013 Loctite Super Glue-3 Original Mini Trio, tubo de adhesivo universal l\u00edquido, muy resistente gracias a su nueva f\u00f3rmula transparente, 3&#215;1 g tubo, n.\u00ba art\u00edculo: 2229418<\/p>\n<\/p><\/div>\n","protected":false},"excerpt":{"rendered":"<p>\ud83d\udfe5 CHOLLAZO \ud83d\udfe5 #Publicidad #Amazon #16 \ud83d\udd34 Pegamento R\u00e1pido \u2705 AHORA 4.89 \u20ac \u2714\ufe0f\ud83d\udfe1 \u274c Antes 6.50 \u20ac \ud83d\uded2: https:\/\/btz.es\/4JVMnNK &#8211; Con solo una gota \u2013 Este pegamento l\u00edquido, transparente e instant\u00e1neo se aplica con tan solo una gota en superficies limpias y secas. Se seca en solo 3 segundos. &#8211; Multimateriales \u2013 Loctite Super [&hellip;]<\/p>\n","protected":false},"featured_media":5077,"template":"","meta":{"_gspb_post_css":""},"store":[],"product_brand":[],"product_cat":[16],"product_tag":[],"class_list":{"0":"post-5078","1":"product","2":"type-product","3":"status-publish","4":"has-post-thumbnail","6":"product_cat-sin-categorizar","8":"first","9":"instock","10":"sale","11":"shipping-taxable","12":"product-type-external"},"jetpack_sharing_enabled":true,"_links":{"self":[{"href":"https:\/\/ofertacular.com\/index.php\/wp-json\/wp\/v2\/product\/5078","targetHints":{"allow":["GET"]}}],"collection":[{"href":"https:\/\/ofertacular.com\/index.php\/wp-json\/wp\/v2\/product"}],"about":[{"href":"https:\/\/ofertacular.com\/index.php\/wp-json\/wp\/v2\/types\/product"}],"wp:featuredmedia":[{"embeddable":true,"href":"https:\/\/ofertacular.com\/index.php\/wp-json\/wp\/v2\/media\/5077"}],"wp:attachment":[{"href":"https:\/\/ofertacular.com\/index.php\/wp-json\/wp\/v2\/media?parent=5078"}],"wp:term":[{"taxonomy":"store","embeddable":true,"href":"https:\/\/ofertacular.com\/index.php\/wp-json\/wp\/v2\/store?post=5078"},{"taxonomy":"product_brand","embeddable":true,"href":"https:\/\/ofertacular.com\/index.php\/wp-json\/wp\/v2\/product_brand?post=5078"},{"taxonomy":"product_cat","embeddable":true,"href":"https:\/\/ofertacular.com\/index.php\/wp-json\/wp\/v2\/product_cat?post=5078"},{"taxonomy":"product_tag","embeddable":true,"href":"https:\/\/ofertacular.com\/index.php\/wp-json\/wp\/v2\/product_tag?post=5078"}],"curies":[{"name":"wp","href":"https:\/\/api.w.org\/{rel}","templated":true}]}}