{"id":5090,"date":"2025-05-01T11:57:44","date_gmt":"2025-05-01T09:57:44","guid":{"rendered":"https:\/\/ofertacular.com\/index.php\/producto\/lenovo-tablet-2\/"},"modified":"2025-05-01T11:57:44","modified_gmt":"2025-05-01T09:57:44","slug":"lenovo-tablet-2","status":"publish","type":"product","link":"https:\/\/ofertacular.com\/index.php\/producto\/lenovo-tablet-2\/","title":{"rendered":"Lenovo Tablet"},"content":{"rendered":"<div class=\"oferta-container\">\n<p>\ud83d\udfe5 <b>\u00a1GANGAZO!<\/b> \ud83d\udfe5 #Publicidad #Amazon #16<\/p>\n<p>\ud83d\udd34 <b>Tablet Lenovo <\/b><\/p>\n<p>\u2705 <b>AHORA 154 \u20ac<\/b> \u2714\ufe0f\ud83d\udfe1<\/p>\n<p>\u274c Antes 199.00 \u20ac<\/p>\n<p>\ud83d\uded2: <a href=\"https:\/\/btz.es\/4JWonsd\" target=\"_blank\" rel=\"nofollow noopener\">https:\/\/btz.es\/4JWonsd<\/a><\/p>\n<p>&#8211; Su pantalla t\u00e1ctil IPS de 10.61&#8243; 2K con 10 puntos multi-touch y resoluci\u00f3n de 2000 x 1200 px, te permite un manejo intuitivo y una navegaci\u00f3n fluida y n\u00edtida a trav\u00e9s de p\u00e1ginas web, aplicaciones y medios<br \/>\n&#8211; Sorpr\u00e9ndete con su procesador Qualcomm Snapdragon SDM680 de 8 n\u00facleos, 4GB de RAM y 64GB de capacidad, que hacen de la Tab M10 Plus 3ra Gen de Lenovo, una tablet adecuada para estudio o entretenimiento<br \/>\n&#8211; Bater\u00eda de larga duraci\u00f3n: La impresionante duraci\u00f3n de su bater\u00eda integrada de 7500mAh M\u00edn. \/ 7700mAh T\u00edp. te permite utilizar la tablet todo el d\u00eda, sin tener que depender constantemente de una fuente de alimentaci\u00f3n<br \/>\n&#8211; Gran conectividad: aprovecha su puerto USB-C 2.0 transferencia de datos y carga, disfruta de tu multimedia con el conector combinado para auriculares y micr\u00f3fono 3.5 mm, y permanece en l\u00ednea gracias a Wi-Fi 5<br \/>\n&#8211; Ll\u00e9vala a donde quieras: su dise\u00f1o delgado y peso liviano de 465 g te permite sostenerla c\u00f3modamente en una mano o llevarla en un bolsillo para acceder f\u00e1cilmente a tu informaci\u00f3n o entretenimiento<\/p>\n<\/p><\/div>\n","protected":false},"excerpt":{"rendered":"<p>\ud83d\udfe5 \u00a1GANGAZO! \ud83d\udfe5 #Publicidad #Amazon #16 \ud83d\udd34 Tablet Lenovo \u2705 AHORA 154 \u20ac \u2714\ufe0f\ud83d\udfe1 \u274c Antes 199.00 \u20ac \ud83d\uded2: https:\/\/btz.es\/4JWonsd &#8211; Su pantalla t\u00e1ctil IPS de 10.61&#8243; 2K con 10 puntos multi-touch y resoluci\u00f3n de 2000 x 1200 px, te permite un manejo intuitivo y una navegaci\u00f3n fluida y n\u00edtida a trav\u00e9s de p\u00e1ginas web, [&hellip;]<\/p>\n","protected":false},"featured_media":5089,"template":"","meta":{"_gspb_post_css":""},"store":[],"product_brand":[],"product_cat":[16],"product_tag":[],"class_list":{"0":"post-5090","1":"product","2":"type-product","3":"status-publish","4":"has-post-thumbnail","6":"product_cat-sin-categorizar","8":"first","9":"instock","10":"sale","11":"shipping-taxable","12":"product-type-external"},"jetpack_sharing_enabled":true,"_links":{"self":[{"href":"https:\/\/ofertacular.com\/index.php\/wp-json\/wp\/v2\/product\/5090","targetHints":{"allow":["GET"]}}],"collection":[{"href":"https:\/\/ofertacular.com\/index.php\/wp-json\/wp\/v2\/product"}],"about":[{"href":"https:\/\/ofertacular.com\/index.php\/wp-json\/wp\/v2\/types\/product"}],"wp:featuredmedia":[{"embeddable":true,"href":"https:\/\/ofertacular.com\/index.php\/wp-json\/wp\/v2\/media\/5089"}],"wp:attachment":[{"href":"https:\/\/ofertacular.com\/index.php\/wp-json\/wp\/v2\/media?parent=5090"}],"wp:term":[{"taxonomy":"store","embeddable":true,"href":"https:\/\/ofertacular.com\/index.php\/wp-json\/wp\/v2\/store?post=5090"},{"taxonomy":"product_brand","embeddable":true,"href":"https:\/\/ofertacular.com\/index.php\/wp-json\/wp\/v2\/product_brand?post=5090"},{"taxonomy":"product_cat","embeddable":true,"href":"https:\/\/ofertacular.com\/index.php\/wp-json\/wp\/v2\/product_cat?post=5090"},{"taxonomy":"product_tag","embeddable":true,"href":"https:\/\/ofertacular.com\/index.php\/wp-json\/wp\/v2\/product_tag?post=5090"}],"curies":[{"name":"wp","href":"https:\/\/api.w.org\/{rel}","templated":true}]}}