{"id":5094,"date":"2025-05-02T09:03:16","date_gmt":"2025-05-02T07:03:16","guid":{"rendered":"https:\/\/ofertacular.com\/index.php\/producto\/bebeconfort-rainbow\/"},"modified":"2025-05-02T09:03:16","modified_gmt":"2025-05-02T07:03:16","slug":"bebeconfort-rainbow","status":"publish","type":"product","link":"https:\/\/ofertacular.com\/index.php\/producto\/bebeconfort-rainbow\/","title":{"rendered":"Bebeconfort Rainbow"},"content":{"rendered":"<div class=\"oferta-container\">\n<p>\ud83d\udfe5 <b>AHORRA AQU\u00cd<\/b> \ud83d\udfe5 #Publicidad #Amazon #16<\/p>\n<p>\ud83d\udd34 <b>Silla paseo <\/b><\/p>\n<p>\u2705 <b>AHORA 61.11 \u20ac<\/b> \u2714\ufe0f\ud83d\udfe1<\/p>\n<p>\u274c Antes 89.99 \u20ac<\/p>\n<p>\ud83d\uded2: <a href=\"https:\/\/btz.es\/4KbwO9f\" target=\"_blank\" rel=\"nofollow noopener\">https:\/\/btz.es\/4KbwO9f<\/a><\/p>\n<p>&#8211; SILLA DE PASEO LIGERA Y COMPACTA para ni\u00f1os desde 6 meses aprobados hasta 22 kg aprox. 4 a\u00f1os<br \/>\n&#8211; SILLA DE PASEO RECLINABLE en varias posiciones, con asiento ancho y acolchado, reposapiernas regulable para garantizar la posici\u00f3n m\u00e1s c\u00f3moda para el ni\u00f1o<br \/>\n&#8211; SILLA PASEO COMPACTA Y PLEGABLE con sistema de plegado f\u00e1cil y compacto, con cierre autom\u00e1tico, f\u00e1cil de guardar en el maletero del coche cuando no se utiliza dimensiones cerrado: 105x27x19 cm<br \/>\n&#8211; COMODIDAD: Ruedas delanteras fijas o giratorias y asas ergon\u00f3micas para una f\u00e1cil maniobrabilidad<br \/>\n&#8211; COCHECITO DE VIAJE: Gracias a su peso ligero de 6,6 kg, a su pr\u00e1ctico sistema de plegado y a su tama\u00f1o compacto, es el compa\u00f1ero de viaje ideal con el que podr\u00e1s desplazarte sin esfuerzo<\/p>\n<\/p><\/div>\n","protected":false},"excerpt":{"rendered":"<p>\ud83d\udfe5 AHORRA AQU\u00cd \ud83d\udfe5 #Publicidad #Amazon #16 \ud83d\udd34 Silla paseo \u2705 AHORA 61.11 \u20ac \u2714\ufe0f\ud83d\udfe1 \u274c Antes 89.99 \u20ac \ud83d\uded2: https:\/\/btz.es\/4KbwO9f &#8211; SILLA DE PASEO LIGERA Y COMPACTA para ni\u00f1os desde 6 meses aprobados hasta 22 kg aprox. 4 a\u00f1os &#8211; SILLA DE PASEO RECLINABLE en varias posiciones, con asiento ancho y acolchado, reposapiernas regulable [&hellip;]<\/p>\n","protected":false},"featured_media":5093,"template":"","meta":{"_gspb_post_css":""},"store":[],"product_brand":[],"product_cat":[16],"product_tag":[],"class_list":{"0":"post-5094","1":"product","2":"type-product","3":"status-publish","4":"has-post-thumbnail","6":"product_cat-sin-categorizar","8":"first","9":"instock","10":"sale","11":"shipping-taxable","12":"product-type-external"},"jetpack_sharing_enabled":true,"_links":{"self":[{"href":"https:\/\/ofertacular.com\/index.php\/wp-json\/wp\/v2\/product\/5094","targetHints":{"allow":["GET"]}}],"collection":[{"href":"https:\/\/ofertacular.com\/index.php\/wp-json\/wp\/v2\/product"}],"about":[{"href":"https:\/\/ofertacular.com\/index.php\/wp-json\/wp\/v2\/types\/product"}],"wp:featuredmedia":[{"embeddable":true,"href":"https:\/\/ofertacular.com\/index.php\/wp-json\/wp\/v2\/media\/5093"}],"wp:attachment":[{"href":"https:\/\/ofertacular.com\/index.php\/wp-json\/wp\/v2\/media?parent=5094"}],"wp:term":[{"taxonomy":"store","embeddable":true,"href":"https:\/\/ofertacular.com\/index.php\/wp-json\/wp\/v2\/store?post=5094"},{"taxonomy":"product_brand","embeddable":true,"href":"https:\/\/ofertacular.com\/index.php\/wp-json\/wp\/v2\/product_brand?post=5094"},{"taxonomy":"product_cat","embeddable":true,"href":"https:\/\/ofertacular.com\/index.php\/wp-json\/wp\/v2\/product_cat?post=5094"},{"taxonomy":"product_tag","embeddable":true,"href":"https:\/\/ofertacular.com\/index.php\/wp-json\/wp\/v2\/product_tag?post=5094"}],"curies":[{"name":"wp","href":"https:\/\/api.w.org\/{rel}","templated":true}]}}