{"id":5104,"date":"2025-05-03T11:17:51","date_gmt":"2025-05-03T09:17:51","guid":{"rendered":"https:\/\/ofertacular.com\/index.php\/producto\/ea-sports-2\/"},"modified":"2025-05-03T11:17:51","modified_gmt":"2025-05-03T09:17:51","slug":"ea-sports-2","status":"publish","type":"product","link":"https:\/\/ofertacular.com\/index.php\/producto\/ea-sports-2\/","title":{"rendered":"EA SPORTS"},"content":{"rendered":"<div class=\"oferta-container\">\n<p>\ud83d\udfe5 <b>REBAJA<\/b> \ud83d\udfe5 #Publicidad #Amazon #16<\/p>\n<p>\ud83d\udd34 <b>Videojuego deportivo <\/b><\/p>\n<p>\u2705 <b>AHORA 26.9 \u20ac<\/b> \u2714\ufe0f\ud83d\udfe1<\/p>\n<p>\u274c Antes 40.00 \u20ac<\/p>\n<p>\ud83d\uded2: <a href=\"https:\/\/btz.es\/4KhLnTW\" target=\"_blank\" rel=\"nofollow noopener\">https:\/\/btz.es\/4KhLnTW<\/a><\/p>\n<p>&#8211; Este videojuego es el principal juego de f\u00fatbol del mundo; La Edici\u00f3n Est\u00e1ndar contiene el juego completo de FC 25<br \/>\n&#8211; EA SPORTS FC 25 tiene a los y las mejores futbolistas de los clubes y competiciones m\u00e1s importantes de todo el mundo; Los datos de partidos de las mejores ligas del mundo determinan como se mueven, como juegan y como ganan en cada partido<br \/>\n&#8211; En Football Ultimate Team Rush, crea tu plantilla de ensue\u00f1o de cinco futbolistas con un m\u00e1ximo de tres colegas, quienes controlar\u00e1n a su art\u00edculo de futbolista favorito, o enfr\u00e9ntate a clubes de todo el mundo en Rush de Clubes<br \/>\n&#8211; Logra que tu equipo se convierta en el mejor del mundo con FC IQ; La renovaci\u00f3n de los fundamentos t\u00e1cticos dentro del juego ofrece un mayor control estrat\u00e9gico y movimientos colectivos m\u00e1s realistas con cada equipo<br \/>\n&#8211; Por primera vez, disfruta de una experiencia aut\u00e9ntica en Carrera femenina, en la que tomar\u00e1s el control de un club o jugadora de las cinco mejores ligas femeninas<\/p>\n<\/p><\/div>\n","protected":false},"excerpt":{"rendered":"<p>\ud83d\udfe5 REBAJA \ud83d\udfe5 #Publicidad #Amazon #16 \ud83d\udd34 Videojuego deportivo \u2705 AHORA 26.9 \u20ac \u2714\ufe0f\ud83d\udfe1 \u274c Antes 40.00 \u20ac \ud83d\uded2: https:\/\/btz.es\/4KhLnTW &#8211; Este videojuego es el principal juego de f\u00fatbol del mundo; La Edici\u00f3n Est\u00e1ndar contiene el juego completo de FC 25 &#8211; EA SPORTS FC 25 tiene a los y las mejores futbolistas de los [&hellip;]<\/p>\n","protected":false},"featured_media":5103,"template":"","meta":{"_gspb_post_css":""},"store":[],"product_brand":[],"product_cat":[16],"product_tag":[],"class_list":{"0":"post-5104","1":"product","2":"type-product","3":"status-publish","4":"has-post-thumbnail","6":"product_cat-sin-categorizar","8":"first","9":"instock","10":"sale","11":"shipping-taxable","12":"product-type-external"},"jetpack_sharing_enabled":true,"_links":{"self":[{"href":"https:\/\/ofertacular.com\/index.php\/wp-json\/wp\/v2\/product\/5104","targetHints":{"allow":["GET"]}}],"collection":[{"href":"https:\/\/ofertacular.com\/index.php\/wp-json\/wp\/v2\/product"}],"about":[{"href":"https:\/\/ofertacular.com\/index.php\/wp-json\/wp\/v2\/types\/product"}],"wp:featuredmedia":[{"embeddable":true,"href":"https:\/\/ofertacular.com\/index.php\/wp-json\/wp\/v2\/media\/5103"}],"wp:attachment":[{"href":"https:\/\/ofertacular.com\/index.php\/wp-json\/wp\/v2\/media?parent=5104"}],"wp:term":[{"taxonomy":"store","embeddable":true,"href":"https:\/\/ofertacular.com\/index.php\/wp-json\/wp\/v2\/store?post=5104"},{"taxonomy":"product_brand","embeddable":true,"href":"https:\/\/ofertacular.com\/index.php\/wp-json\/wp\/v2\/product_brand?post=5104"},{"taxonomy":"product_cat","embeddable":true,"href":"https:\/\/ofertacular.com\/index.php\/wp-json\/wp\/v2\/product_cat?post=5104"},{"taxonomy":"product_tag","embeddable":true,"href":"https:\/\/ofertacular.com\/index.php\/wp-json\/wp\/v2\/product_tag?post=5104"}],"curies":[{"name":"wp","href":"https:\/\/api.w.org\/{rel}","templated":true}]}}