{"id":5112,"date":"2025-05-04T09:05:41","date_gmt":"2025-05-04T07:05:41","guid":{"rendered":"https:\/\/ofertacular.com\/index.php\/producto\/bic-boligrafos\/"},"modified":"2025-05-04T09:05:41","modified_gmt":"2025-05-04T07:05:41","slug":"bic-boligrafos","status":"publish","type":"product","link":"https:\/\/ofertacular.com\/index.php\/producto\/bic-boligrafos\/","title":{"rendered":"BIC Bol\u00edgrafos"},"content":{"rendered":"<div class=\"oferta-container\">\n<p>\ud83d\udfe5 <b>INCRE\u00cdBLE<\/b> \ud83d\udfe5 #Publicidad #Amazon #16<\/p>\n<p>\ud83d\udd34 <b>Bol\u00edgrafos BIC <\/b><\/p>\n<p>\u2705 <b>AHORA 4.33 \u20ac<\/b> \u2714\ufe0f\ud83d\udfe1<\/p>\n<p>\u274c Antes 5.75 \u20ac<\/p>\n<p>\ud83d\uded2: <a href=\"https:\/\/btz.es\/4Kne3CU\" target=\"_blank\" rel=\"nofollow noopener\">https:\/\/btz.es\/4Kne3CU<\/a><\/p>\n<p>&#8211; El bol\u00ed BIC Cristal Soft cuenta con el sistema Easy Glide, que ofrece una escritura hasta un 35% m\u00e1s fluida que la de otros bolis BIC<br \/>\n&#8211; Est\u00e1 equipado con una punta media de 1,2 mm que traza l\u00edneas con un grosor medio de 0,35 mm, para que escribas con toda libertad<br \/>\n&#8211; Su dise\u00f1o hexagonal es un icono de la marca: un aut\u00e9ntico BIC de principio a fin<br \/>\n&#8211; Cuenta con el cl\u00e1sico cuerpo azul cielo con el capuch\u00f3n y el tap\u00f3n a juego con el azul de la tinta<br \/>\n&#8211; Blister de 10 Unidades<\/p>\n<\/p><\/div>\n","protected":false},"excerpt":{"rendered":"<p>\ud83d\udfe5 INCRE\u00cdBLE \ud83d\udfe5 #Publicidad #Amazon #16 \ud83d\udd34 Bol\u00edgrafos BIC \u2705 AHORA 4.33 \u20ac \u2714\ufe0f\ud83d\udfe1 \u274c Antes 5.75 \u20ac \ud83d\uded2: https:\/\/btz.es\/4Kne3CU &#8211; El bol\u00ed BIC Cristal Soft cuenta con el sistema Easy Glide, que ofrece una escritura hasta un 35% m\u00e1s fluida que la de otros bolis BIC &#8211; Est\u00e1 equipado con una punta media de [&hellip;]<\/p>\n","protected":false},"featured_media":5111,"template":"","meta":{"_gspb_post_css":""},"store":[],"product_brand":[],"product_cat":[16],"product_tag":[],"class_list":{"0":"post-5112","1":"product","2":"type-product","3":"status-publish","4":"has-post-thumbnail","6":"product_cat-sin-categorizar","8":"first","9":"instock","10":"sale","11":"shipping-taxable","12":"product-type-external"},"jetpack_sharing_enabled":true,"_links":{"self":[{"href":"https:\/\/ofertacular.com\/index.php\/wp-json\/wp\/v2\/product\/5112","targetHints":{"allow":["GET"]}}],"collection":[{"href":"https:\/\/ofertacular.com\/index.php\/wp-json\/wp\/v2\/product"}],"about":[{"href":"https:\/\/ofertacular.com\/index.php\/wp-json\/wp\/v2\/types\/product"}],"wp:featuredmedia":[{"embeddable":true,"href":"https:\/\/ofertacular.com\/index.php\/wp-json\/wp\/v2\/media\/5111"}],"wp:attachment":[{"href":"https:\/\/ofertacular.com\/index.php\/wp-json\/wp\/v2\/media?parent=5112"}],"wp:term":[{"taxonomy":"store","embeddable":true,"href":"https:\/\/ofertacular.com\/index.php\/wp-json\/wp\/v2\/store?post=5112"},{"taxonomy":"product_brand","embeddable":true,"href":"https:\/\/ofertacular.com\/index.php\/wp-json\/wp\/v2\/product_brand?post=5112"},{"taxonomy":"product_cat","embeddable":true,"href":"https:\/\/ofertacular.com\/index.php\/wp-json\/wp\/v2\/product_cat?post=5112"},{"taxonomy":"product_tag","embeddable":true,"href":"https:\/\/ofertacular.com\/index.php\/wp-json\/wp\/v2\/product_tag?post=5112"}],"curies":[{"name":"wp","href":"https:\/\/api.w.org\/{rel}","templated":true}]}}