{"id":5118,"date":"2025-05-04T09:21:10","date_gmt":"2025-05-04T07:21:10","guid":{"rendered":"https:\/\/ofertacular.com\/index.php\/producto\/cecotec-extractor-2\/"},"modified":"2025-05-04T09:21:10","modified_gmt":"2025-05-04T07:21:10","slug":"cecotec-extractor-2","status":"publish","type":"product","link":"https:\/\/ofertacular.com\/index.php\/producto\/cecotec-extractor-2\/","title":{"rendered":"Cecotec Extractor"},"content":{"rendered":"<div class=\"oferta-container\">\n<p>\ud83d\udfe5 <b>GRAN OFERTA<\/b> \ud83d\udfe5 #Publicidad #Amazon #16<\/p>\n<p>\ud83d\udd34 <b>Extractor Cecotec <\/b><\/p>\n<p>\u2705 <b>AHORA 49.9 \u20ac<\/b> \u2714\ufe0f\ud83d\udfe1<\/p>\n<p>\u274c Antes 74.90 \u20ac<\/p>\n<p>\ud83d\uded2: <a href=\"https:\/\/btz.es\/4Knixdy\" target=\"_blank\" rel=\"nofollow noopener\">https:\/\/btz.es\/4Knixdy<\/a><\/p>\n<p>&#8211; Amplia campana extractora: disfruta de los 60 cm de ancho de la campana. Dise\u00f1o innovador: la campana dispone de unos acabados superficiales en color negro que aportar\u00e1n un dise\u00f1o minimalista a tu cocina.<br \/>\n&#8211; Fuerte potencia de succi\u00f3n: la campana extractora est\u00e1 dotada de una potencia de succi\u00f3n de 220 m\u00b3\/h que eliminar\u00e1 los malos olores de tu cocina. Muy potente: los 70 W del motor de la campana extractora te permitir\u00e1n mejorar la calidad del aire y mantener tu cocina limpia en todo momento.<br \/>\n&#8211; Clase energ\u00e9tica B: alto rendimiento con un consumo reducido.<br \/>\n&#8211; 3 niveles de potencia y luz: ajusta el funcionamiento de tu campana gracias a sus 3 niveles de potencia e ilumina tus platos con su luz.<br \/>\n&#8211; Control mec\u00e1nico: f\u00e1cil y c\u00f3moda de usar.<\/p>\n<\/p><\/div>\n","protected":false},"excerpt":{"rendered":"<p>\ud83d\udfe5 GRAN OFERTA \ud83d\udfe5 #Publicidad #Amazon #16 \ud83d\udd34 Extractor Cecotec \u2705 AHORA 49.9 \u20ac \u2714\ufe0f\ud83d\udfe1 \u274c Antes 74.90 \u20ac \ud83d\uded2: https:\/\/btz.es\/4Knixdy &#8211; Amplia campana extractora: disfruta de los 60 cm de ancho de la campana. Dise\u00f1o innovador: la campana dispone de unos acabados superficiales en color negro que aportar\u00e1n un dise\u00f1o minimalista a tu cocina. [&hellip;]<\/p>\n","protected":false},"featured_media":5117,"template":"","meta":{"_gspb_post_css":""},"store":[],"product_brand":[],"product_cat":[16],"product_tag":[],"class_list":{"0":"post-5118","1":"product","2":"type-product","3":"status-publish","4":"has-post-thumbnail","6":"product_cat-sin-categorizar","8":"first","9":"instock","10":"sale","11":"shipping-taxable","12":"product-type-external"},"jetpack_sharing_enabled":true,"_links":{"self":[{"href":"https:\/\/ofertacular.com\/index.php\/wp-json\/wp\/v2\/product\/5118","targetHints":{"allow":["GET"]}}],"collection":[{"href":"https:\/\/ofertacular.com\/index.php\/wp-json\/wp\/v2\/product"}],"about":[{"href":"https:\/\/ofertacular.com\/index.php\/wp-json\/wp\/v2\/types\/product"}],"wp:featuredmedia":[{"embeddable":true,"href":"https:\/\/ofertacular.com\/index.php\/wp-json\/wp\/v2\/media\/5117"}],"wp:attachment":[{"href":"https:\/\/ofertacular.com\/index.php\/wp-json\/wp\/v2\/media?parent=5118"}],"wp:term":[{"taxonomy":"store","embeddable":true,"href":"https:\/\/ofertacular.com\/index.php\/wp-json\/wp\/v2\/store?post=5118"},{"taxonomy":"product_brand","embeddable":true,"href":"https:\/\/ofertacular.com\/index.php\/wp-json\/wp\/v2\/product_brand?post=5118"},{"taxonomy":"product_cat","embeddable":true,"href":"https:\/\/ofertacular.com\/index.php\/wp-json\/wp\/v2\/product_cat?post=5118"},{"taxonomy":"product_tag","embeddable":true,"href":"https:\/\/ofertacular.com\/index.php\/wp-json\/wp\/v2\/product_tag?post=5118"}],"curies":[{"name":"wp","href":"https:\/\/api.w.org\/{rel}","templated":true}]}}