{"id":5120,"date":"2025-05-04T09:21:50","date_gmt":"2025-05-04T07:21:50","guid":{"rendered":"https:\/\/ofertacular.com\/index.php\/producto\/philips-centro\/"},"modified":"2025-05-04T09:21:50","modified_gmt":"2025-05-04T07:21:50","slug":"philips-centro","status":"publish","type":"product","link":"https:\/\/ofertacular.com\/index.php\/producto\/philips-centro\/","title":{"rendered":"Philips Centro"},"content":{"rendered":"<div class=\"oferta-container\">\n<p>\ud83d\udfe5 <b>REBAJA<\/b> \ud83d\udfe5 #Publicidad #Amazon #16<\/p>\n<p>\ud83d\udd34 <b>Centro Philips <\/b><\/p>\n<p>\u2705 <b>AHORA 89 \u20ac<\/b> \u2714\ufe0f\ud83d\udfe1<\/p>\n<p>\u274c Antes 169.99 \u20ac<\/p>\n<p>\ud83d\uded2: <a href=\"https:\/\/btz.es\/4Kni7DW\" target=\"_blank\" rel=\"nofollow noopener\">https:\/\/btz.es\/4Kni7DW<\/a><\/p>\n<p>&#8211; Plancha desde vaqueros a prendas de seda, sin necesidad de cambiar el ajuste de temperatura con OptimalTemp<br \/>\n&#8211; Plancha con potente chorro de vapor de hasta 120 g\/min y 400 g para eliminar las arrugas de forma definitiva<br \/>\n&#8211; Sistema de eliminaci\u00f3n de la cal f\u00e1cil y eficiente, Calc-Clean incluido<br \/>\n&#8211; Suela SteamGlide suave y resistente a los ara\u00f1azos para disfrutar de un deslizamiento f\u00e1cil<br \/>\n&#8211; Dep\u00f3sito de agua de 1.5 l que permite 1.5 horas de uso continuo y f\u00e1cil de llenar<br \/>\n&#8211; Desconexi\u00f3n autom\u00e1tica para aumentar la seguridad y el ahorro de energ\u00eda<\/p>\n<\/p><\/div>\n","protected":false},"excerpt":{"rendered":"<p>\ud83d\udfe5 REBAJA \ud83d\udfe5 #Publicidad #Amazon #16 \ud83d\udd34 Centro Philips \u2705 AHORA 89 \u20ac \u2714\ufe0f\ud83d\udfe1 \u274c Antes 169.99 \u20ac \ud83d\uded2: https:\/\/btz.es\/4Kni7DW &#8211; Plancha desde vaqueros a prendas de seda, sin necesidad de cambiar el ajuste de temperatura con OptimalTemp &#8211; Plancha con potente chorro de vapor de hasta 120 g\/min y 400 g para eliminar las [&hellip;]<\/p>\n","protected":false},"featured_media":5119,"template":"","meta":{"_gspb_post_css":""},"store":[],"product_brand":[],"product_cat":[16],"product_tag":[],"class_list":{"0":"post-5120","1":"product","2":"type-product","3":"status-publish","4":"has-post-thumbnail","6":"product_cat-sin-categorizar","8":"first","9":"instock","10":"sale","11":"shipping-taxable","12":"product-type-external"},"jetpack_sharing_enabled":true,"_links":{"self":[{"href":"https:\/\/ofertacular.com\/index.php\/wp-json\/wp\/v2\/product\/5120","targetHints":{"allow":["GET"]}}],"collection":[{"href":"https:\/\/ofertacular.com\/index.php\/wp-json\/wp\/v2\/product"}],"about":[{"href":"https:\/\/ofertacular.com\/index.php\/wp-json\/wp\/v2\/types\/product"}],"wp:featuredmedia":[{"embeddable":true,"href":"https:\/\/ofertacular.com\/index.php\/wp-json\/wp\/v2\/media\/5119"}],"wp:attachment":[{"href":"https:\/\/ofertacular.com\/index.php\/wp-json\/wp\/v2\/media?parent=5120"}],"wp:term":[{"taxonomy":"store","embeddable":true,"href":"https:\/\/ofertacular.com\/index.php\/wp-json\/wp\/v2\/store?post=5120"},{"taxonomy":"product_brand","embeddable":true,"href":"https:\/\/ofertacular.com\/index.php\/wp-json\/wp\/v2\/product_brand?post=5120"},{"taxonomy":"product_cat","embeddable":true,"href":"https:\/\/ofertacular.com\/index.php\/wp-json\/wp\/v2\/product_cat?post=5120"},{"taxonomy":"product_tag","embeddable":true,"href":"https:\/\/ofertacular.com\/index.php\/wp-json\/wp\/v2\/product_tag?post=5120"}],"curies":[{"name":"wp","href":"https:\/\/api.w.org\/{rel}","templated":true}]}}