{"id":5130,"date":"2025-05-04T09:38:46","date_gmt":"2025-05-04T07:38:46","guid":{"rendered":"https:\/\/ofertacular.com\/index.php\/producto\/banador-rapido\/"},"modified":"2025-05-04T09:38:46","modified_gmt":"2025-05-04T07:38:46","slug":"banador-rapido","status":"publish","type":"product","link":"https:\/\/ofertacular.com\/index.php\/producto\/banador-rapido\/","title":{"rendered":"Ba\u00f1ador R\u00e1pido"},"content":{"rendered":"<div class=\"oferta-container\">\n<p>\ud83d\udfe5 <b>\u00a1APROVECHA!<\/b> \ud83d\udfe5 #Publicidad #Amazon #16<\/p>\n<p>\ud83d\udd34 <b>Ba\u00f1ador r\u00e1pido <\/b><\/p>\n<p>\u2705 <b>AHORA 11.29 \u20ac<\/b> \u2714\ufe0f\ud83d\udfe1<\/p>\n<p>\u274c Antes <\/p>\n<p>\ud83d\uded2: <a href=\"https:\/\/btz.es\/4KnmNRU\" target=\"_blank\" rel=\"nofollow noopener\">https:\/\/btz.es\/4KnmNRU<\/a><\/p>\n<p>&#8211; AJUSTE: Ajuste c\u00f3modo en la cadera y el muslo, con pierna recta. Queda por debajo de la cintura.<br \/>\n&#8211; TEJIDO PERFORMANCE: Ligero tejido de ba\u00f1ador, transpirable y de secado r\u00e1pido.<br \/>\n&#8211; BA\u00d1ADOR DE 18 CM DE LARGO: Estos pantalones cortos de ba\u00f1o de secado r\u00e1pido est\u00e1n dise\u00f1ados para ofrecer rendimiento y comodidad durante todo el d\u00eda bajo el sol.<br \/>\n&#8211; DETALLES: Este ba\u00f1ador corto de ajuste normal tiene un forro suave de rejilla. Cuenta con cintura el\u00e1stica y cierre de cord\u00f3n para que encuentres el ajuste perfecto. Bolsillos laterales y un \u00fanico bolsillo trasero con cierre con velcro para que tenga lo imprescindible siempre a mano.<br \/>\n&#8211; TIRO DEL PANTAL\u00d3N: La talla M mide 17,8 cm.<\/p>\n<\/p><\/div>\n","protected":false},"excerpt":{"rendered":"<p>\ud83d\udfe5 \u00a1APROVECHA! \ud83d\udfe5 #Publicidad #Amazon #16 \ud83d\udd34 Ba\u00f1ador r\u00e1pido \u2705 AHORA 11.29 \u20ac \u2714\ufe0f\ud83d\udfe1 \u274c Antes \ud83d\uded2: https:\/\/btz.es\/4KnmNRU &#8211; AJUSTE: Ajuste c\u00f3modo en la cadera y el muslo, con pierna recta. Queda por debajo de la cintura. &#8211; TEJIDO PERFORMANCE: Ligero tejido de ba\u00f1ador, transpirable y de secado r\u00e1pido. &#8211; BA\u00d1ADOR DE 18 CM DE [&hellip;]<\/p>\n","protected":false},"featured_media":5129,"template":"","meta":{"_gspb_post_css":""},"store":[],"product_brand":[],"product_cat":[16],"product_tag":[],"class_list":{"0":"post-5130","1":"product","2":"type-product","3":"status-publish","4":"has-post-thumbnail","6":"product_cat-sin-categorizar","8":"first","9":"instock","10":"shipping-taxable","11":"product-type-external"},"jetpack_sharing_enabled":true,"_links":{"self":[{"href":"https:\/\/ofertacular.com\/index.php\/wp-json\/wp\/v2\/product\/5130","targetHints":{"allow":["GET"]}}],"collection":[{"href":"https:\/\/ofertacular.com\/index.php\/wp-json\/wp\/v2\/product"}],"about":[{"href":"https:\/\/ofertacular.com\/index.php\/wp-json\/wp\/v2\/types\/product"}],"wp:featuredmedia":[{"embeddable":true,"href":"https:\/\/ofertacular.com\/index.php\/wp-json\/wp\/v2\/media\/5129"}],"wp:attachment":[{"href":"https:\/\/ofertacular.com\/index.php\/wp-json\/wp\/v2\/media?parent=5130"}],"wp:term":[{"taxonomy":"store","embeddable":true,"href":"https:\/\/ofertacular.com\/index.php\/wp-json\/wp\/v2\/store?post=5130"},{"taxonomy":"product_brand","embeddable":true,"href":"https:\/\/ofertacular.com\/index.php\/wp-json\/wp\/v2\/product_brand?post=5130"},{"taxonomy":"product_cat","embeddable":true,"href":"https:\/\/ofertacular.com\/index.php\/wp-json\/wp\/v2\/product_cat?post=5130"},{"taxonomy":"product_tag","embeddable":true,"href":"https:\/\/ofertacular.com\/index.php\/wp-json\/wp\/v2\/product_tag?post=5130"}],"curies":[{"name":"wp","href":"https:\/\/api.w.org\/{rel}","templated":true}]}}